{"id":7207,"date":"2020-01-20T06:58:55","date_gmt":"2020-01-20T06:58:55","guid":{"rendered":"https:\/\/www.kaskaloglu.com\/gallery\/"},"modified":"2020-08-12T00:35:12","modified_gmt":"2020-08-11T21:35:12","slug":"fotogalereya","status":"publish","type":"page","link":"https:\/\/www.kaskaloglu.com\/ru\/fotogalereya\/","title":{"rendered":"\u0424\u043e\u0442\u043e\u0433\u0430\u043b\u0435\u0440\u0435\u044f"},"content":{"rendered":"\t\t<div data-elementor-type=\"wp-page\" data-elementor-id=\"7207\" class=\"elementor elementor-7207 elementor-2406\" data-elementor-post-type=\"page\">\n\t\t\t\t\t\t<section class=\"elementor-section elementor-top-section elementor-element elementor-element-4c8138f mainhead elementor-section-boxed elementor-section-height-default elementor-section-height-default wpr-particle-no wpr-jarallax-no wpr-parallax-no wpr-sticky-section-no\" data-id=\"4c8138f\" data-element_type=\"section\" data-e-type=\"section\" data-settings=\"{&quot;background_background&quot;:&quot;classic&quot;}\">\n\t\t\t\t\t\t\t<div class=\"elementor-background-overlay\"><\/div>\n\t\t\t\t\t\t\t<div class=\"elementor-container elementor-column-gap-default\">\n\t\t\t\t\t<div class=\"elementor-column elementor-col-100 elementor-top-column elementor-element elementor-element-924d89b\" data-id=\"924d89b\" data-element_type=\"column\" data-e-type=\"column\">\n\t\t\t<div class=\"elementor-widget-wrap elementor-element-populated\">\n\t\t\t\t\t\t<div class=\"elementor-element elementor-element-323bbfd elementor-widget elementor-widget-heading\" data-id=\"323bbfd\" data-element_type=\"widget\" data-e-type=\"widget\" data-widget_type=\"heading.default\">\n\t\t\t\t<div class=\"elementor-widget-container\">\n\t\t\t\t\t<h1 class=\"elementor-heading-title elementor-size-default\">\u0424\u043e\u0442\u043e\u0433\u0430\u043b\u0435\u0440\u0435\u044f<\/h1>\t\t\t\t<\/div>\n\t\t\t\t<\/div>\n\t\t\t\t<div class=\"elementor-element elementor-element-6ce9e19 elementor-widget elementor-widget-heading\" data-id=\"6ce9e19\" data-element_type=\"widget\" data-e-type=\"widget\" data-widget_type=\"heading.default\">\n\t\t\t\t<div class=\"elementor-widget-container\">\n\t\t\t\t\t<h1 class=\"elementor-heading-title elementor-size-default\">Ka\u015fkalo\u011flu Izmir Eye Hospital<\/h1>\t\t\t\t<\/div>\n\t\t\t\t<\/div>\n\t\t\t\t<div class=\"elementor-element elementor-element-8febe7a elementor-widget-divider--view-line elementor-widget elementor-widget-divider\" data-id=\"8febe7a\" data-element_type=\"widget\" data-e-type=\"widget\" data-widget_type=\"divider.default\">\n\t\t\t\t<div class=\"elementor-widget-container\">\n\t\t\t\t\t\t\t<div class=\"elementor-divider\">\n\t\t\t<span class=\"elementor-divider-separator\">\n\t\t\t\t\t\t<\/span>\n\t\t<\/div>\n\t\t\t\t\t\t<\/div>\n\t\t\t\t<\/div>\n\t\t\t\t\t<\/div>\n\t\t<\/div>\n\t\t\t\t\t<\/div>\n\t\t<\/section>\n\t\t\t\t<section class=\"elementor-section elementor-top-section elementor-element elementor-element-91c2508 elementor-section-boxed elementor-section-height-default elementor-section-height-default wpr-particle-no wpr-jarallax-no wpr-parallax-no wpr-sticky-section-no\" data-id=\"91c2508\" data-element_type=\"section\" data-e-type=\"section\">\n\t\t\t\t\t\t<div class=\"elementor-container elementor-column-gap-default\">\n\t\t\t\t\t<div class=\"elementor-column elementor-col-100 elementor-top-column elementor-element elementor-element-b76d62b\" data-id=\"b76d62b\" data-element_type=\"column\" data-e-type=\"column\">\n\t\t\t<div class=\"elementor-widget-wrap elementor-element-populated\">\n\t\t\t\t\t\t<div class=\"elementor-element elementor-element-fa9657b gallery-spacing-custom elementor-widget elementor-widget-image-gallery\" data-id=\"fa9657b\" data-element_type=\"widget\" data-e-type=\"widget\" data-widget_type=\"image-gallery.default\">\n\t\t\t\t<div class=\"elementor-widget-container\">\n\t\t\t\t\t\t\t<div class=\"elementor-image-gallery\">\n\t\t\t<div id='gallery-1' class='gallery galleryid-7207 gallery-columns-3 gallery-size-full'><figure class='gallery-item'>\n\t\t\t<div class='gallery-icon landscape'>\n\t\t\t\t<a data-elementor-open-lightbox=\"yes\" data-elementor-lightbox-slideshow=\"fa9657b\" data-elementor-lightbox-title=\"kaskaloglu-goz-hastanesi-izmir-foto-1\" data-e-action-hash=\"#elementor-action%3Aaction%3Dlightbox%26settings%3DeyJpZCI6MTQ4NzUsInVybCI6Imh0dHBzOlwvXC93d3cua2Fza2Fsb2dsdS5jb21cL3dwLWNvbnRlbnRcL3VwbG9hZHNcLzIwMjBcLzAxXC9rYXNrYWxvZ2x1LWdvei1oYXN0YW5lc2ktaXptaXItZm90by0xLmpwZyIsInNsaWRlc2hvdyI6ImZhOTY1N2IifQ%3D%3D\" href='https:\/\/www.kaskaloglu.com\/wp-content\/uploads\/2020\/01\/kaskaloglu-goz-hastanesi-izmir-foto-1.jpg'><img fetchpriority=\"high\" decoding=\"async\" width=\"690\" height=\"532\" src=\"https:\/\/www.kaskaloglu.com\/wp-content\/uploads\/2020\/01\/kaskaloglu-goz-hastanesi-izmir-foto-1.jpg\" class=\"attachment-full size-full\" alt=\"kaskaloglu-goz-hastanesi-izmir\" srcset=\"https:\/\/www.kaskaloglu.com\/wp-content\/uploads\/2020\/01\/kaskaloglu-goz-hastanesi-izmir-foto-1.jpg 690w, https:\/\/www.kaskaloglu.com\/wp-content\/uploads\/2020\/01\/kaskaloglu-goz-hastanesi-izmir-foto-1-300x231.jpg 300w\" sizes=\"(max-width: 690px) 100vw, 690px\" \/><\/a>\n\t\t\t<\/div><\/figure><figure class='gallery-item'>\n\t\t\t<div class='gallery-icon landscape'>\n\t\t\t\t<a data-elementor-open-lightbox=\"yes\" data-elementor-lightbox-slideshow=\"fa9657b\" data-elementor-lightbox-title=\"kaskaloglu-goz-hastanesi-izmir-foto-2\" data-e-action-hash=\"#elementor-action%3Aaction%3Dlightbox%26settings%3DeyJpZCI6MTQ4NzIsInVybCI6Imh0dHBzOlwvXC93d3cua2Fza2Fsb2dsdS5jb21cL3dwLWNvbnRlbnRcL3VwbG9hZHNcLzIwMjBcLzAxXC9rYXNrYWxvZ2x1LWdvei1oYXN0YW5lc2ktaXptaXItZm90by0yLmpwZyIsInNsaWRlc2hvdyI6ImZhOTY1N2IifQ%3D%3D\" href='https:\/\/www.kaskaloglu.com\/wp-content\/uploads\/2020\/01\/kaskaloglu-goz-hastanesi-izmir-foto-2.jpg'><img decoding=\"async\" width=\"690\" height=\"532\" src=\"https:\/\/www.kaskaloglu.com\/wp-content\/uploads\/2020\/01\/kaskaloglu-goz-hastanesi-izmir-foto-2.jpg\" class=\"attachment-full size-full\" alt=\"kaskaloglu-goz-hastanesi-izmir\" srcset=\"https:\/\/www.kaskaloglu.com\/wp-content\/uploads\/2020\/01\/kaskaloglu-goz-hastanesi-izmir-foto-2.jpg 690w, https:\/\/www.kaskaloglu.com\/wp-content\/uploads\/2020\/01\/kaskaloglu-goz-hastanesi-izmir-foto-2-300x231.jpg 300w\" sizes=\"(max-width: 690px) 100vw, 690px\" \/><\/a>\n\t\t\t<\/div><\/figure><figure class='gallery-item'>\n\t\t\t<div class='gallery-icon landscape'>\n\t\t\t\t<a data-elementor-open-lightbox=\"yes\" data-elementor-lightbox-slideshow=\"fa9657b\" data-elementor-lightbox-title=\"120521091447278078711\" data-e-action-hash=\"#elementor-action%3Aaction%3Dlightbox%26settings%3DeyJpZCI6NzU3MSwidXJsIjoiaHR0cHM6XC9cL3d3dy5rYXNrYWxvZ2x1LmNvbVwvd3AtY29udGVudFwvdXBsb2Fkc1wvMjAxOVwvMDZcLzEyMDUyMTA5MTQ0NzI3ODA3ODcxMS0xLmpwZyIsInNsaWRlc2hvdyI6ImZhOTY1N2IifQ%3D%3D\" href='https:\/\/www.kaskaloglu.com\/wp-content\/uploads\/2019\/06\/120521091447278078711-1.jpg'><img decoding=\"async\" width=\"690\" height=\"532\" src=\"https:\/\/www.kaskaloglu.com\/wp-content\/uploads\/2019\/06\/120521091447278078711-1.jpg\" class=\"attachment-full size-full\" alt=\"kaskaloglu_galeri\" srcset=\"https:\/\/www.kaskaloglu.com\/wp-content\/uploads\/2019\/06\/120521091447278078711-1.jpg 690w, https:\/\/www.kaskaloglu.com\/wp-content\/uploads\/2019\/06\/120521091447278078711-1-300x231.jpg 300w\" sizes=\"(max-width: 690px) 100vw, 690px\" \/><\/a>\n\t\t\t<\/div><\/figure><figure class='gallery-item'>\n\t\t\t<div class='gallery-icon landscape'>\n\t\t\t\t<a data-elementor-open-lightbox=\"yes\" data-elementor-lightbox-slideshow=\"fa9657b\" data-elementor-lightbox-title=\"eye-travel-turkey-photos-01\" data-e-action-hash=\"#elementor-action%3Aaction%3Dlightbox%26settings%3DeyJpZCI6NDgyLCJ1cmwiOiJodHRwczpcL1wvd3d3Lmthc2thbG9nbHUuY29tXC93cC1jb250ZW50XC91cGxvYWRzXC8yMDE5XC8xMVwvZXllLXRyYXZlbC10dXJrZXktcGhvdG9zLTAxLmpwZyIsInNsaWRlc2hvdyI6ImZhOTY1N2IifQ%3D%3D\" href='https:\/\/www.kaskaloglu.com\/wp-content\/uploads\/2019\/11\/eye-travel-turkey-photos-01.jpg'><img loading=\"lazy\" decoding=\"async\" width=\"690\" height=\"532\" src=\"https:\/\/www.kaskaloglu.com\/wp-content\/uploads\/2019\/11\/eye-travel-turkey-photos-01.jpg\" class=\"attachment-full size-full\" alt=\"\" srcset=\"https:\/\/www.kaskaloglu.com\/wp-content\/uploads\/2019\/11\/eye-travel-turkey-photos-01.jpg 690w, https:\/\/www.kaskaloglu.com\/wp-content\/uploads\/2019\/11\/eye-travel-turkey-photos-01-300x231.jpg 300w\" sizes=\"(max-width: 690px) 100vw, 690px\" \/><\/a>\n\t\t\t<\/div><\/figure><figure class='gallery-item'>\n\t\t\t<div class='gallery-icon landscape'>\n\t\t\t\t<a data-elementor-open-lightbox=\"yes\" data-elementor-lightbox-slideshow=\"fa9657b\" data-elementor-lightbox-title=\"kaskaloglu-goz-hastanesi-izmir-foto-3\" data-e-action-hash=\"#elementor-action%3Aaction%3Dlightbox%26settings%3DeyJpZCI6MTQ4NjksInVybCI6Imh0dHBzOlwvXC93d3cua2Fza2Fsb2dsdS5jb21cL3dwLWNvbnRlbnRcL3VwbG9hZHNcLzIwMjBcLzAxXC9rYXNrYWxvZ2x1LWdvei1oYXN0YW5lc2ktaXptaXItZm90by0zLmpwZyIsInNsaWRlc2hvdyI6ImZhOTY1N2IifQ%3D%3D\" href='https:\/\/www.kaskaloglu.com\/wp-content\/uploads\/2020\/01\/kaskaloglu-goz-hastanesi-izmir-foto-3.jpg'><img loading=\"lazy\" decoding=\"async\" width=\"690\" height=\"532\" src=\"https:\/\/www.kaskaloglu.com\/wp-content\/uploads\/2020\/01\/kaskaloglu-goz-hastanesi-izmir-foto-3.jpg\" class=\"attachment-full size-full\" alt=\"kaskaloglu-goz-hastanesi-izmir\" srcset=\"https:\/\/www.kaskaloglu.com\/wp-content\/uploads\/2020\/01\/kaskaloglu-goz-hastanesi-izmir-foto-3.jpg 690w, https:\/\/www.kaskaloglu.com\/wp-content\/uploads\/2020\/01\/kaskaloglu-goz-hastanesi-izmir-foto-3-300x231.jpg 300w\" sizes=\"(max-width: 690px) 100vw, 690px\" \/><\/a>\n\t\t\t<\/div><\/figure><figure class='gallery-item'>\n\t\t\t<div class='gallery-icon landscape'>\n\t\t\t\t<a data-elementor-open-lightbox=\"yes\" data-elementor-lightbox-slideshow=\"fa9657b\" data-elementor-lightbox-title=\"kaskaloglu-goz-hastanesi-izmir-foto-7\" data-e-action-hash=\"#elementor-action%3Aaction%3Dlightbox%26settings%3DeyJpZCI6MTQ4NTcsInVybCI6Imh0dHBzOlwvXC93d3cua2Fza2Fsb2dsdS5jb21cL3dwLWNvbnRlbnRcL3VwbG9hZHNcLzIwMjBcLzAxXC9rYXNrYWxvZ2x1LWdvei1oYXN0YW5lc2ktaXptaXItZm90by03LmpwZyIsInNsaWRlc2hvdyI6ImZhOTY1N2IifQ%3D%3D\" href='https:\/\/www.kaskaloglu.com\/wp-content\/uploads\/2020\/01\/kaskaloglu-goz-hastanesi-izmir-foto-7.jpg'><img loading=\"lazy\" decoding=\"async\" width=\"690\" height=\"532\" src=\"https:\/\/www.kaskaloglu.com\/wp-content\/uploads\/2020\/01\/kaskaloglu-goz-hastanesi-izmir-foto-7.jpg\" class=\"attachment-full size-full\" alt=\"kaskaloglu-goz-hastanesi-izmir\" srcset=\"https:\/\/www.kaskaloglu.com\/wp-content\/uploads\/2020\/01\/kaskaloglu-goz-hastanesi-izmir-foto-7.jpg 690w, https:\/\/www.kaskaloglu.com\/wp-content\/uploads\/2020\/01\/kaskaloglu-goz-hastanesi-izmir-foto-7-300x231.jpg 300w\" sizes=\"(max-width: 690px) 100vw, 690px\" \/><\/a>\n\t\t\t<\/div><\/figure><figure class='gallery-item'>\n\t\t\t<div class='gallery-icon landscape'>\n\t\t\t\t<a data-elementor-open-lightbox=\"yes\" data-elementor-lightbox-slideshow=\"fa9657b\" data-elementor-lightbox-title=\"kaskaloglu-goz-hastanesi-izmir-foto-4\" data-e-action-hash=\"#elementor-action%3Aaction%3Dlightbox%26settings%3DeyJpZCI6MTQ4NjYsInVybCI6Imh0dHBzOlwvXC93d3cua2Fza2Fsb2dsdS5jb21cL3dwLWNvbnRlbnRcL3VwbG9hZHNcLzIwMjBcLzAxXC9rYXNrYWxvZ2x1LWdvei1oYXN0YW5lc2ktaXptaXItZm90by00LmpwZyIsInNsaWRlc2hvdyI6ImZhOTY1N2IifQ%3D%3D\" href='https:\/\/www.kaskaloglu.com\/wp-content\/uploads\/2020\/01\/kaskaloglu-goz-hastanesi-izmir-foto-4.jpg'><img loading=\"lazy\" decoding=\"async\" width=\"690\" height=\"532\" src=\"https:\/\/www.kaskaloglu.com\/wp-content\/uploads\/2020\/01\/kaskaloglu-goz-hastanesi-izmir-foto-4.jpg\" class=\"attachment-full size-full\" alt=\"kaskaloglu-goz-hastanesi-izmir\" srcset=\"https:\/\/www.kaskaloglu.com\/wp-content\/uploads\/2020\/01\/kaskaloglu-goz-hastanesi-izmir-foto-4.jpg 690w, https:\/\/www.kaskaloglu.com\/wp-content\/uploads\/2020\/01\/kaskaloglu-goz-hastanesi-izmir-foto-4-300x231.jpg 300w\" sizes=\"(max-width: 690px) 100vw, 690px\" \/><\/a>\n\t\t\t<\/div><\/figure><figure class='gallery-item'>\n\t\t\t<div class='gallery-icon landscape'>\n\t\t\t\t<a data-elementor-open-lightbox=\"yes\" data-elementor-lightbox-slideshow=\"fa9657b\" data-elementor-lightbox-title=\"kaskaloglu-goz-hastanesi-izmir-foto-5\" data-e-action-hash=\"#elementor-action%3Aaction%3Dlightbox%26settings%3DeyJpZCI6MTQ4NjMsInVybCI6Imh0dHBzOlwvXC93d3cua2Fza2Fsb2dsdS5jb21cL3dwLWNvbnRlbnRcL3VwbG9hZHNcLzIwMjBcLzAxXC9rYXNrYWxvZ2x1LWdvei1oYXN0YW5lc2ktaXptaXItZm90by01LmpwZyIsInNsaWRlc2hvdyI6ImZhOTY1N2IifQ%3D%3D\" href='https:\/\/www.kaskaloglu.com\/wp-content\/uploads\/2020\/01\/kaskaloglu-goz-hastanesi-izmir-foto-5.jpg'><img loading=\"lazy\" decoding=\"async\" width=\"690\" height=\"532\" src=\"https:\/\/www.kaskaloglu.com\/wp-content\/uploads\/2020\/01\/kaskaloglu-goz-hastanesi-izmir-foto-5.jpg\" class=\"attachment-full size-full\" alt=\"kaskaloglu-goz-hastanesi-izmir\" srcset=\"https:\/\/www.kaskaloglu.com\/wp-content\/uploads\/2020\/01\/kaskaloglu-goz-hastanesi-izmir-foto-5.jpg 690w, https:\/\/www.kaskaloglu.com\/wp-content\/uploads\/2020\/01\/kaskaloglu-goz-hastanesi-izmir-foto-5-300x231.jpg 300w\" sizes=\"(max-width: 690px) 100vw, 690px\" \/><\/a>\n\t\t\t<\/div><\/figure><figure class='gallery-item'>\n\t\t\t<div class='gallery-icon landscape'>\n\t\t\t\t<a data-elementor-open-lightbox=\"yes\" data-elementor-lightbox-slideshow=\"fa9657b\" data-elementor-lightbox-title=\"kaskaloglu-goz-hastanesi-izmir-foto-6\" data-e-action-hash=\"#elementor-action%3Aaction%3Dlightbox%26settings%3DeyJpZCI6MTQ4NjAsInVybCI6Imh0dHBzOlwvXC93d3cua2Fza2Fsb2dsdS5jb21cL3dwLWNvbnRlbnRcL3VwbG9hZHNcLzIwMjBcLzAxXC9rYXNrYWxvZ2x1LWdvei1oYXN0YW5lc2ktaXptaXItZm90by02LmpwZyIsInNsaWRlc2hvdyI6ImZhOTY1N2IifQ%3D%3D\" href='https:\/\/www.kaskaloglu.com\/wp-content\/uploads\/2020\/01\/kaskaloglu-goz-hastanesi-izmir-foto-6.jpg'><img loading=\"lazy\" decoding=\"async\" width=\"690\" height=\"532\" src=\"https:\/\/www.kaskaloglu.com\/wp-content\/uploads\/2020\/01\/kaskaloglu-goz-hastanesi-izmir-foto-6.jpg\" class=\"attachment-full size-full\" alt=\"kaskaloglu-goz-hastanesi-izmir\" srcset=\"https:\/\/www.kaskaloglu.com\/wp-content\/uploads\/2020\/01\/kaskaloglu-goz-hastanesi-izmir-foto-6.jpg 690w, https:\/\/www.kaskaloglu.com\/wp-content\/uploads\/2020\/01\/kaskaloglu-goz-hastanesi-izmir-foto-6-300x231.jpg 300w\" sizes=\"(max-width: 690px) 100vw, 690px\" \/><\/a>\n\t\t\t<\/div><\/figure><figure class='gallery-item'>\n\t\t\t<div class='gallery-icon landscape'>\n\t\t\t\t<a data-elementor-open-lightbox=\"yes\" data-elementor-lightbox-slideshow=\"fa9657b\" data-elementor-lightbox-title=\"kaskaloglu-goz-hastanesi-izmir-foto-8\" data-e-action-hash=\"#elementor-action%3Aaction%3Dlightbox%26settings%3DeyJpZCI6MTQ4NTQsInVybCI6Imh0dHBzOlwvXC93d3cua2Fza2Fsb2dsdS5jb21cL3dwLWNvbnRlbnRcL3VwbG9hZHNcLzIwMjBcLzAxXC9rYXNrYWxvZ2x1LWdvei1oYXN0YW5lc2ktaXptaXItZm90by04LmpwZyIsInNsaWRlc2hvdyI6ImZhOTY1N2IifQ%3D%3D\" href='https:\/\/www.kaskaloglu.com\/wp-content\/uploads\/2020\/01\/kaskaloglu-goz-hastanesi-izmir-foto-8.jpg'><img loading=\"lazy\" decoding=\"async\" width=\"690\" height=\"532\" src=\"https:\/\/www.kaskaloglu.com\/wp-content\/uploads\/2020\/01\/kaskaloglu-goz-hastanesi-izmir-foto-8.jpg\" class=\"attachment-full size-full\" alt=\"kaskaloglu-goz-hastanesi-izmir\" srcset=\"https:\/\/www.kaskaloglu.com\/wp-content\/uploads\/2020\/01\/kaskaloglu-goz-hastanesi-izmir-foto-8.jpg 690w, https:\/\/www.kaskaloglu.com\/wp-content\/uploads\/2020\/01\/kaskaloglu-goz-hastanesi-izmir-foto-8-300x231.jpg 300w\" sizes=\"(max-width: 690px) 100vw, 690px\" \/><\/a>\n\t\t\t<\/div><\/figure><figure class='gallery-item'>\n\t\t\t<div class='gallery-icon landscape'>\n\t\t\t\t<a data-elementor-open-lightbox=\"yes\" data-elementor-lightbox-slideshow=\"fa9657b\" data-elementor-lightbox-title=\"kaskaloglu-goz-hastanesi-izmir-foto-9\" data-e-action-hash=\"#elementor-action%3Aaction%3Dlightbox%26settings%3DeyJpZCI6MTQ0MjUsInVybCI6Imh0dHBzOlwvXC93d3cua2Fza2Fsb2dsdS5jb21cL3dwLWNvbnRlbnRcL3VwbG9hZHNcLzIwMjBcLzAxXC9rYXNrYWxvZ2x1LWdvei1oYXN0YW5lc2ktaXptaXItZm90by05LmpwZyIsInNsaWRlc2hvdyI6ImZhOTY1N2IifQ%3D%3D\" href='https:\/\/www.kaskaloglu.com\/wp-content\/uploads\/2020\/01\/kaskaloglu-goz-hastanesi-izmir-foto-9.jpg'><img loading=\"lazy\" decoding=\"async\" width=\"690\" height=\"532\" src=\"https:\/\/www.kaskaloglu.com\/wp-content\/uploads\/2020\/01\/kaskaloglu-goz-hastanesi-izmir-foto-9.jpg\" class=\"attachment-full size-full\" alt=\"kaskaloglu-goz-hastanesi-izmir-foto-9.jpg\" srcset=\"https:\/\/www.kaskaloglu.com\/wp-content\/uploads\/2020\/01\/kaskaloglu-goz-hastanesi-izmir-foto-9.jpg 690w, https:\/\/www.kaskaloglu.com\/wp-content\/uploads\/2020\/01\/kaskaloglu-goz-hastanesi-izmir-foto-9-300x231.jpg 300w\" sizes=\"(max-width: 690px) 100vw, 690px\" \/><\/a>\n\t\t\t<\/div><\/figure><figure class='gallery-item'>\n\t\t\t<div class='gallery-icon landscape'>\n\t\t\t\t<a data-elementor-open-lightbox=\"yes\" data-elementor-lightbox-slideshow=\"fa9657b\" data-elementor-lightbox-title=\"kaskaloglu-goz-hastanesi-izmir-foto-10\" data-e-action-hash=\"#elementor-action%3Aaction%3Dlightbox%26settings%3DeyJpZCI6MTQ4NTEsInVybCI6Imh0dHBzOlwvXC93d3cua2Fza2Fsb2dsdS5jb21cL3dwLWNvbnRlbnRcL3VwbG9hZHNcLzIwMjBcLzAxXC9rYXNrYWxvZ2x1LWdvei1oYXN0YW5lc2ktaXptaXItZm90by0xMC5qcGciLCJzbGlkZXNob3ciOiJmYTk2NTdiIn0%3D\" href='https:\/\/www.kaskaloglu.com\/wp-content\/uploads\/2020\/01\/kaskaloglu-goz-hastanesi-izmir-foto-10.jpg'><img loading=\"lazy\" decoding=\"async\" width=\"690\" height=\"532\" src=\"https:\/\/www.kaskaloglu.com\/wp-content\/uploads\/2020\/01\/kaskaloglu-goz-hastanesi-izmir-foto-10.jpg\" class=\"attachment-full size-full\" alt=\"kaskaloglu-goz-hastanesi-izmir-foto-10\" srcset=\"https:\/\/www.kaskaloglu.com\/wp-content\/uploads\/2020\/01\/kaskaloglu-goz-hastanesi-izmir-foto-10.jpg 690w, https:\/\/www.kaskaloglu.com\/wp-content\/uploads\/2020\/01\/kaskaloglu-goz-hastanesi-izmir-foto-10-300x231.jpg 300w\" sizes=\"(max-width: 690px) 100vw, 690px\" \/><\/a>\n\t\t\t<\/div><\/figure><figure class='gallery-item'>\n\t\t\t<div class='gallery-icon landscape'>\n\t\t\t\t<a data-elementor-open-lightbox=\"yes\" data-elementor-lightbox-slideshow=\"fa9657b\" data-elementor-lightbox-title=\"kaskaloglu-goz-hastanesi-izmir-foto-11\" data-e-action-hash=\"#elementor-action%3Aaction%3Dlightbox%26settings%3DeyJpZCI6MTQ4NDgsInVybCI6Imh0dHBzOlwvXC93d3cua2Fza2Fsb2dsdS5jb21cL3dwLWNvbnRlbnRcL3VwbG9hZHNcLzIwMjBcLzAxXC9rYXNrYWxvZ2x1LWdvei1oYXN0YW5lc2ktaXptaXItZm90by0xMS5qcGciLCJzbGlkZXNob3ciOiJmYTk2NTdiIn0%3D\" href='https:\/\/www.kaskaloglu.com\/wp-content\/uploads\/2020\/01\/kaskaloglu-goz-hastanesi-izmir-foto-11.jpg'><img loading=\"lazy\" decoding=\"async\" width=\"690\" height=\"532\" src=\"https:\/\/www.kaskaloglu.com\/wp-content\/uploads\/2020\/01\/kaskaloglu-goz-hastanesi-izmir-foto-11.jpg\" class=\"attachment-full size-full\" alt=\"kaskaloglu-goz-hastanesi-izmir-foto\" srcset=\"https:\/\/www.kaskaloglu.com\/wp-content\/uploads\/2020\/01\/kaskaloglu-goz-hastanesi-izmir-foto-11.jpg 690w, https:\/\/www.kaskaloglu.com\/wp-content\/uploads\/2020\/01\/kaskaloglu-goz-hastanesi-izmir-foto-11-300x231.jpg 300w\" sizes=\"(max-width: 690px) 100vw, 690px\" \/><\/a>\n\t\t\t<\/div><\/figure><figure class='gallery-item'>\n\t\t\t<div class='gallery-icon landscape'>\n\t\t\t\t<a data-elementor-open-lightbox=\"yes\" data-elementor-lightbox-slideshow=\"fa9657b\" data-elementor-lightbox-title=\"12052109132817038123\" data-e-action-hash=\"#elementor-action%3Aaction%3Dlightbox%26settings%3DeyJpZCI6NzU3MiwidXJsIjoiaHR0cHM6XC9cL3d3dy5rYXNrYWxvZ2x1LmNvbVwvd3AtY29udGVudFwvdXBsb2Fkc1wvMjAxOVwvMDZcLzEyMDUyMTA5MTMyODE3MDM4MTIzLTEuanBnIiwic2xpZGVzaG93IjoiZmE5NjU3YiJ9\" href='https:\/\/www.kaskaloglu.com\/wp-content\/uploads\/2019\/06\/12052109132817038123-1.jpg'><img loading=\"lazy\" decoding=\"async\" width=\"690\" height=\"532\" src=\"https:\/\/www.kaskaloglu.com\/wp-content\/uploads\/2019\/06\/12052109132817038123-1.jpg\" class=\"attachment-full size-full\" alt=\"kaskaloglu_galeri\" srcset=\"https:\/\/www.kaskaloglu.com\/wp-content\/uploads\/2019\/06\/12052109132817038123-1.jpg 690w, https:\/\/www.kaskaloglu.com\/wp-content\/uploads\/2019\/06\/12052109132817038123-1-300x231.jpg 300w\" sizes=\"(max-width: 690px) 100vw, 690px\" \/><\/a>\n\t\t\t<\/div><\/figure><figure class='gallery-item'>\n\t\t\t<div class='gallery-icon landscape'>\n\t\t\t\t<a data-elementor-open-lightbox=\"yes\" data-elementor-lightbox-slideshow=\"fa9657b\" data-elementor-lightbox-title=\"kaskaloglu_galeri_2191\" data-e-action-hash=\"#elementor-action%3Aaction%3Dlightbox%26settings%3DeyJpZCI6NzU3MCwidXJsIjoiaHR0cHM6XC9cL3d3dy5rYXNrYWxvZ2x1LmNvbVwvd3AtY29udGVudFwvdXBsb2Fkc1wvMjAxOVwvMDZcL2thc2thbG9nbHVfZ2FsZXJpXzIxOTEuanBnIiwic2xpZGVzaG93IjoiZmE5NjU3YiJ9\" href='https:\/\/www.kaskaloglu.com\/wp-content\/uploads\/2019\/06\/kaskaloglu_galeri_2191.jpg'><img loading=\"lazy\" decoding=\"async\" width=\"1400\" height=\"933\" src=\"https:\/\/www.kaskaloglu.com\/wp-content\/uploads\/2019\/06\/kaskaloglu_galeri_2191.jpg\" class=\"attachment-full size-full\" alt=\"kaskaloglu_galeri_2131\" srcset=\"https:\/\/www.kaskaloglu.com\/wp-content\/uploads\/2019\/06\/kaskaloglu_galeri_2191.jpg 1400w, https:\/\/www.kaskaloglu.com\/wp-content\/uploads\/2019\/06\/kaskaloglu_galeri_2191-300x200.jpg 300w, https:\/\/www.kaskaloglu.com\/wp-content\/uploads\/2019\/06\/kaskaloglu_galeri_2191-768x512.jpg 768w, https:\/\/www.kaskaloglu.com\/wp-content\/uploads\/2019\/06\/kaskaloglu_galeri_2191-1024x682.jpg 1024w\" sizes=\"(max-width: 1400px) 100vw, 1400px\" \/><\/a>\n\t\t\t<\/div><\/figure>\n\t\t<\/div>\n\t\t<\/div>\n\t\t\t\t\t\t<\/div>\n\t\t\t\t<\/div>\n\t\t\t\t\t<\/div>\n\t\t<\/div>\n\t\t\t\t\t<\/div>\n\t\t<\/section>\n\t\t\t\t<\/div>\n\t\t<p class=\"last-updated\">Son G\u00fcncelleme 12 \u0430\u0432\u0433\u0443\u0441\u0442\u0430 2020 Saat 00:35 \u0434\u043f<\/p>","protected":false},"excerpt":{"rendered":"<p>Ka\u015fkalo\u011flu Izmir Eye Hospital Son G\u00fcncelleme 12 \u0430\u0432\u0433\u0443\u0441\u0442\u0430 2020 Saat 00:35 \u0434\u043f<\/p>\n","protected":false},"author":1,"featured_media":0,"parent":0,"menu_order":0,"comment_status":"closed","ping_status":"closed","template":"","meta":{"footnotes":""},"class_list":["post-7207","page","type-page","status-publish","hentry"],"_links":{"self":[{"href":"https:\/\/www.kaskaloglu.com\/ru\/wp-json\/wp\/v2\/pages\/7207","targetHints":{"allow":["GET"]}}],"collection":[{"href":"https:\/\/www.kaskaloglu.com\/ru\/wp-json\/wp\/v2\/pages"}],"about":[{"href":"https:\/\/www.kaskaloglu.com\/ru\/wp-json\/wp\/v2\/types\/page"}],"author":[{"embeddable":true,"href":"https:\/\/www.kaskaloglu.com\/ru\/wp-json\/wp\/v2\/users\/1"}],"replies":[{"embeddable":true,"href":"https:\/\/www.kaskaloglu.com\/ru\/wp-json\/wp\/v2\/comments?post=7207"}],"version-history":[{"count":0,"href":"https:\/\/www.kaskaloglu.com\/ru\/wp-json\/wp\/v2\/pages\/7207\/revisions"}],"wp:attachment":[{"href":"https:\/\/www.kaskaloglu.com\/ru\/wp-json\/wp\/v2\/media?parent=7207"}],"curies":[{"name":"wp","href":"https:\/\/api.w.org\/{rel}","templated":true}]}}