{"id":7286,"date":"2019-06-26T12:09:00","date_gmt":"2019-06-26T12:09:00","guid":{"rendered":"https:\/\/www.kaskaloglu.com\/medical-team\/"},"modified":"2026-02-27T10:24:20","modified_gmt":"2026-02-27T07:24:20","slug":"nossos-medicos","status":"publish","type":"page","link":"https:\/\/www.kaskaloglu.com\/pt-pt\/nossos-medicos\/","title":{"rendered":"Nossos M\u00e9dicos"},"content":{"rendered":"\t\t<div data-elementor-type=\"wp-post\" data-elementor-id=\"7286\" class=\"elementor elementor-7286 elementor-172\" data-elementor-post-type=\"page\">\n\t\t\t\t\t\t<section class=\"elementor-section elementor-top-section elementor-element elementor-element-14f11a2 mainhead elementor-section-boxed elementor-section-height-default elementor-section-height-default wpr-particle-no wpr-jarallax-no wpr-parallax-no wpr-sticky-section-no wpr-equal-height-no\" data-id=\"14f11a2\" data-element_type=\"section\" data-e-type=\"section\" data-settings=\"{&quot;background_background&quot;:&quot;classic&quot;}\">\n\t\t\t\t\t\t\t<div class=\"elementor-background-overlay\"><\/div>\n\t\t\t\t\t\t\t<div class=\"elementor-container elementor-column-gap-default\">\n\t\t\t\t\t<div class=\"elementor-column elementor-col-100 elementor-top-column elementor-element elementor-element-47adada\" data-id=\"47adada\" data-element_type=\"column\" data-e-type=\"column\">\n\t\t\t<div class=\"elementor-widget-wrap elementor-element-populated\">\n\t\t\t\t\t\t<div class=\"elementor-element elementor-element-a49ce9e elementor-widget elementor-widget-heading\" data-id=\"a49ce9e\" data-element_type=\"widget\" data-e-type=\"widget\" data-widget_type=\"heading.default\">\n\t\t\t\t<div class=\"elementor-widget-container\">\n\t\t\t\t\t<h1 class=\"elementor-heading-title elementor-size-default\">Nossos M\u00e9dicos<\/h1>\t\t\t\t<\/div>\n\t\t\t\t<\/div>\n\t\t\t\t<div class=\"elementor-element elementor-element-46fb442 elementor-widget-divider--view-line elementor-widget elementor-widget-divider\" data-id=\"46fb442\" data-element_type=\"widget\" data-e-type=\"widget\" data-widget_type=\"divider.default\">\n\t\t\t\t<div class=\"elementor-widget-container\">\n\t\t\t\t\t\t\t<div class=\"elementor-divider\">\n\t\t\t<span class=\"elementor-divider-separator\">\n\t\t\t\t\t\t<\/span>\n\t\t<\/div>\n\t\t\t\t\t\t<\/div>\n\t\t\t\t<\/div>\n\t\t\t\t\t<\/div>\n\t\t<\/div>\n\t\t\t\t\t<\/div>\n\t\t<\/section>\n\t\t\t\t<section class=\"elementor-section elementor-top-section elementor-element elementor-element-7aa7ea3 elementor-section-boxed elementor-section-height-default elementor-section-height-default wpr-particle-no wpr-jarallax-no wpr-parallax-no wpr-sticky-section-no wpr-equal-height-no\" data-id=\"7aa7ea3\" data-element_type=\"section\" data-e-type=\"section\">\n\t\t\t\t\t\t<div class=\"elementor-container elementor-column-gap-no\">\n\t\t\t\t\t<div class=\"elementor-column elementor-col-100 elementor-top-column elementor-element elementor-element-1a1f2bee\" data-id=\"1a1f2bee\" data-element_type=\"column\" data-e-type=\"column\">\n\t\t\t<div class=\"elementor-widget-wrap elementor-element-populated\">\n\t\t\t\t\t\t<div class=\"elementor-element elementor-element-f604542 elementor-grid-3 elementor-grid-tablet-2 elementor-grid-mobile-1 elementor-posts--thumbnail-top elementor-card-shadow-yes elementor-posts__hover-gradient elementor-widget elementor-widget-posts\" data-id=\"f604542\" data-element_type=\"widget\" data-e-type=\"widget\" data-settings=\"{&quot;cards_masonry&quot;:&quot;yes&quot;,&quot;cards_columns&quot;:&quot;3&quot;,&quot;cards_columns_tablet&quot;:&quot;2&quot;,&quot;cards_columns_mobile&quot;:&quot;1&quot;,&quot;cards_row_gap&quot;:{&quot;unit&quot;:&quot;px&quot;,&quot;size&quot;:35,&quot;sizes&quot;:[]},&quot;cards_row_gap_tablet&quot;:{&quot;unit&quot;:&quot;px&quot;,&quot;size&quot;:&quot;&quot;,&quot;sizes&quot;:[]},&quot;cards_row_gap_mobile&quot;:{&quot;unit&quot;:&quot;px&quot;,&quot;size&quot;:&quot;&quot;,&quot;sizes&quot;:[]}}\" data-widget_type=\"posts.cards\">\n\t\t\t\t<div class=\"elementor-widget-container\">\n\t\t\t\t\t\t\t<div class=\"elementor-posts-container elementor-posts elementor-posts--skin-cards elementor-grid\" role=\"list\">\n\t\t\t\t<article class=\"elementor-post elementor-grid-item post-7263 post type-post status-publish format-standard has-post-thumbnail hentry category-medicos\" role=\"listitem\">\n\t\t\t<div class=\"elementor-post__card\">\n\t\t\t\t<a class=\"elementor-post__thumbnail__link\" href=\"https:\/\/www.kaskaloglu.com\/pt-pt\/prof-dr-mahmut-kaskaloglu\/\" tabindex=\"-1\" ><div class=\"elementor-post__thumbnail\"><img fetchpriority=\"high\" decoding=\"async\" width=\"600\" height=\"564\" src=\"https:\/\/www.kaskaloglu.com\/wp-content\/uploads\/2019\/06\/mkaskaloglu_photo_web.jpg\" class=\"attachment-large size-large wp-image-12117\" alt=\"kaskaloglu-goz-hastanesi\" srcset=\"https:\/\/www.kaskaloglu.com\/wp-content\/uploads\/2019\/06\/mkaskaloglu_photo_web.jpg 600w, https:\/\/www.kaskaloglu.com\/wp-content\/uploads\/2019\/06\/mkaskaloglu_photo_web-300x282.jpg 300w\" sizes=\"(max-width: 600px) 100vw, 600px\" \/><\/div><\/a>\n\t\t\t\t<div class=\"elementor-post__text\">\n\t\t\t\t<h3 class=\"elementor-post__title\">\n\t\t\t<a href=\"https:\/\/www.kaskaloglu.com\/pt-pt\/prof-dr-mahmut-kaskaloglu\/\" >\n\t\t\t\tProf. Dr. Mahmut Kaskaloglu\t\t\t<\/a>\n\t\t<\/h3>\n\t\t\t\t<div class=\"elementor-post__excerpt\">\n\t\t\t<p>Dr. Mahmut Kaskaloglu \u00e9 professor de oftalmologia e fundador do hospital Kaskaloglu Eye Hospital. Ele dedicou 34 anos de sua vida ao ensino e \u00e0 pr\u00e1tica de oftalmologia. Al\u00e9m de realizar pessoalmente mais de 2000 cirurgias oculares a cada ano, o Dr. Kaskaloglu tamb\u00e9m participa e fala em confer\u00eancias em todo o mundo. Ele \u00e9 graduado e membro do corpo docente da Universidade Ege em Izmir e tamb\u00e9m \u00e9 membro de v\u00e1rias organiza\u00e7\u00f5es internacionais, incluindo a Sociedade Europeia de Oftalmologia e a Sociedade Americana de Catarata e Cirurgia Refrativa. Ele tamb\u00e9m \u00e9 o fundador e ex-presidente da Sociedade Oftalmol\u00f3gica do Mar Negro. Dr. Kaskaloglu \u00e9 considerado um l\u00edder em oftalmologia na Turquia e no exterior. Ele deu palestras e realizou cirurgias para fins de ensino em muitos pa\u00edses. Dr. Kaskaloglu vive em Izmir com sua fam\u00edlia. Son G\u00fcncelleme 21 Fevereiro 2022 Saat 10:36 am<\/p>\n\t\t<\/div>\n\t\t\n\t\t<a class=\"elementor-post__read-more\" href=\"https:\/\/www.kaskaloglu.com\/pt-pt\/prof-dr-mahmut-kaskaloglu\/\" aria-label=\"Read more about Prof. Dr. Mahmut Kaskaloglu\" tabindex=\"-1\" >\n\t\t\tconsulte Mais informa\u00e7\u00e3o \u00bb\t\t<\/a>\n\n\t\t\t\t<\/div>\n\t\t\t\t\t<\/div>\n\t\t<\/article>\n\t\t\t\t<article class=\"elementor-post elementor-grid-item post-7252 post type-post status-publish format-standard has-post-thumbnail hentry category-medicos\" role=\"listitem\">\n\t\t\t<div class=\"elementor-post__card\">\n\t\t\t\t<a class=\"elementor-post__thumbnail__link\" href=\"https:\/\/www.kaskaloglu.com\/pt-pt\/op-dr-selma-kaskaloglu\/\" tabindex=\"-1\" ><div class=\"elementor-post__thumbnail\"><img decoding=\"async\" width=\"600\" height=\"564\" src=\"https:\/\/www.kaskaloglu.com\/wp-content\/uploads\/2019\/06\/op-dr-selma-kaskaloglu-fotonew.jpg\" class=\"attachment-large size-large wp-image-9126\" alt=\"selma-kaskaloglu\" srcset=\"https:\/\/www.kaskaloglu.com\/wp-content\/uploads\/2019\/06\/op-dr-selma-kaskaloglu-fotonew.jpg 600w, https:\/\/www.kaskaloglu.com\/wp-content\/uploads\/2019\/06\/op-dr-selma-kaskaloglu-fotonew-300x282.jpg 300w\" sizes=\"(max-width: 600px) 100vw, 600px\" \/><\/div><\/a>\n\t\t\t\t<div class=\"elementor-post__text\">\n\t\t\t\t<h3 class=\"elementor-post__title\">\n\t\t\t<a href=\"https:\/\/www.kaskaloglu.com\/pt-pt\/op-dr-selma-kaskaloglu\/\" >\n\t\t\t\tOp. Dr. Selma Kaskaloglu\t\t\t<\/a>\n\t\t<\/h3>\n\t\t\t\t<div class=\"elementor-post__excerpt\">\n\t\t\t<p>Dr. Selma Kaskaloglu formou-se na Faculdade de Medicina da Universidade Ege em Izmir, Turquia em 1984 e come\u00e7ou a estudar na cl\u00ednica oftalmol\u00f3gica da universidade. Ela come\u00e7ou seu pr\u00f3prio consult\u00f3rio particular em Alsancak, Izmir. Dr. Selma Kaskaloglu \u00e9 membro da Sociedade Turca de Oftalmologia, da Academia Americana de Oftalmologia e da Sociedade Americana de Catarata e Cirurgia Refrativa. Dr. Kaskaloglu tamb\u00e9m fala ingl\u00eas. Ela vive com o marido, Dr. Mahmut Kaskaloglu e fam\u00edlia em Izmir. Son G\u00fcncelleme 13 Maio 2022 Saat 08:36 am<\/p>\n\t\t<\/div>\n\t\t\n\t\t<a class=\"elementor-post__read-more\" href=\"https:\/\/www.kaskaloglu.com\/pt-pt\/op-dr-selma-kaskaloglu\/\" aria-label=\"Read more about Op. Dr. Selma Kaskaloglu\" tabindex=\"-1\" >\n\t\t\tconsulte Mais informa\u00e7\u00e3o \u00bb\t\t<\/a>\n\n\t\t\t\t<\/div>\n\t\t\t\t\t<\/div>\n\t\t<\/article>\n\t\t\t\t<article class=\"elementor-post elementor-grid-item post-7246 post type-post status-publish format-standard has-post-thumbnail hentry category-medicos\" role=\"listitem\">\n\t\t\t<div class=\"elementor-post__card\">\n\t\t\t\t<a class=\"elementor-post__thumbnail__link\" href=\"https:\/\/www.kaskaloglu.com\/pt-pt\/op-dr-bilgehan-sezgin-asena\/\" tabindex=\"-1\" ><div class=\"elementor-post__thumbnail\"><img decoding=\"async\" width=\"800\" height=\"752\" src=\"https:\/\/www.kaskaloglu.com\/wp-content\/uploads\/2019\/06\/op-dr-bilgehan-sezgin-asena-kaskaloglu.jpg\" class=\"attachment-large size-large wp-image-7248\" alt=\"op-dr-bilgehan-sezgin-asena\" srcset=\"https:\/\/www.kaskaloglu.com\/wp-content\/uploads\/2019\/06\/op-dr-bilgehan-sezgin-asena-kaskaloglu.jpg 800w, https:\/\/www.kaskaloglu.com\/wp-content\/uploads\/2019\/06\/op-dr-bilgehan-sezgin-asena-kaskaloglu-300x282.jpg 300w, https:\/\/www.kaskaloglu.com\/wp-content\/uploads\/2019\/06\/op-dr-bilgehan-sezgin-asena-kaskaloglu-768x722.jpg 768w\" sizes=\"(max-width: 800px) 100vw, 800px\" \/><\/div><\/a>\n\t\t\t\t<div class=\"elementor-post__text\">\n\t\t\t\t<h3 class=\"elementor-post__title\">\n\t\t\t<a href=\"https:\/\/www.kaskaloglu.com\/pt-pt\/op-dr-bilgehan-sezgin-asena\/\" >\n\t\t\t\tOp. Dr. Bilgehan Sezgin Asena\t\t\t<\/a>\n\t\t<\/h3>\n\t\t\t\t<div class=\"elementor-post__excerpt\">\n\t\t\t<p>(Whatsapp: <a href=\"https:\/\/api.whatsapp.com\/send?phone=905363580293\" target=\"_blank\" rel=\"noopener noreferrer\">+90 536 358 02 93<\/a>) Dr. Bilgehan Sezgin graduated from the Ege University Faculty of Medicine in 1998 and worked at the Dokuz Eylul University<\/p>\n\t\t<\/div>\n\t\t\n\t\t<a class=\"elementor-post__read-more\" href=\"https:\/\/www.kaskaloglu.com\/pt-pt\/op-dr-bilgehan-sezgin-asena\/\" aria-label=\"Read more about Op. Dr. Bilgehan Sezgin Asena\" tabindex=\"-1\">\n\t\t\tconsulte Mais informa\u00e7\u00e3o \u00bb\t\t<\/a>\n\n\t\t\t\t<\/div>\n\t\t\t\t\t<\/div>\n\t\t<\/article>\n\t\t\t\t<\/div>\n\t\t\n\t\t\t\t\t\t<\/div>\n\t\t\t\t<\/div>\n\t\t\t\t\t<\/div>\n\t\t<\/div>\n\t\t\t\t\t<\/div>\n\t\t<\/section>\n\t\t\t\t<section class=\"elementor-section elementor-top-section elementor-element elementor-element-e9cfe05 elementor-section-boxed elementor-section-height-default elementor-section-height-default wpr-particle-no wpr-jarallax-no wpr-parallax-no wpr-sticky-section-no wpr-equal-height-no\" data-id=\"e9cfe05\" data-element_type=\"section\" data-e-type=\"section\">\n\t\t\t\t\t\t<div class=\"elementor-container elementor-column-gap-no\">\n\t\t\t\t\t<div class=\"elementor-column elementor-col-100 elementor-top-column elementor-element elementor-element-10bc116\" data-id=\"10bc116\" data-element_type=\"column\" data-e-type=\"column\">\n\t\t\t<div class=\"elementor-widget-wrap elementor-element-populated\">\n\t\t\t\t\t\t\t<\/div>\n\t\t<\/div>\n\t\t\t\t\t<\/div>\n\t\t<\/section>\n\t\t\t\t<\/div>\n\t\t<p class=\"last-updated\">Son G\u00fcncelleme 12 Agosto 2020 Saat 07:56 am<\/p>","protected":false},"excerpt":{"rendered":"<p>Son G\u00fcncelleme 12 Agosto 2020 Saat 07:56 am<\/p>\n","protected":false},"author":1,"featured_media":0,"parent":0,"menu_order":0,"comment_status":"closed","ping_status":"closed","template":"","meta":{"footnotes":""},"class_list":["post-7286","page","type-page","status-publish","hentry"],"_links":{"self":[{"href":"https:\/\/www.kaskaloglu.com\/pt-pt\/wp-json\/wp\/v2\/pages\/7286","targetHints":{"allow":["GET"]}}],"collection":[{"href":"https:\/\/www.kaskaloglu.com\/pt-pt\/wp-json\/wp\/v2\/pages"}],"about":[{"href":"https:\/\/www.kaskaloglu.com\/pt-pt\/wp-json\/wp\/v2\/types\/page"}],"author":[{"embeddable":true,"href":"https:\/\/www.kaskaloglu.com\/pt-pt\/wp-json\/wp\/v2\/users\/1"}],"replies":[{"embeddable":true,"href":"https:\/\/www.kaskaloglu.com\/pt-pt\/wp-json\/wp\/v2\/comments?post=7286"}],"version-history":[{"count":3,"href":"https:\/\/www.kaskaloglu.com\/pt-pt\/wp-json\/wp\/v2\/pages\/7286\/revisions"}],"predecessor-version":[{"id":23508,"href":"https:\/\/www.kaskaloglu.com\/pt-pt\/wp-json\/wp\/v2\/pages\/7286\/revisions\/23508"}],"wp:attachment":[{"href":"https:\/\/www.kaskaloglu.com\/pt-pt\/wp-json\/wp\/v2\/media?parent=7286"}],"curies":[{"name":"wp","href":"https:\/\/api.w.org\/{rel}","templated":true}]}}