{"id":7266,"date":"2019-07-04T07:24:36","date_gmt":"2019-07-04T07:24:36","guid":{"rendered":"https:\/\/www.kaskaloglu.com\/eyelid-surgery\/"},"modified":"2020-08-12T08:26:08","modified_gmt":"2020-08-12T05:26:08","slug":"sirurgia-da-palpebra","status":"publish","type":"page","link":"https:\/\/www.kaskaloglu.com\/pt-pt\/sirurgia-da-palpebra\/","title":{"rendered":"Sirurgia da P\u00e1lpebra"},"content":{"rendered":"\t\t<div data-elementor-type=\"wp-post\" data-elementor-id=\"7266\" class=\"elementor elementor-7266 elementor-374\" data-elementor-post-type=\"page\">\n\t\t\t\t\t\t<section class=\"elementor-section elementor-top-section elementor-element elementor-element-391bf96e mainhead elementor-section-boxed elementor-section-height-default elementor-section-height-default wpr-particle-no wpr-jarallax-no wpr-parallax-no wpr-sticky-section-no\" data-id=\"391bf96e\" data-element_type=\"section\" data-e-type=\"section\" data-settings=\"{&quot;background_background&quot;:&quot;classic&quot;}\">\n\t\t\t\t\t\t\t<div class=\"elementor-background-overlay\"><\/div>\n\t\t\t\t\t\t\t<div class=\"elementor-container elementor-column-gap-default\">\n\t\t\t\t\t<div class=\"elementor-column elementor-col-100 elementor-top-column elementor-element elementor-element-5eea6847\" data-id=\"5eea6847\" data-element_type=\"column\" data-e-type=\"column\">\n\t\t\t<div class=\"elementor-widget-wrap elementor-element-populated\">\n\t\t\t\t\t\t<div class=\"elementor-element elementor-element-438632db elementor-widget elementor-widget-heading\" data-id=\"438632db\" data-element_type=\"widget\" data-e-type=\"widget\" data-widget_type=\"heading.default\">\n\t\t\t\t<div class=\"elementor-widget-container\">\n\t\t\t\t\t<h1 class=\"elementor-heading-title elementor-size-default\">Sirurgia da P\u00e1lpebra<\/h1>\t\t\t\t<\/div>\n\t\t\t\t<\/div>\n\t\t\t\t<div class=\"elementor-element elementor-element-10609e17 elementor-widget elementor-widget-heading\" data-id=\"10609e17\" data-element_type=\"widget\" data-e-type=\"widget\" data-widget_type=\"heading.default\">\n\t\t\t\t<div class=\"elementor-widget-container\">\n\t\t\t\t\t<h1 class=\"elementor-heading-title elementor-size-default\">Ka\u015fkalo\u011flu Izmir Eye Hospital<\/h1>\t\t\t\t<\/div>\n\t\t\t\t<\/div>\n\t\t\t\t<div class=\"elementor-element elementor-element-2c2973c8 elementor-widget-divider--view-line elementor-widget elementor-widget-divider\" data-id=\"2c2973c8\" data-element_type=\"widget\" data-e-type=\"widget\" data-widget_type=\"divider.default\">\n\t\t\t\t<div class=\"elementor-widget-container\">\n\t\t\t\t\t\t\t<div class=\"elementor-divider\">\n\t\t\t<span class=\"elementor-divider-separator\">\n\t\t\t\t\t\t<\/span>\n\t\t<\/div>\n\t\t\t\t\t\t<\/div>\n\t\t\t\t<\/div>\n\t\t\t\t\t<\/div>\n\t\t<\/div>\n\t\t\t\t\t<\/div>\n\t\t<\/section>\n\t\t\t\t<section class=\"elementor-section elementor-top-section elementor-element elementor-element-5e927b7 elementor-section-boxed elementor-section-height-default elementor-section-height-default wpr-particle-no wpr-jarallax-no wpr-parallax-no wpr-sticky-section-no\" data-id=\"5e927b7\" data-element_type=\"section\" data-e-type=\"section\">\n\t\t\t\t\t\t<div class=\"elementor-container elementor-column-gap-no\">\n\t\t\t\t\t<div class=\"elementor-column elementor-col-100 elementor-top-column elementor-element elementor-element-6da97929\" data-id=\"6da97929\" data-element_type=\"column\" data-e-type=\"column\">\n\t\t\t<div class=\"elementor-widget-wrap elementor-element-populated\">\n\t\t\t\t\t\t<section class=\"elementor-section elementor-inner-section elementor-element elementor-element-223ae82e elementor-reverse-mobile elementor-section-boxed elementor-section-height-default elementor-section-height-default wpr-particle-no wpr-jarallax-no wpr-parallax-no wpr-sticky-section-no\" data-id=\"223ae82e\" data-element_type=\"section\" data-e-type=\"section\">\n\t\t\t\t\t\t<div class=\"elementor-container elementor-column-gap-default\">\n\t\t\t\t\t<div class=\"elementor-column elementor-col-50 elementor-inner-column elementor-element elementor-element-67fd70e2\" data-id=\"67fd70e2\" data-element_type=\"column\" data-e-type=\"column\">\n\t\t\t<div class=\"elementor-widget-wrap elementor-element-populated\">\n\t\t\t\t\t\t<div class=\"elementor-element elementor-element-40e981c7 elementor-widget elementor-widget-text-editor\" data-id=\"40e981c7\" data-element_type=\"widget\" data-e-type=\"widget\" data-widget_type=\"text-editor.default\">\n\t\t\t\t<div class=\"elementor-widget-container\">\n\t\t\t\t\t\t\t\t\t<h4 id=\"headline-124-104\" class=\"ct-headline\">Eye Aesthetic (Eyelid Surgery)<\/h4><p>All eyelid surgeries are performed on the lids or surrounding tissues, not the eyes themselves.<\/p><p>Eyelid surgery aims to improve the general appearance of the eye area, including a reduction of puffiness or drooping related to aging and\/or heredity.<\/p><h4 id=\"headline-23-104\" class=\"ct-headline\">Blepharoplasty<\/h4><p>Blepharoplasty, the most frequently performed type of cosmetic eye surgery, can be performed on the upper lids, lower lids or both.<\/p><p>Blepharoplasty (often called an eye lift) can treat cosmetic conditions including fatty deposits that create puffiness in the upper and lower lids, bags under the eyes, excess skin and wrinkles in the lower eyelid, and drooping lids.<\/p><p>Blepharoplasty also can correct for folds in the upper eyelid that impair vision.<\/p><h4 id=\"headline-117-104\" class=\"ct-headline\">Upper\/lower Eyelid Surgery<\/h4><p>Upper\/lower eyelid surgery reduces the swelling (edema) or puffiness around the eye. Upper and lower eyelids are susceptible to swelling because the skin around the eyes is the thinnest and most delicate in the body.<\/p><p>Swelling around the eyes naturally occurs as we age, but other causes include inherited facial features, medical issues like allergies and thyroid or sinus conditions, as well as stress, dehydration and sleep deprivation.<\/p><p>Puffy eyes also can be caused by changes in the fat pads located on both the upper and lower eyelids. These fat pads allow the muscles around the eyes to move easily, but as people age, fat pads often move forward and the membrane over them relaxes, creating puffiness around the eyes.<\/p>\t\t\t\t\t\t\t\t<\/div>\n\t\t\t\t<\/div>\n\t\t\t\t\t<\/div>\n\t\t<\/div>\n\t\t\t\t<div class=\"elementor-column elementor-col-50 elementor-inner-column elementor-element elementor-element-60a2ebc7\" data-id=\"60a2ebc7\" data-element_type=\"column\" data-e-type=\"column\">\n\t\t\t<div class=\"elementor-widget-wrap elementor-element-populated\">\n\t\t\t\t\t\t<div class=\"elementor-element elementor-element-18954d79 elementor-widget elementor-widget-image\" data-id=\"18954d79\" data-element_type=\"widget\" data-e-type=\"widget\" data-widget_type=\"image.default\">\n\t\t\t\t<div class=\"elementor-widget-container\">\n\t\t\t\t\t\t\t\t\t\t\t\t\t\t\t<img fetchpriority=\"high\" decoding=\"async\" width=\"510\" height=\"357\" src=\"https:\/\/www.kaskaloglu.com\/wp-content\/uploads\/2020\/08\/Goz-Estetigi_1.jpg\" class=\"attachment-large size-large wp-image-7713\" alt=\"ka\u015fkalo\u011flu g\u00f6z hastanesi\" srcset=\"https:\/\/www.kaskaloglu.com\/wp-content\/uploads\/2020\/08\/Goz-Estetigi_1.jpg 510w, https:\/\/www.kaskaloglu.com\/wp-content\/uploads\/2020\/08\/Goz-Estetigi_1-300x210.jpg 300w\" sizes=\"(max-width: 510px) 100vw, 510px\" \/>\t\t\t\t\t\t\t\t\t\t\t\t\t\t\t<\/div>\n\t\t\t\t<\/div>\n\t\t\t\t<div class=\"elementor-element elementor-element-d146835 elementor-widget elementor-widget-image\" data-id=\"d146835\" data-element_type=\"widget\" data-e-type=\"widget\" data-widget_type=\"image.default\">\n\t\t\t\t<div class=\"elementor-widget-container\">\n\t\t\t\t\t\t\t\t\t\t\t\t\t\t\t<img decoding=\"async\" width=\"680\" height=\"680\" src=\"https:\/\/www.kaskaloglu.com\/wp-content\/uploads\/2020\/08\/Kaskaloglu_Goz_Estegigi_Blefaroplasti-1-1.jpg\" class=\"attachment-large size-large wp-image-7714\" alt=\"ka\u015fkalo\u011flu g\u00f6z hastanesi\" srcset=\"https:\/\/www.kaskaloglu.com\/wp-content\/uploads\/2020\/08\/Kaskaloglu_Goz_Estegigi_Blefaroplasti-1-1.jpg 680w, https:\/\/www.kaskaloglu.com\/wp-content\/uploads\/2020\/08\/Kaskaloglu_Goz_Estegigi_Blefaroplasti-1-1-300x300.jpg 300w, https:\/\/www.kaskaloglu.com\/wp-content\/uploads\/2020\/08\/Kaskaloglu_Goz_Estegigi_Blefaroplasti-1-1-150x150.jpg 150w\" sizes=\"(max-width: 680px) 100vw, 680px\" \/>\t\t\t\t\t\t\t\t\t\t\t\t\t\t\t<\/div>\n\t\t\t\t<\/div>\n\t\t\t\t\t<\/div>\n\t\t<\/div>\n\t\t\t\t\t<\/div>\n\t\t<\/section>\n\t\t\t\t\t<\/div>\n\t\t<\/div>\n\t\t\t\t\t<\/div>\n\t\t<\/section>\n\t\t\t\t<\/div>\n\t\t<p class=\"last-updated\">Son G\u00fcncelleme 12 Agosto 2020 Saat 08:26 am<\/p>","protected":false},"excerpt":{"rendered":"<p>Ka\u015fkalo\u011flu Izmir Eye Hospital Eye Aesthetic (Eyelid Surgery) All eyelid surgeries are performed on the lids or surrounding tissues, not the eyes themselves. Eyelid surgery aims to improve the general appearance of the eye area, including a reduction of puffiness or drooping related to aging and\/or heredity. Blepharoplasty Blepharoplasty, the most frequently performed type of cosmetic eye surgery, can be performed on the upper lids, lower lids or both. Blepharoplasty (often called an eye lift) can treat cosmetic conditions including fatty deposits that create puffiness in the upper and lower lids, bags under the eyes, excess skin and wrinkles in the lower eyelid, and drooping lids. Blepharoplasty also can correct for folds in the upper eyelid that impair vision. Upper\/lower Eyelid Surgery Upper\/lower eyelid surgery reduces the swelling (edema) or puffiness around the eye. Upper and lower eyelids are susceptible to swelling because the skin around the eyes is the thinnest and most delicate in the body. Swelling around the eyes naturally occurs as we age, but other causes include inherited facial features, medical issues like allergies and thyroid or sinus conditions, as well as stress, dehydration and sleep deprivation. Puffy eyes also can be caused by changes in the fat pads located on both the upper and lower eyelids. These fat pads allow the muscles around the eyes to move easily, but as people age, fat pads often move forward and the membrane over them relaxes, creating puffiness around the eyes. Son G\u00fcncelleme 12 Agosto 2020 Saat 08:26 am<\/p>\n","protected":false},"author":1,"featured_media":0,"parent":0,"menu_order":0,"comment_status":"closed","ping_status":"closed","template":"","meta":{"footnotes":""},"class_list":["post-7266","page","type-page","status-publish","hentry"],"_links":{"self":[{"href":"https:\/\/www.kaskaloglu.com\/pt-pt\/wp-json\/wp\/v2\/pages\/7266","targetHints":{"allow":["GET"]}}],"collection":[{"href":"https:\/\/www.kaskaloglu.com\/pt-pt\/wp-json\/wp\/v2\/pages"}],"about":[{"href":"https:\/\/www.kaskaloglu.com\/pt-pt\/wp-json\/wp\/v2\/types\/page"}],"author":[{"embeddable":true,"href":"https:\/\/www.kaskaloglu.com\/pt-pt\/wp-json\/wp\/v2\/users\/1"}],"replies":[{"embeddable":true,"href":"https:\/\/www.kaskaloglu.com\/pt-pt\/wp-json\/wp\/v2\/comments?post=7266"}],"version-history":[{"count":0,"href":"https:\/\/www.kaskaloglu.com\/pt-pt\/wp-json\/wp\/v2\/pages\/7266\/revisions"}],"wp:attachment":[{"href":"https:\/\/www.kaskaloglu.com\/pt-pt\/wp-json\/wp\/v2\/media?parent=7266"}],"curies":[{"name":"wp","href":"https:\/\/api.w.org\/{rel}","templated":true}]}}