{"id":4749,"date":"2020-02-13T05:45:36","date_gmt":"2020-02-13T05:45:36","guid":{"rendered":"https:\/\/www.kaskaloglu.com\/?page_id=4749"},"modified":"2020-02-13T06:22:55","modified_gmt":"2020-02-13T06:22:55","slug":"retinal-detachment","status":"publish","type":"page","link":"https:\/\/www.kaskaloglu.com\/en\/retinal-detachment\/","title":{"rendered":"Retinal Detachment"},"content":{"rendered":"\t\t<div data-elementor-type=\"wp-page\" data-elementor-id=\"4749\" class=\"elementor elementor-4749\" data-elementor-post-type=\"page\">\n\t\t\t\t\t\t<section class=\"elementor-section elementor-top-section elementor-element elementor-element-cb2ef82 mainhead elementor-section-boxed elementor-section-height-default elementor-section-height-default wpr-particle-no wpr-jarallax-no wpr-parallax-no wpr-sticky-section-no\" data-id=\"cb2ef82\" data-element_type=\"section\" data-e-type=\"section\" data-settings=\"{&quot;background_background&quot;:&quot;classic&quot;}\">\n\t\t\t\t\t\t\t<div class=\"elementor-background-overlay\"><\/div>\n\t\t\t\t\t\t\t<div class=\"elementor-container elementor-column-gap-default\">\n\t\t\t\t\t<div class=\"elementor-column elementor-col-100 elementor-top-column elementor-element elementor-element-9a976be\" data-id=\"9a976be\" data-element_type=\"column\" data-e-type=\"column\">\n\t\t\t<div class=\"elementor-widget-wrap elementor-element-populated\">\n\t\t\t\t\t\t<div class=\"elementor-element elementor-element-b5be6bc elementor-widget elementor-widget-heading\" data-id=\"b5be6bc\" data-element_type=\"widget\" data-e-type=\"widget\" data-widget_type=\"heading.default\">\n\t\t\t\t<div class=\"elementor-widget-container\">\n\t\t\t\t\t<h1 class=\"elementor-heading-title elementor-size-default\">Retinal Detachment<\/h1>\t\t\t\t<\/div>\n\t\t\t\t<\/div>\n\t\t\t\t<div class=\"elementor-element elementor-element-fd55ffa elementor-widget elementor-widget-heading\" data-id=\"fd55ffa\" data-element_type=\"widget\" data-e-type=\"widget\" data-widget_type=\"heading.default\">\n\t\t\t\t<div class=\"elementor-widget-container\">\n\t\t\t\t\t<h1 class=\"elementor-heading-title elementor-size-default\">\u0130zmir Kaskaloglu Eye Hospital<\/h1>\t\t\t\t<\/div>\n\t\t\t\t<\/div>\n\t\t\t\t<div class=\"elementor-element elementor-element-0aa93e8 elementor-widget-divider--view-line elementor-widget elementor-widget-divider\" data-id=\"0aa93e8\" data-element_type=\"widget\" data-e-type=\"widget\" data-widget_type=\"divider.default\">\n\t\t\t\t<div class=\"elementor-widget-container\">\n\t\t\t\t\t\t\t<div class=\"elementor-divider\">\n\t\t\t<span class=\"elementor-divider-separator\">\n\t\t\t\t\t\t<\/span>\n\t\t<\/div>\n\t\t\t\t\t\t<\/div>\n\t\t\t\t<\/div>\n\t\t\t\t\t<\/div>\n\t\t<\/div>\n\t\t\t\t\t<\/div>\n\t\t<\/section>\n\t\t\t\t<section class=\"elementor-section elementor-top-section elementor-element elementor-element-a747840 elementor-section-boxed elementor-section-height-default elementor-section-height-default wpr-particle-no wpr-jarallax-no wpr-parallax-no wpr-sticky-section-no\" data-id=\"a747840\" data-element_type=\"section\" data-e-type=\"section\">\n\t\t\t\t\t\t<div class=\"elementor-container elementor-column-gap-no\">\n\t\t\t\t\t<div class=\"elementor-column elementor-col-100 elementor-top-column elementor-element elementor-element-003aee1\" data-id=\"003aee1\" data-element_type=\"column\" data-e-type=\"column\">\n\t\t\t<div class=\"elementor-widget-wrap elementor-element-populated\">\n\t\t\t\t\t\t<section class=\"elementor-section elementor-inner-section elementor-element elementor-element-d4f048e elementor-reverse-mobile elementor-section-boxed elementor-section-height-default elementor-section-height-default wpr-particle-no wpr-jarallax-no wpr-parallax-no wpr-sticky-section-no\" data-id=\"d4f048e\" data-element_type=\"section\" data-e-type=\"section\">\n\t\t\t\t\t\t<div class=\"elementor-container elementor-column-gap-default\">\n\t\t\t\t\t<div class=\"elementor-column elementor-col-50 elementor-inner-column elementor-element elementor-element-0f19bfb\" data-id=\"0f19bfb\" data-element_type=\"column\" data-e-type=\"column\">\n\t\t\t<div class=\"elementor-widget-wrap elementor-element-populated\">\n\t\t\t\t\t\t<div class=\"elementor-element elementor-element-aa8ec6e elementor-widget elementor-widget-text-editor\" data-id=\"aa8ec6e\" data-element_type=\"widget\" data-e-type=\"widget\" data-widget_type=\"text-editor.default\">\n\t\t\t\t<div class=\"elementor-widget-container\">\n\t\t\t\t\t\t\t\t\t<p>Retinal detachment is\u00a0 an emergency situation in which the retina at the back of the eye is detached from its normal position. As retinal detachment cannot heal itself patients need to be operated as soon as possible. The longer retinal detachment goes untreated, the greater your risk of permanent vision loss in the affected eye.<\/p><p>Retinal detachment itself is painless. But warning signs almost always appear before it occurs or has advanced, such as:<\/p><ul><li>The sudden appearance of many floaters\u00a0<\/li><li>Flashes of light in one or both eyes (photopsia)<\/li><li>Blurred vision<\/li><li>Reduced side\u00a0 vision<\/li><li>Dark area over your visual field<\/li><\/ul>\t\t\t\t\t\t\t\t<\/div>\n\t\t\t\t<\/div>\n\t\t\t\t\t<\/div>\n\t\t<\/div>\n\t\t\t\t<div class=\"elementor-column elementor-col-50 elementor-inner-column elementor-element elementor-element-3198f12\" data-id=\"3198f12\" data-element_type=\"column\" data-e-type=\"column\">\n\t\t\t<div class=\"elementor-widget-wrap elementor-element-populated\">\n\t\t\t\t\t\t<div class=\"elementor-element elementor-element-728c71d elementor-widget elementor-widget-image\" data-id=\"728c71d\" data-element_type=\"widget\" data-e-type=\"widget\" data-widget_type=\"image.default\">\n\t\t\t\t<div class=\"elementor-widget-container\">\n\t\t\t\t\t\t\t\t\t\t\t\t\t\t\t<img fetchpriority=\"high\" decoding=\"async\" width=\"800\" height=\"519\" src=\"https:\/\/www.kaskaloglu.com\/wp-content\/uploads\/2020\/02\/retinal-detachment_photo.jpg\" class=\"attachment-large size-large wp-image-4762\" alt=\"\" srcset=\"https:\/\/www.kaskaloglu.com\/wp-content\/uploads\/2020\/02\/retinal-detachment_photo.jpg 1000w, https:\/\/www.kaskaloglu.com\/wp-content\/uploads\/2020\/02\/retinal-detachment_photo-300x195.jpg 300w, https:\/\/www.kaskaloglu.com\/wp-content\/uploads\/2020\/02\/retinal-detachment_photo-768x498.jpg 768w\" sizes=\"(max-width: 800px) 100vw, 800px\" \/>\t\t\t\t\t\t\t\t\t\t\t\t\t\t\t<\/div>\n\t\t\t\t<\/div>\n\t\t\t\t\t<\/div>\n\t\t<\/div>\n\t\t\t\t\t<\/div>\n\t\t<\/section>\n\t\t\t\t<section class=\"elementor-section elementor-inner-section elementor-element elementor-element-d2b5252 elementor-section-boxed elementor-section-height-default elementor-section-height-default wpr-particle-no wpr-jarallax-no wpr-parallax-no wpr-sticky-section-no\" data-id=\"d2b5252\" data-element_type=\"section\" data-e-type=\"section\">\n\t\t\t\t\t\t<div class=\"elementor-container elementor-column-gap-default\">\n\t\t\t\t\t<div class=\"elementor-column elementor-col-50 elementor-inner-column elementor-element elementor-element-7d34d9b\" data-id=\"7d34d9b\" data-element_type=\"column\" data-e-type=\"column\">\n\t\t\t<div class=\"elementor-widget-wrap elementor-element-populated\">\n\t\t\t\t\t\t<div class=\"elementor-element elementor-element-d928b8e elementor-widget elementor-widget-text-editor\" data-id=\"d928b8e\" data-element_type=\"widget\" data-e-type=\"widget\" data-widget_type=\"text-editor.default\">\n\t\t\t\t<div class=\"elementor-widget-container\">\n\t\t\t\t\t\t\t\t\t<p><strong>Diagnosis:<\/strong><\/p><p>Retinal detachment is diagnosed by the eye doctor who uses an ophthalmoscope to look in the back of the eye. Sometime retinal detachment is hidden by blood in the vitreus cavity then ultrasound examination aids the diagnosis.<\/p>\t\t\t\t\t\t\t\t<\/div>\n\t\t\t\t<\/div>\n\t\t\t\t\t<\/div>\n\t\t<\/div>\n\t\t\t\t<div class=\"elementor-column elementor-col-50 elementor-inner-column elementor-element elementor-element-b60a1da\" data-id=\"b60a1da\" data-element_type=\"column\" data-e-type=\"column\">\n\t\t\t<div class=\"elementor-widget-wrap elementor-element-populated\">\n\t\t\t\t\t\t<div class=\"elementor-element elementor-element-2d0dd14 elementor-widget elementor-widget-text-editor\" data-id=\"2d0dd14\" data-element_type=\"widget\" data-e-type=\"widget\" data-widget_type=\"text-editor.default\">\n\t\t\t\t<div class=\"elementor-widget-container\">\n\t\t\t\t\t\t\t\t\t<p><strong>Treatment:<\/strong><\/p><p>Retinal detachment always starts with a tear in the retina, if the patient comes to the doctor at this stage laser photocoagulation or cryopexy may prevent further separation of the retina. After the retina is detached the only option is surgical. There two options: conventional retinal detachment surgery and vitrectomy. You doctor will decide on the technique to be utilized.<\/p><p>At Ka\u015fkalo\u011flu Eye Hospital we have Prof. Tansu Erakg\u00fcn and Prof. Erkin K\u0131r who are specialists in this type of treatments.<\/p>\t\t\t\t\t\t\t\t<\/div>\n\t\t\t\t<\/div>\n\t\t\t\t\t<\/div>\n\t\t<\/div>\n\t\t\t\t\t<\/div>\n\t\t<\/section>\n\t\t\t\t\t<\/div>\n\t\t<\/div>\n\t\t\t\t\t<\/div>\n\t\t<\/section>\n\t\t\t\t<\/div>\n\t\t","protected":false},"excerpt":{"rendered":"<p>\u0130zmir Kaskaloglu Eye Hospital Retinal detachment is\u00a0 an emergency situation in which the retina at the back of the eye is detached from its normal position. As retinal detachment cannot heal itself patients need to be operated as soon as possible. The longer retinal detachment goes untreated, the greater your risk of permanent vision loss in the affected eye. Retinal detachment itself is painless. But warning signs almost always appear before it occurs or has advanced, such as: The sudden appearance of many floaters\u00a0 Flashes of light in one or both eyes (photopsia) Blurred vision Reduced side\u00a0 vision Dark area over your visual field Diagnosis: Retinal detachment is diagnosed by the eye doctor who uses an ophthalmoscope to look in the back of the eye. Sometime retinal detachment is hidden by blood in the vitreus cavity then ultrasound examination aids the diagnosis. Treatment: Retinal detachment always starts with a tear in the retina, if the patient comes to the doctor at this stage laser photocoagulation or cryopexy may prevent further separation of the retina. After the retina is detached the only option is surgical. There two options: conventional retinal detachment surgery and vitrectomy. You doctor will decide on the technique to be utilized. At Ka\u015fkalo\u011flu Eye Hospital we have Prof. Tansu Erakg\u00fcn and Prof. Erkin K\u0131r who are specialists in this type of treatments.<\/p>\n","protected":false},"author":1,"featured_media":0,"parent":0,"menu_order":0,"comment_status":"closed","ping_status":"closed","template":"","meta":{"footnotes":""},"class_list":["post-4749","page","type-page","status-publish","hentry"],"_links":{"self":[{"href":"https:\/\/www.kaskaloglu.com\/en\/wp-json\/wp\/v2\/pages\/4749","targetHints":{"allow":["GET"]}}],"collection":[{"href":"https:\/\/www.kaskaloglu.com\/en\/wp-json\/wp\/v2\/pages"}],"about":[{"href":"https:\/\/www.kaskaloglu.com\/en\/wp-json\/wp\/v2\/types\/page"}],"author":[{"embeddable":true,"href":"https:\/\/www.kaskaloglu.com\/en\/wp-json\/wp\/v2\/users\/1"}],"replies":[{"embeddable":true,"href":"https:\/\/www.kaskaloglu.com\/en\/wp-json\/wp\/v2\/comments?post=4749"}],"version-history":[{"count":0,"href":"https:\/\/www.kaskaloglu.com\/en\/wp-json\/wp\/v2\/pages\/4749\/revisions"}],"wp:attachment":[{"href":"https:\/\/www.kaskaloglu.com\/en\/wp-json\/wp\/v2\/media?parent=4749"}],"curies":[{"name":"wp","href":"https:\/\/api.w.org\/{rel}","templated":true}]}}