{"id":16248,"date":"2023-07-05T11:05:02","date_gmt":"2023-07-05T08:05:02","guid":{"rendered":"https:\/\/www.kaskaloglu.com\/?page_id=16248"},"modified":"2023-07-05T11:07:09","modified_gmt":"2023-07-05T08:07:09","slug":"privacy-notice","status":"publish","type":"page","link":"https:\/\/www.kaskaloglu.com\/en\/privacy-notice\/","title":{"rendered":"PRIVACY NOTICE"},"content":{"rendered":"\t\t<div data-elementor-type=\"wp-page\" data-elementor-id=\"16248\" class=\"elementor elementor-16248\" data-elementor-post-type=\"page\">\n\t\t\t\t\t\t<section class=\"elementor-section elementor-top-section elementor-element elementor-element-db3a0d4 mainhead elementor-section-boxed elementor-section-height-default elementor-section-height-default wpr-particle-no wpr-jarallax-no wpr-parallax-no wpr-sticky-section-no\" data-id=\"db3a0d4\" data-element_type=\"section\" data-e-type=\"section\" data-settings=\"{&quot;background_background&quot;:&quot;classic&quot;}\">\n\t\t\t\t\t\t\t<div class=\"elementor-background-overlay\"><\/div>\n\t\t\t\t\t\t\t<div class=\"elementor-container elementor-column-gap-default\">\n\t\t\t\t\t<div class=\"elementor-column elementor-col-100 elementor-top-column elementor-element elementor-element-eecea43\" data-id=\"eecea43\" data-element_type=\"column\" data-e-type=\"column\">\n\t\t\t<div class=\"elementor-widget-wrap elementor-element-populated\">\n\t\t\t\t\t\t<div class=\"elementor-element elementor-element-5d78eed elementor-widget elementor-widget-heading\" data-id=\"5d78eed\" data-element_type=\"widget\" data-e-type=\"widget\" data-widget_type=\"heading.default\">\n\t\t\t\t<div class=\"elementor-widget-container\">\n\t\t\t\t\t<h1 class=\"elementor-heading-title elementor-size-default\">PRIVACY NOTICE<\/h1>\t\t\t\t<\/div>\n\t\t\t\t<\/div>\n\t\t\t\t<div class=\"elementor-element elementor-element-eac69ab elementor-widget elementor-widget-heading\" data-id=\"eac69ab\" data-element_type=\"widget\" data-e-type=\"widget\" data-widget_type=\"heading.default\">\n\t\t\t\t<div class=\"elementor-widget-container\">\n\t\t\t\t\t<h1 class=\"elementor-heading-title elementor-size-default\">\u0130zmir Ka\u015fkalo\u011flu G\u00f6z Hastanesi<\/h1>\t\t\t\t<\/div>\n\t\t\t\t<\/div>\n\t\t\t\t<div class=\"elementor-element elementor-element-6901c9b elementor-widget-divider--view-line elementor-widget elementor-widget-divider\" data-id=\"6901c9b\" data-element_type=\"widget\" data-e-type=\"widget\" data-widget_type=\"divider.default\">\n\t\t\t\t<div class=\"elementor-widget-container\">\n\t\t\t\t\t\t\t<div class=\"elementor-divider\">\n\t\t\t<span class=\"elementor-divider-separator\">\n\t\t\t\t\t\t<\/span>\n\t\t<\/div>\n\t\t\t\t\t\t<\/div>\n\t\t\t\t<\/div>\n\t\t\t\t\t<\/div>\n\t\t<\/div>\n\t\t\t\t\t<\/div>\n\t\t<\/section>\n\t\t\t\t<section class=\"elementor-section elementor-top-section elementor-element elementor-element-a0bdf3f elementor-section-boxed elementor-section-height-default elementor-section-height-default wpr-particle-no wpr-jarallax-no wpr-parallax-no wpr-sticky-section-no\" data-id=\"a0bdf3f\" data-element_type=\"section\" data-e-type=\"section\" data-settings=\"{&quot;background_background&quot;:&quot;classic&quot;}\">\n\t\t\t\t\t\t<div class=\"elementor-container elementor-column-gap-no\">\n\t\t\t\t\t<div class=\"elementor-column elementor-col-100 elementor-top-column elementor-element elementor-element-19b695c\" data-id=\"19b695c\" data-element_type=\"column\" data-e-type=\"column\">\n\t\t\t<div class=\"elementor-widget-wrap elementor-element-populated\">\n\t\t\t\t\t\t<div class=\"elementor-element elementor-element-26c81f3 elementor-widget elementor-widget-text-editor\" data-id=\"26c81f3\" data-element_type=\"widget\" data-e-type=\"widget\" data-widget_type=\"text-editor.default\">\n\t\t\t\t<div class=\"elementor-widget-container\">\n\t\t\t\t\t\t\t\t\t<p><b>Who we are?<\/b><\/p><p><span style=\"font-weight: 400;\">Kaskaloglu Eye Hospital is a hospital located in Izmir, Turkey that carries out health activities related to eye health. Kaskaloglu Eye Hospital operates in the field of eye health services throughout Turkey.\u00a0<\/span><\/p><p><span style=\"font-weight: 400;\">Kaskaloglu Eye Hospital is provided by the Laser Miyopi \u00d6zel Tedavi Merkezi\u201d Limited Company<\/span><\/p><p><span style=\"font-weight: 400;\">The Laser Miyopi \u00d6zel Tedavi Merkezi\u201d Limited Company is the data controller for Kaskaloglu Eye Hospital.\u00a0<\/span><\/p><p>\u00a0<\/p><p><b>Privacy Laws<\/b><\/p><p><span style=\"font-weight: 400;\">This Privacy Notice sets out the basis on which we collect personal data from you. When we do so, we are subject to the Personal Data Protection Law (TR) and General Data Protection Regulation (\u201cPrivacy Laws\u201d).<\/span><\/p><p>\u00a0<\/p><p><b>What data we collect from you?<\/b><\/p><p><span style=\"font-weight: 400;\">In order that Kaskaloglu Eye Hospital can work effectively for you we collect the following data:<\/span><\/p><ul><li style=\"font-weight: 400;\" aria-level=\"1\"><span style=\"font-weight: 400;\">ID or passport number<\/span><\/li><li style=\"font-weight: 400;\" aria-level=\"1\"><span style=\"font-weight: 400;\">credit card number<\/span><\/li><li style=\"font-weight: 400;\" aria-level=\"1\"><span style=\"font-weight: 400;\">email address or mobile telephone number<\/span><\/li><li style=\"font-weight: 400;\" aria-level=\"1\"><span style=\"font-weight: 400;\">the number of authentication attempts you make<\/span><\/li><li style=\"font-weight: 400;\" aria-level=\"1\"><span style=\"font-weight: 400;\">health information<\/span><\/li><li style=\"font-weight: 400;\" aria-level=\"1\"><span style=\"font-weight: 400;\">Visual and audio recordings<\/span><\/li><li style=\"font-weight: 400;\" aria-level=\"1\"><span style=\"font-weight: 400;\">Security camera recordings<\/span><\/li><li style=\"font-weight: 400;\" aria-level=\"1\"><span style=\"font-weight: 400;\">Invoice information<\/span><\/li><li style=\"font-weight: 400;\" aria-level=\"1\"><span style=\"font-weight: 400;\">IP information<\/span><\/li><li style=\"font-weight: 400;\" aria-level=\"1\"><span style=\"font-weight: 400;\">Adress information<\/span><\/li><\/ul><p><span style=\"font-weight: 400;\">The legal basis for processing your personal data is that it\u2019s necessary to perform a task in the provide health service in Turkey.<\/span><\/p><p>\u00a0<\/p><p><b>Why we need your data?<\/b><\/p><p><span style=\"font-weight: 400;\">We need to collect your data so that we can provide health service.<\/span><\/p><p>\u00a0<\/p><p><b>We may use your personal information to:<\/b><\/p><ul><li style=\"font-weight: 400;\" aria-level=\"1\"><span style=\"font-weight: 400;\">Conducting appointment procedures<\/span><\/li><li style=\"font-weight: 400;\" aria-level=\"1\"><span style=\"font-weight: 400;\">Compliance with information and document requests from judicial and\/or administrative authorities.<\/span><\/li><li style=\"font-weight: 400;\" aria-level=\"1\"><span style=\"font-weight: 400;\">Planning and management of financing for all services provided, and performing billing,<\/span><\/li><li style=\"font-weight: 400;\" aria-level=\"1\"><span style=\"font-weight: 400;\">Conducting appointment procedures\u00a0<\/span><\/li><li style=\"font-weight: 400;\" aria-level=\"1\"><span style=\"font-weight: 400;\">Planning and managing the financing of all provided services, and carrying out invoicing processes\u00a0<\/span><\/li><li style=\"font-weight: 400;\" aria-level=\"1\"><span style=\"font-weight: 400;\">Conducting necessary tests and examinations and managing related processes\u00a0<\/span><\/li><li style=\"font-weight: 400;\" aria-level=\"1\"><span style=\"font-weight: 400;\">Planning patient relationship management processes\u00a0<\/span><\/li><li style=\"font-weight: 400;\" aria-level=\"1\"><span style=\"font-weight: 400;\">Measuring patient satisfaction\u00a0<\/span><\/li><li style=\"font-weight: 400;\" aria-level=\"1\"><span style=\"font-weight: 400;\">Carrying patient check out processes and procedures\u00a0<\/span><\/li><li style=\"font-weight: 400;\" aria-level=\"1\"><span style=\"font-weight: 400;\">Protecting public health<\/span><\/li><\/ul><p>\u00a0<\/p><p><b>What we do with your data<\/b><\/p><p><span style=\"font-weight: 400;\">We will share this information with any goverment organisation from which you access the service if they request it.<\/span><\/p><p><span style=\"font-weight: 400;\">We may occasionally contact you by email or text message, using the information you\u2019ve provided, to give you important information about the Kaskaloglu Eye Hospital service, including:<\/span><\/p><ul><li style=\"font-weight: 400;\" aria-level=\"1\"><span style=\"font-weight: 400;\">major changes to Kaskaloglu Eye Hospital, like restricting access to non-public sector workers<\/span><\/li><li style=\"font-weight: 400;\" aria-level=\"1\"><span style=\"font-weight: 400;\">changes to these terms and conditions<\/span><\/li><li style=\"font-weight: 400;\" aria-level=\"1\"><span style=\"font-weight: 400;\">requests for feedback to improve Kaskaloglu Eye Hospital<\/span><\/li><\/ul><p><span style=\"font-weight: 400;\">We will not:<\/span><\/p><p><span style=\"font-weight: 400;\">sell or rent your data to third parties <\/span><span style=\"font-weight: 400;\">share your data with third parties for marketing purposes<\/span><\/p><p><span style=\"font-weight: 400;\">We will share your data if we are required to by law \u2013 for example, by court order, or to prevent fraud or other crime.<\/span><\/p><p><strong>How do you collect data\u00a0<\/strong><\/p><p><span style=\"font-weight: 400;\">We collect your personal data through automatic or non-automatic methods, including the company&#8217;s affiliated units, website, social media platforms, call center, mobile applications, software used for the conduct of company activities, and through verbal, written or electronic means.<\/span><\/p><p><b>How long we keep your data<\/b><\/p><p><span style=\"font-weight: 400;\">We will only retain your personal data for as long as:<\/span><\/p><ul><li style=\"font-weight: 400;\" aria-level=\"1\"><span style=\"font-weight: 400;\">the law requires us to<\/span><\/li><li style=\"font-weight: 400;\" aria-level=\"1\"><span style=\"font-weight: 400;\">we need to provide this service to you<\/span><\/li><\/ul><p><b>Where your data is processed and stored<\/b><\/p><p><span style=\"font-weight: 400;\">We design, build and run our systems to make sure that your data is as safe as possible at any stage, both while it\u2019s processed and when it\u2019s stored.<\/span><\/p><p><span style=\"font-weight: 400;\">Your personal data may be transferred outside your country while being processed by the company.<\/span><\/p><p>\u00a0<\/p><p><b>How we protect your data and keep it secure<\/b><\/p><p><span style=\"font-weight: 400;\">We are committed to keeping your data secure.<\/span><\/p><p><span style=\"font-weight: 400;\">We set up systems and processes to prevent unauthorised access or disclosure of the data we collect about you \u2013 for example, we protect your data using varying levels of encryption<\/span><\/p><p><span style=\"font-weight: 400;\">We also make sure that third parties we deal with have an obligation to keep all personal data they process on our behalf secure.<\/span><\/p><p>\u00a0<\/p><p><b>Your rights<\/b><\/p><p><span style=\"font-weight: 400;\">You have the right to request: <\/span><span style=\"font-weight: 400;\">information about how your personal data is processed <\/span><span style=\"font-weight: 400;\">a copy of any personal data you have provided in an accessible format <\/span><span style=\"font-weight: 400;\">that anything inaccurate in your personal data is corrected immediately <\/span><span style=\"font-weight: 400;\">to raise an objection about how your personal data is processed <\/span><span style=\"font-weight: 400;\">that your personal data is erased if there is no longer a justification for it <\/span><span style=\"font-weight: 400;\">that the processing of your personal data is restricted in certain circumstances<\/span><\/p><p><span style=\"font-weight: 400;\">If you have any of these requests, get in contact with our Data Protection Officer. Contact details can be found below.<\/span><\/p><p>\u00a0<\/p><p><b>Changes to this notice<\/b><\/p><p><span style=\"font-weight: 400;\">We may modify or amend this privacy notice at our discretion at any time.<\/span><\/p><p><span style=\"font-weight: 400;\">When we make changes to this notice, we will amend the last modified date in this section. Any modification or amendment to this privacy notice will be applied to you and your data as of that revision date.<\/span><\/p><p>\u00a0<\/p><p><b>How to contact us<\/b><\/p><p><b>Data Controller:<\/b><\/p><p><span style=\"font-weight: 400;\">\u201cLASER M\u0130YOP\u0130 \u00d6ZEL TEDAV\u0130 MERKEZ\u0130\u201d limited\u00a0<\/span><\/p><p><b>Registered Office:<\/b> <span style=\"font-weight: 400;\">Mimar Sinan Mahallesi 1400 Sokak No: 10\/Z1 Konak \u0130zmir<\/span><\/p><p><b>Mail:<\/b><span style=\"font-weight: 400;\"> info@kaskaloglu.com<\/span><\/p><p><b>You can access more detailed information from our Kaskaloglu Data Protection Policy.<\/b><\/p>\t\t\t\t\t\t\t\t<\/div>\n\t\t\t\t<\/div>\n\t\t\t\t\t<\/div>\n\t\t<\/div>\n\t\t\t\t\t<\/div>\n\t\t<\/section>\n\t\t\t\t<\/div>\n\t\t","protected":false},"excerpt":{"rendered":"<p>\u0130zmir Ka\u015fkalo\u011flu G\u00f6z Hastanesi Who we are? Kaskaloglu Eye Hospital is a hospital located in Izmir, Turkey that carries out health activities related to eye health. Kaskaloglu Eye Hospital operates in the field of eye health services throughout Turkey.\u00a0 Kaskaloglu Eye Hospital is provided by the Laser Miyopi \u00d6zel Tedavi Merkezi\u201d Limited Company The Laser Miyopi \u00d6zel Tedavi Merkezi\u201d Limited Company is the data controller for Kaskaloglu Eye Hospital.\u00a0 \u00a0 Privacy Laws This Privacy Notice sets out the basis on which we collect personal data from you. When we do so, we are subject to the Personal Data Protection Law (TR) and General Data Protection Regulation (\u201cPrivacy Laws\u201d). \u00a0 What data we collect from you? In order that Kaskaloglu Eye Hospital can work effectively for you we collect the following data: ID or passport number credit card number email address or mobile telephone number the number of authentication attempts you make health information Visual and audio recordings Security camera recordings Invoice information IP information Adress information The legal basis for processing your personal data is that it\u2019s necessary to perform a task in the provide health service in Turkey. \u00a0 Why we need your data? We need to collect your data so that we can provide health service. \u00a0 We may use your personal information to: Conducting appointment procedures Compliance with information and document requests from judicial and\/or administrative authorities. Planning and management of financing for all services provided, and performing billing, Conducting appointment procedures\u00a0 Planning and managing the financing of all provided services, and carrying out invoicing processes\u00a0 Conducting necessary tests and examinations and managing related processes\u00a0 Planning patient relationship management processes\u00a0 Measuring patient satisfaction\u00a0 Carrying patient check out processes and procedures\u00a0 Protecting public health \u00a0 What we do with your data We will share this information with any goverment organisation from which you access the service if they request it. We may occasionally contact you by email or text message, using the information you\u2019ve provided, to give you important information about the Kaskaloglu Eye Hospital service, including: major changes to Kaskaloglu Eye Hospital, like restricting access to non-public sector workers changes to these terms and conditions requests for feedback to improve Kaskaloglu Eye Hospital We will not: sell or rent your data to third parties share your data with third parties for marketing purposes We will share your data if we are required to by law \u2013 for example, by court order, or to prevent fraud or other crime. How do you collect data\u00a0 We collect your personal data through automatic or non-automatic methods, including the company&#8217;s affiliated units, website, social media platforms, call center, mobile applications, software used for the conduct of company activities, and through verbal, written or electronic means. How long we keep your data We will only retain your personal data for as long as: the law requires us to we need to provide this service to you Where your data is processed and stored We design, build and run our systems to make sure that your data is as safe as possible at any stage, both while it\u2019s processed and when it\u2019s stored. Your personal data may be transferred outside your country while being processed by the company. \u00a0 How we protect your data and keep it secure We are committed to keeping your data secure. We set up systems and processes to prevent unauthorised access or disclosure of the data we collect about you \u2013 for example, we protect your data using varying levels of encryption We also make sure that third parties we deal with have an obligation to keep all personal data they process on our behalf secure. \u00a0 Your rights You have the right to request: information about how your personal data is processed a copy of any personal data you have provided in an accessible format that anything inaccurate in your personal data is corrected immediately to raise an objection about how your personal data is processed that your personal data is erased if there is no longer a justification for it that the processing of your personal data is restricted in certain circumstances If you have any of these requests, get in contact with our Data Protection Officer. Contact details can be found below. \u00a0 Changes to this notice We may modify or amend this privacy notice at our discretion at any time. When we make changes to this notice, we will amend the last modified date in this section. Any modification or amendment to this privacy notice will be applied to you and your data as of that revision date. \u00a0 How to contact us Data Controller: \u201cLASER M\u0130YOP\u0130 \u00d6ZEL TEDAV\u0130 MERKEZ\u0130\u201d limited\u00a0 Registered Office: Mimar Sinan Mahallesi 1400 Sokak No: 10\/Z1 Konak \u0130zmir Mail: info@kaskaloglu.com You can access more detailed information from our Kaskaloglu Data Protection Policy.<\/p>\n","protected":false},"author":1,"featured_media":0,"parent":0,"menu_order":0,"comment_status":"closed","ping_status":"closed","template":"","meta":{"footnotes":""},"class_list":["post-16248","page","type-page","status-publish","hentry"],"_links":{"self":[{"href":"https:\/\/www.kaskaloglu.com\/en\/wp-json\/wp\/v2\/pages\/16248","targetHints":{"allow":["GET"]}}],"collection":[{"href":"https:\/\/www.kaskaloglu.com\/en\/wp-json\/wp\/v2\/pages"}],"about":[{"href":"https:\/\/www.kaskaloglu.com\/en\/wp-json\/wp\/v2\/types\/page"}],"author":[{"embeddable":true,"href":"https:\/\/www.kaskaloglu.com\/en\/wp-json\/wp\/v2\/users\/1"}],"replies":[{"embeddable":true,"href":"https:\/\/www.kaskaloglu.com\/en\/wp-json\/wp\/v2\/comments?post=16248"}],"version-history":[{"count":4,"href":"https:\/\/www.kaskaloglu.com\/en\/wp-json\/wp\/v2\/pages\/16248\/revisions"}],"predecessor-version":[{"id":16252,"href":"https:\/\/www.kaskaloglu.com\/en\/wp-json\/wp\/v2\/pages\/16248\/revisions\/16252"}],"wp:attachment":[{"href":"https:\/\/www.kaskaloglu.com\/en\/wp-json\/wp\/v2\/media?parent=16248"}],"curies":[{"name":"wp","href":"https:\/\/api.w.org\/{rel}","templated":true}]}}