{"id":5058,"date":"2019-06-26T06:40:56","date_gmt":"2019-06-26T06:40:56","guid":{"rendered":"https:\/\/www.kaskaloglu.com\/pricing\/"},"modified":"2025-07-15T20:14:09","modified_gmt":"2025-07-15T17:14:09","slug":"preisgestaltung","status":"publish","type":"page","link":"https:\/\/www.kaskaloglu.com\/de\/preisgestaltung\/","title":{"rendered":"Preisgestaltung"},"content":{"rendered":"\t\t<div data-elementor-type=\"wp-post\" data-elementor-id=\"5058\" class=\"elementor elementor-5058 elementor-153\" data-elementor-post-type=\"page\">\n\t\t\t\t\t\t<section class=\"elementor-section elementor-top-section elementor-element elementor-element-99a5fdf mainhead elementor-section-boxed elementor-section-height-default elementor-section-height-default wpr-particle-no wpr-jarallax-no wpr-parallax-no wpr-sticky-section-no wpr-equal-height-no\" data-id=\"99a5fdf\" data-element_type=\"section\" data-e-type=\"section\" data-settings=\"{&quot;background_background&quot;:&quot;classic&quot;}\">\n\t\t\t\t\t\t\t<div class=\"elementor-background-overlay\"><\/div>\n\t\t\t\t\t\t\t<div class=\"elementor-container elementor-column-gap-default\">\n\t\t\t\t\t<div class=\"elementor-column elementor-col-100 elementor-top-column elementor-element elementor-element-e48a51f\" data-id=\"e48a51f\" data-element_type=\"column\" data-e-type=\"column\">\n\t\t\t<div class=\"elementor-widget-wrap elementor-element-populated\">\n\t\t\t\t\t\t<div class=\"elementor-element elementor-element-728ece1 elementor-widget elementor-widget-heading\" data-id=\"728ece1\" data-element_type=\"widget\" data-e-type=\"widget\" data-widget_type=\"heading.default\">\n\t\t\t\t<div class=\"elementor-widget-container\">\n\t\t\t\t\t<h1 class=\"elementor-heading-title elementor-size-default\">Preisgestaltung<\/h1>\t\t\t\t<\/div>\n\t\t\t\t<\/div>\n\t\t\t\t<div class=\"elementor-element elementor-element-fabb7ed elementor-widget elementor-widget-heading\" data-id=\"fabb7ed\" data-element_type=\"widget\" data-e-type=\"widget\" data-widget_type=\"heading.default\">\n\t\t\t\t<div class=\"elementor-widget-container\">\n\t\t\t\t\t<h2 class=\"elementor-heading-title elementor-size-default\">\u0130zmir Ka\u015fkalo\u011flu Augenklinik<\/h2>\t\t\t\t<\/div>\n\t\t\t\t<\/div>\n\t\t\t\t<div class=\"elementor-element elementor-element-cc6740c elementor-widget-divider--view-line elementor-widget elementor-widget-divider\" data-id=\"cc6740c\" data-element_type=\"widget\" data-e-type=\"widget\" data-widget_type=\"divider.default\">\n\t\t\t\t<div class=\"elementor-widget-container\">\n\t\t\t\t\t\t\t<div class=\"elementor-divider\">\n\t\t\t<span class=\"elementor-divider-separator\">\n\t\t\t\t\t\t<\/span>\n\t\t<\/div>\n\t\t\t\t\t\t<\/div>\n\t\t\t\t<\/div>\n\t\t\t\t\t<\/div>\n\t\t<\/div>\n\t\t\t\t\t<\/div>\n\t\t<\/section>\n\t\t\t\t<section class=\"elementor-section elementor-top-section elementor-element elementor-element-5b4cc68d elementor-section-boxed elementor-section-height-default elementor-section-height-default wpr-particle-no wpr-jarallax-no wpr-parallax-no wpr-sticky-section-no wpr-equal-height-no\" data-id=\"5b4cc68d\" data-element_type=\"section\" data-e-type=\"section\">\n\t\t\t\t\t\t<div class=\"elementor-container elementor-column-gap-no\">\n\t\t\t\t\t<div class=\"elementor-column elementor-col-100 elementor-top-column elementor-element elementor-element-2ba5b750\" data-id=\"2ba5b750\" data-element_type=\"column\" data-e-type=\"column\">\n\t\t\t<div class=\"elementor-widget-wrap elementor-element-populated\">\n\t\t\t\t\t\t<section class=\"elementor-section elementor-inner-section elementor-element elementor-element-6d4856aa elementor-reverse-mobile elementor-section-boxed elementor-section-height-default elementor-section-height-default wpr-particle-no wpr-jarallax-no wpr-parallax-no wpr-sticky-section-no wpr-equal-height-no\" data-id=\"6d4856aa\" data-element_type=\"section\" data-e-type=\"section\">\n\t\t\t\t\t\t<div class=\"elementor-container elementor-column-gap-default\">\n\t\t\t\t\t<div class=\"elementor-column elementor-col-50 elementor-inner-column elementor-element elementor-element-f5f11a6\" data-id=\"f5f11a6\" data-element_type=\"column\" data-e-type=\"column\">\n\t\t\t<div class=\"elementor-widget-wrap elementor-element-populated\">\n\t\t\t\t\t\t<div class=\"elementor-element elementor-element-38ff6960 elementor-widget elementor-widget-heading\" data-id=\"38ff6960\" data-element_type=\"widget\" data-e-type=\"widget\" data-widget_type=\"heading.default\">\n\t\t\t\t<div class=\"elementor-widget-container\">\n\t\t\t\t\t<h4 class=\"elementor-heading-title elementor-size-default\">Preisgestaltung<\/h4>\t\t\t\t<\/div>\n\t\t\t\t<\/div>\n\t\t\t\t<div class=\"elementor-element elementor-element-9233434 elementor-widget elementor-widget-text-editor\" data-id=\"9233434\" data-element_type=\"widget\" data-e-type=\"widget\" data-widget_type=\"text-editor.default\">\n\t\t\t\t<div class=\"elementor-widget-container\">\n\t\t\t\t\t\t\t\t\t<h2 data-start=\"110\" data-end=\"140\">Preise &amp; Reiseinformationen<\/h2><p data-start=\"142\" data-end=\"465\">Im <strong data-start=\"145\" data-end=\"176\">Ka\u015fkalo\u011flu Augenkrankenhaus<\/strong> bieten wir <strong data-start=\"188\" data-end=\"243\">hochwertige und dennoch erschwingliche Behandlungen<\/strong> zur Sehkorrektur \u2013 ganz individuell auf Ihre Bed\u00fcrfnisse abgestimmt. Ob LASIK, SMILE oder Linsentausch: Bei uns erwarten Sie modernste Technik, erfahrene Chirurgen und volle Preistransparenz \u2013 ganz ohne versteckte Kosten.<\/p><hr data-start=\"467\" data-end=\"470\" \/><h3 data-start=\"472\" data-end=\"517\">\ud83c\udfe5 Was ist im Behandlungspaket enthalten?<\/h3><p data-start=\"519\" data-end=\"577\">Wir bieten zwei Optionen f\u00fcr internationale Patient*innen:<\/p><h4 data-start=\"579\" data-end=\"619\"><strong data-start=\"584\" data-end=\"619\">Standardpaket (nur medizinisch)<\/strong><\/h4><ul data-start=\"620\" data-end=\"848\"><li data-start=\"620\" data-end=\"648\"><p data-start=\"622\" data-end=\"648\">Kostenloses Erstgespr\u00e4ch<\/p><\/li><li data-start=\"649\" data-end=\"679\"><p data-start=\"651\" data-end=\"679\">Hochmoderne Augenoperation<\/p><\/li><li data-start=\"680\" data-end=\"724\"><p data-start=\"682\" data-end=\"724\">Postoperative Medikamente (Augentropfen)<\/p><\/li><li data-start=\"725\" data-end=\"752\"><p data-start=\"727\" data-end=\"752\">Alle Nachuntersuchungen<\/p><\/li><li data-start=\"753\" data-end=\"848\"><p data-start=\"755\" data-end=\"848\"><strong data-start=\"755\" data-end=\"808\">Kostenlose Nachbehandlung innerhalb von 10 Jahren<\/strong>, falls notwendig (bei Laseroperationen)<\/p><\/li><\/ul><h4 data-start=\"850\" data-end=\"894\"><strong data-start=\"855\" data-end=\"894\">Premium-Paket (medizinisch + Reise)<\/strong><\/h4><p data-start=\"895\" data-end=\"945\">Enth\u00e4lt alles aus dem Standardpaket, zus\u00e4tzlich:<\/p><ul data-start=\"946\" data-end=\"1116\"><li data-start=\"946\" data-end=\"1022\"><p data-start=\"948\" data-end=\"1022\">Transfer vom <strong data-start=\"961\" data-end=\"999\">Flughafen zum Hotel und zur Klinik<\/strong> (Hin- und R\u00fcckfahrt)<\/p><\/li><li data-start=\"1023\" data-end=\"1116\"><p data-start=\"1025\" data-end=\"1116\"><strong data-start=\"1025\" data-end=\"1071\">3 \u00dcbernachtungen im 3- oder 4-Sterne-Hotel<\/strong> (Einzel- oder Doppelzimmer, inkl. Fr\u00fchst\u00fcck)<\/p><\/li><\/ul><blockquote data-start=\"1118\" data-end=\"1212\"><p data-start=\"1120\" data-end=\"1212\"><em data-start=\"1120\" data-end=\"1139\">Ideal f\u00fcr Patient<\/em>innen aus dem Ausland, die eine sorgenfreie medizinische Reise w\u00fcnschen.*<\/p><\/blockquote><hr data-start=\"1214\" data-end=\"1217\" \/><h3 data-start=\"1219\" data-end=\"1273\">\ud83d\udcb6 Faire Preise &amp; Unterst\u00fctzung bei Versicherungen<\/h3><p data-start=\"1275\" data-end=\"1391\">Aktuelle Preise finden Sie auf unserer Partnerseite:<br data-start=\"1327\" data-end=\"1330\" \/>\ud83d\udc49 <a class=\"\" href=\"https:\/\/www.eyetravelturkey.com\" target=\"_new\" rel=\"noopener\" data-start=\"1333\" data-end=\"1391\">www.eyetravelturkey.com<\/a><\/p><blockquote data-start=\"1393\" data-end=\"1694\"><p data-start=\"1395\" data-end=\"1694\">Beim Preisvergleich mit anderen Kliniken ist es wichtig, dieselbe Technik und den gleichen Leistungsumfang zu vergleichen \u2013 z.\u202fB. <strong data-start=\"1525\" data-end=\"1550\">Femto-Wavefront-LASIK<\/strong> oder <strong data-start=\"1556\" data-end=\"1590\">laserassistierter Linsentausch<\/strong>.<br data-start=\"1591\" data-end=\"1594\" \/>Bei Ka\u015fkalo\u011flu profitieren Sie von <strong data-start=\"1631\" data-end=\"1693\">langj\u00e4hriger Erfahrung und h\u00f6chster chirurgischer Qualit\u00e4t<\/strong>.<\/p><\/blockquote><p data-start=\"1696\" data-end=\"1881\">Falls Sie eine <strong data-start=\"1711\" data-end=\"1750\">private Auslandskrankenversicherung<\/strong> haben, stellen wir Ihnen gerne eine detaillierte Rechnung oder einen Kostenvoranschlag zur Einreichung bei Ihrer Versicherung aus.<\/p><hr data-start=\"1883\" data-end=\"1886\" \/><h3 data-start=\"1888\" data-end=\"1916\">\u2708\ufe0f Ihre Reise nach Izmir<\/h3><p data-start=\"1918\" data-end=\"2064\">Bitte planen Sie f\u00fcr Ihren Aufenthalt in Izmir <strong data-start=\"1965\" data-end=\"1992\">mindestens 2 bis 4 Tage<\/strong> ein, um die Voruntersuchung, Operation und Nachkontrollen wahrzunehmen.<\/p><h4 data-start=\"2066\" data-end=\"2095\">Anreise leicht gemacht<\/h4><p data-start=\"2096\" data-end=\"2355\">Izmir ist aus vielen St\u00e4dten in <strong data-start=\"2128\" data-end=\"2195\">Deutschland, \u00d6sterreich, der Schweiz, Gro\u00dfbritannien und Irland<\/strong> direkt erreichbar.<br data-start=\"2214\" data-end=\"2217\" \/>Fluggesellschaften wie <strong data-start=\"2240\" data-end=\"2283\">Pegasus, Jet2, TUI, EasyJet, SunExpress<\/strong> und <strong data-start=\"2288\" data-end=\"2302\">Aer Lingus<\/strong> bieten Direktfl\u00fcge zum <strong data-start=\"2326\" data-end=\"2351\">Flughafen Izmir (ADB)<\/strong> an.<\/p><h4 data-start=\"2357\" data-end=\"2394\">Vom Flughafen ins Stadtzentrum<\/h4><ul data-start=\"2395\" data-end=\"2642\"><li data-start=\"2395\" data-end=\"2433\"><p data-start=\"2397\" data-end=\"2433\"><strong data-start=\"2397\" data-end=\"2405\">Taxi<\/strong>: ca. 30 Minuten, ca. 20\u202f\u20ac<\/p><\/li><li data-start=\"2434\" data-end=\"2503\"><p data-start=\"2436\" data-end=\"2503\"><strong data-start=\"2436\" data-end=\"2449\">IZBAN-Zug<\/strong>: ca. 20 Minuten bis <strong data-start=\"2470\" data-end=\"2490\">Alsancak Bahnhof<\/strong>, unter 1\u202f\u20ac<\/p><\/li><li data-start=\"2504\" data-end=\"2580\"><p data-start=\"2506\" data-end=\"2580\">Von <strong data-start=\"2510\" data-end=\"2522\">Alsancak<\/strong> erreichen Sie unsere Klinik in nur 10\u201315 Minuten zu Fu\u00df<\/p><\/li><li data-start=\"2581\" data-end=\"2642\"><p data-start=\"2583\" data-end=\"2642\">Das <strong data-start=\"2587\" data-end=\"2601\">Ibis Hotel<\/strong> liegt nur 100 Meter vom Bahnhof entfernt<\/p><\/li><\/ul><hr data-start=\"2644\" data-end=\"2647\" \/><h3 data-start=\"2649\" data-end=\"2676\">\ud83c\udfe8 Unterk\u00fcnfte in Izmir<\/h3><p data-start=\"2678\" data-end=\"2954\">In Izmir finden Sie viele Hotels unterschiedlicher Kategorien \u2013 viele davon in fu\u00dfl\u00e4ufiger N\u00e4he zur Klinik.<br data-start=\"2785\" data-end=\"2788\" \/>Wenn Sie Ihre Unterkunft selbst buchen m\u00f6chten, ist das kein Problem. Wir bieten Ihnen dennoch <strong data-start=\"2883\" data-end=\"2933\">kostenlosen Transfer zwischen Hotel und Klinik<\/strong> innerhalb der Stadt.<\/p><blockquote data-start=\"2956\" data-end=\"3098\"><p data-start=\"2958\" data-end=\"3098\">Unser Team hilft Ihnen gern bei Hotelbuchung, Transfer oder Reiseplanung \u2013 damit Sie sich voll und ganz auf Ihre Augen konzentrieren k\u00f6nnen.<\/p><\/blockquote>\t\t\t\t\t\t\t\t<\/div>\n\t\t\t\t<\/div>\n\t\t\t\t\t<\/div>\n\t\t<\/div>\n\t\t\t\t<div class=\"elementor-column elementor-col-50 elementor-inner-column elementor-element elementor-element-1e89d159\" data-id=\"1e89d159\" data-element_type=\"column\" data-e-type=\"column\">\n\t\t\t<div class=\"elementor-widget-wrap elementor-element-populated\">\n\t\t\t\t\t\t<div class=\"elementor-element elementor-element-35dd8ff1 elementor-widget elementor-widget-image\" data-id=\"35dd8ff1\" data-element_type=\"widget\" data-e-type=\"widget\" data-widget_type=\"image.default\">\n\t\t\t\t<div class=\"elementor-widget-container\">\n\t\t\t\t\t\t\t\t\t\t\t\t\t\t\t<img fetchpriority=\"high\" decoding=\"async\" width=\"800\" height=\"520\" src=\"https:\/\/www.kaskaloglu.com\/wp-content\/uploads\/2019\/07\/izmir-turkey-1024x665.jpg\" class=\"attachment-large size-large wp-image-348\" alt=\"\" srcset=\"https:\/\/www.kaskaloglu.com\/wp-content\/uploads\/2019\/07\/izmir-turkey-1024x665.jpg 1024w, https:\/\/www.kaskaloglu.com\/wp-content\/uploads\/2019\/07\/izmir-turkey-300x195.jpg 300w, https:\/\/www.kaskaloglu.com\/wp-content\/uploads\/2019\/07\/izmir-turkey-768x498.jpg 768w, https:\/\/www.kaskaloglu.com\/wp-content\/uploads\/2019\/07\/izmir-turkey.jpg 1154w\" sizes=\"(max-width: 800px) 100vw, 800px\" \/>\t\t\t\t\t\t\t\t\t\t\t\t\t\t\t<\/div>\n\t\t\t\t<\/div>\n\t\t\t\t\t<\/div>\n\t\t<\/div>\n\t\t\t\t\t<\/div>\n\t\t<\/section>\n\t\t\t\t<section class=\"elementor-section elementor-inner-section elementor-element elementor-element-d75d3ba elementor-section-boxed elementor-section-height-default elementor-section-height-default wpr-particle-no wpr-jarallax-no wpr-parallax-no wpr-sticky-section-no wpr-equal-height-no\" data-id=\"d75d3ba\" data-element_type=\"section\" data-e-type=\"section\">\n\t\t\t\t\t\t<div class=\"elementor-container elementor-column-gap-default\">\n\t\t\t\t\t<div class=\"elementor-column elementor-col-50 elementor-inner-column elementor-element elementor-element-36ff85d\" data-id=\"36ff85d\" data-element_type=\"column\" data-e-type=\"column\">\n\t\t\t<div class=\"elementor-widget-wrap elementor-element-populated\">\n\t\t\t\t\t\t<div class=\"elementor-element elementor-element-3afc5e4 elementor-widget elementor-widget-image\" data-id=\"3afc5e4\" data-element_type=\"widget\" data-e-type=\"widget\" data-widget_type=\"image.default\">\n\t\t\t\t<div class=\"elementor-widget-container\">\n\t\t\t\t\t\t\t\t\t\t\t\t\t\t\t<img decoding=\"async\" width=\"800\" height=\"520\" src=\"https:\/\/www.kaskaloglu.com\/wp-content\/uploads\/2019\/07\/izmir-1024x665.jpg\" class=\"attachment-large size-large wp-image-350\" alt=\"\" srcset=\"https:\/\/www.kaskaloglu.com\/wp-content\/uploads\/2019\/07\/izmir-1024x665.jpg 1024w, https:\/\/www.kaskaloglu.com\/wp-content\/uploads\/2019\/07\/izmir-300x195.jpg 300w, https:\/\/www.kaskaloglu.com\/wp-content\/uploads\/2019\/07\/izmir-768x498.jpg 768w, https:\/\/www.kaskaloglu.com\/wp-content\/uploads\/2019\/07\/izmir.jpg 1154w\" sizes=\"(max-width: 800px) 100vw, 800px\" \/>\t\t\t\t\t\t\t\t\t\t\t\t\t\t\t<\/div>\n\t\t\t\t<\/div>\n\t\t\t\t\t<\/div>\n\t\t<\/div>\n\t\t\t\t<div class=\"elementor-column elementor-col-50 elementor-inner-column elementor-element elementor-element-65f6447\" data-id=\"65f6447\" data-element_type=\"column\" data-e-type=\"column\">\n\t\t\t<div class=\"elementor-widget-wrap elementor-element-populated\">\n\t\t\t\t\t\t\t<\/div>\n\t\t<\/div>\n\t\t\t\t\t<\/div>\n\t\t<\/section>\n\t\t\t\t\t<\/div>\n\t\t<\/div>\n\t\t\t\t\t<\/div>\n\t\t<\/section>\n\t\t\t\t<\/div>\n\t\t<p class=\"last-updated\">Son G\u00fcncelleme 15 Juli 2025 Saat 20:14 p.m.<\/p>","protected":false},"excerpt":{"rendered":"<p>\u0130zmir Ka\u015fkalo\u011flu Augenklinik Preisgestaltung Preise &amp; Reiseinformationen Im Ka\u015fkalo\u011flu Augenkrankenhaus bieten wir hochwertige und dennoch erschwingliche Behandlungen zur Sehkorrektur \u2013 ganz individuell auf Ihre Bed\u00fcrfnisse abgestimmt. Ob LASIK, SMILE oder Linsentausch: Bei uns erwarten Sie modernste Technik, erfahrene Chirurgen und volle Preistransparenz \u2013 ganz ohne versteckte Kosten. \ud83c\udfe5 Was ist im Behandlungspaket enthalten? Wir bieten zwei Optionen f\u00fcr internationale Patient*innen: Standardpaket (nur medizinisch) Kostenloses Erstgespr\u00e4ch Hochmoderne Augenoperation Postoperative Medikamente (Augentropfen) Alle Nachuntersuchungen Kostenlose Nachbehandlung innerhalb von 10 Jahren, falls notwendig (bei Laseroperationen) Premium-Paket (medizinisch + Reise) Enth\u00e4lt alles aus dem Standardpaket, zus\u00e4tzlich: Transfer vom Flughafen zum Hotel und zur Klinik (Hin- und R\u00fcckfahrt) 3 \u00dcbernachtungen im 3- oder 4-Sterne-Hotel (Einzel- oder Doppelzimmer, inkl. Fr\u00fchst\u00fcck) Ideal f\u00fcr Patientinnen aus dem Ausland, die eine sorgenfreie medizinische Reise w\u00fcnschen.* \ud83d\udcb6 Faire Preise &amp; Unterst\u00fctzung bei Versicherungen Aktuelle Preise finden Sie auf unserer Partnerseite:\ud83d\udc49 www.eyetravelturkey.com Beim Preisvergleich mit anderen Kliniken ist es wichtig, dieselbe Technik und den gleichen Leistungsumfang zu vergleichen \u2013 z.\u202fB. Femto-Wavefront-LASIK oder laserassistierter Linsentausch.Bei Ka\u015fkalo\u011flu profitieren Sie von langj\u00e4hriger Erfahrung und h\u00f6chster chirurgischer Qualit\u00e4t. Falls Sie eine private Auslandskrankenversicherung haben, stellen wir Ihnen gerne eine detaillierte Rechnung oder einen Kostenvoranschlag zur Einreichung bei Ihrer Versicherung aus. \u2708\ufe0f Ihre Reise nach Izmir Bitte planen Sie f\u00fcr Ihren Aufenthalt in Izmir mindestens 2 bis 4 Tage ein, um die Voruntersuchung, Operation und Nachkontrollen wahrzunehmen. Anreise leicht gemacht Izmir ist aus vielen St\u00e4dten in Deutschland, \u00d6sterreich, der Schweiz, Gro\u00dfbritannien und Irland direkt erreichbar.Fluggesellschaften wie Pegasus, Jet2, TUI, EasyJet, SunExpress und Aer Lingus bieten Direktfl\u00fcge zum Flughafen Izmir (ADB) an. Vom Flughafen ins Stadtzentrum Taxi: ca. 30 Minuten, ca. 20\u202f\u20ac IZBAN-Zug: ca. 20 Minuten bis Alsancak Bahnhof, unter 1\u202f\u20ac Von Alsancak erreichen Sie unsere Klinik in nur 10\u201315 Minuten zu Fu\u00df Das Ibis Hotel liegt nur 100 Meter vom Bahnhof entfernt \ud83c\udfe8 Unterk\u00fcnfte in Izmir In Izmir finden Sie viele Hotels unterschiedlicher Kategorien \u2013 viele davon in fu\u00dfl\u00e4ufiger N\u00e4he zur Klinik.Wenn Sie Ihre Unterkunft selbst buchen m\u00f6chten, ist das kein Problem. Wir bieten Ihnen dennoch kostenlosen Transfer zwischen Hotel und Klinik innerhalb der Stadt. Unser Team hilft Ihnen gern bei Hotelbuchung, Transfer oder Reiseplanung \u2013 damit Sie sich voll und ganz auf Ihre Augen konzentrieren k\u00f6nnen. Son G\u00fcncelleme 15 Juli 2025 Saat 20:14 p.m.<\/p>\n","protected":false},"author":1,"featured_media":0,"parent":0,"menu_order":0,"comment_status":"closed","ping_status":"closed","template":"","meta":{"footnotes":""},"class_list":["post-5058","page","type-page","status-publish","hentry"],"_links":{"self":[{"href":"https:\/\/www.kaskaloglu.com\/de\/wp-json\/wp\/v2\/pages\/5058","targetHints":{"allow":["GET"]}}],"collection":[{"href":"https:\/\/www.kaskaloglu.com\/de\/wp-json\/wp\/v2\/pages"}],"about":[{"href":"https:\/\/www.kaskaloglu.com\/de\/wp-json\/wp\/v2\/types\/page"}],"author":[{"embeddable":true,"href":"https:\/\/www.kaskaloglu.com\/de\/wp-json\/wp\/v2\/users\/1"}],"replies":[{"embeddable":true,"href":"https:\/\/www.kaskaloglu.com\/de\/wp-json\/wp\/v2\/comments?post=5058"}],"version-history":[{"count":6,"href":"https:\/\/www.kaskaloglu.com\/de\/wp-json\/wp\/v2\/pages\/5058\/revisions"}],"predecessor-version":[{"id":22514,"href":"https:\/\/www.kaskaloglu.com\/de\/wp-json\/wp\/v2\/pages\/5058\/revisions\/22514"}],"wp:attachment":[{"href":"https:\/\/www.kaskaloglu.com\/de\/wp-json\/wp\/v2\/media?parent=5058"}],"curies":[{"name":"wp","href":"https:\/\/api.w.org\/{rel}","templated":true}]}}