{"id":5053,"date":"2019-07-04T07:13:03","date_gmt":"2019-07-04T07:13:03","guid":{"rendered":"https:\/\/www.kaskaloglu.com\/lens-replacement\/"},"modified":"2023-01-11T09:52:56","modified_gmt":"2023-01-11T06:52:56","slug":"linsenimplantation","status":"publish","type":"page","link":"https:\/\/www.kaskaloglu.com\/de\/linsenimplantation\/","title":{"rendered":"Linsenimplantation"},"content":{"rendered":"\t\t<div data-elementor-type=\"wp-post\" data-elementor-id=\"5053\" class=\"elementor elementor-5053 elementor-368\" data-elementor-post-type=\"page\">\n\t\t\t\t\t\t<section class=\"elementor-section elementor-top-section elementor-element elementor-element-cd0a884 mainhead elementor-section-boxed elementor-section-height-default elementor-section-height-default wpr-particle-no wpr-jarallax-no wpr-parallax-no wpr-sticky-section-no wpr-equal-height-no\" data-id=\"cd0a884\" data-element_type=\"section\" data-e-type=\"section\" data-settings=\"{&quot;background_background&quot;:&quot;classic&quot;}\">\n\t\t\t\t\t\t\t<div class=\"elementor-background-overlay\"><\/div>\n\t\t\t\t\t\t\t<div class=\"elementor-container elementor-column-gap-default\">\n\t\t\t\t\t<div class=\"elementor-column elementor-col-100 elementor-top-column elementor-element elementor-element-9a83e87\" data-id=\"9a83e87\" data-element_type=\"column\" data-e-type=\"column\">\n\t\t\t<div class=\"elementor-widget-wrap elementor-element-populated\">\n\t\t\t\t\t\t<div class=\"elementor-element elementor-element-3510b2c elementor-widget elementor-widget-heading\" data-id=\"3510b2c\" data-element_type=\"widget\" data-e-type=\"widget\" data-widget_type=\"heading.default\">\n\t\t\t\t<div class=\"elementor-widget-container\">\n\t\t\t\t\t<h1 class=\"elementor-heading-title elementor-size-default\">Linsenimplantation<\/h1>\t\t\t\t<\/div>\n\t\t\t\t<\/div>\n\t\t\t\t<div class=\"elementor-element elementor-element-7c74d9a elementor-widget elementor-widget-heading\" data-id=\"7c74d9a\" data-element_type=\"widget\" data-e-type=\"widget\" data-widget_type=\"heading.default\">\n\t\t\t\t<div class=\"elementor-widget-container\">\n\t\t\t\t\t<h1 class=\"elementor-heading-title elementor-size-default\">\u0130zmir Ka\u015fkalo\u011flu Augenklinik<\/h1>\t\t\t\t<\/div>\n\t\t\t\t<\/div>\n\t\t\t\t<div class=\"elementor-element elementor-element-2cfa4ac elementor-widget-divider--view-line elementor-widget elementor-widget-divider\" data-id=\"2cfa4ac\" data-element_type=\"widget\" data-e-type=\"widget\" data-widget_type=\"divider.default\">\n\t\t\t\t<div class=\"elementor-widget-container\">\n\t\t\t\t\t\t\t<div class=\"elementor-divider\">\n\t\t\t<span class=\"elementor-divider-separator\">\n\t\t\t\t\t\t<\/span>\n\t\t<\/div>\n\t\t\t\t\t\t<\/div>\n\t\t\t\t<\/div>\n\t\t\t\t\t<\/div>\n\t\t<\/div>\n\t\t\t\t\t<\/div>\n\t\t<\/section>\n\t\t\t\t<section class=\"elementor-section elementor-top-section elementor-element elementor-element-39bfaf93 elementor-section-boxed elementor-section-height-default elementor-section-height-default wpr-particle-no wpr-jarallax-no wpr-parallax-no wpr-sticky-section-no wpr-equal-height-no\" data-id=\"39bfaf93\" data-element_type=\"section\" data-e-type=\"section\">\n\t\t\t\t\t\t<div class=\"elementor-container elementor-column-gap-no\">\n\t\t\t\t\t<div class=\"elementor-column elementor-col-100 elementor-top-column elementor-element elementor-element-30cc0c21\" data-id=\"30cc0c21\" data-element_type=\"column\" data-e-type=\"column\">\n\t\t\t<div class=\"elementor-widget-wrap elementor-element-populated\">\n\t\t\t\t\t\t<section class=\"elementor-section elementor-inner-section elementor-element elementor-element-13b04a57 elementor-reverse-mobile elementor-section-boxed elementor-section-height-default elementor-section-height-default wpr-particle-no wpr-jarallax-no wpr-parallax-no wpr-sticky-section-no wpr-equal-height-no\" data-id=\"13b04a57\" data-element_type=\"section\" data-e-type=\"section\">\n\t\t\t\t\t\t<div class=\"elementor-container elementor-column-gap-default\">\n\t\t\t\t\t<div class=\"elementor-column elementor-col-50 elementor-inner-column elementor-element elementor-element-51ac7406\" data-id=\"51ac7406\" data-element_type=\"column\" data-e-type=\"column\">\n\t\t\t<div class=\"elementor-widget-wrap elementor-element-populated\">\n\t\t\t\t\t\t<div class=\"elementor-element elementor-element-67136b1d elementor-widget elementor-widget-heading\" data-id=\"67136b1d\" data-element_type=\"widget\" data-e-type=\"widget\" data-widget_type=\"heading.default\">\n\t\t\t\t<div class=\"elementor-widget-container\">\n\t\t\t\t\t<h4 class=\"elementor-heading-title elementor-size-default\">\nLinsenaustausch \/ Linsenimplantation - Refraktiver Linsenaustausch (RLE)<\/h4>\t\t\t\t<\/div>\n\t\t\t\t<\/div>\n\t\t\t\t<div class=\"elementor-element elementor-element-429521b5 elementor-widget elementor-widget-text-editor\" data-id=\"429521b5\" data-element_type=\"widget\" data-e-type=\"widget\" data-widget_type=\"text-editor.default\">\n\t\t\t\t<div class=\"elementor-widget-container\">\n\t\t\t\t\t\t\t\t\t<p>Wenn Ihnen Ihre Brille oder Kontaktlinsen l\u00e4stig sind aber Ihr Arzt Ihnen mitteilt, dass Sie f\u00fcr eine LASIK OP nicht in Frage kommen, gibt es andere Optionen f\u00fcr Sie Ihre Fehlsichtigkeit und auch Ihre Altersweitsichtigkeit zu korregieren. Der refraktive Linsenaustausch (RLE) auch Entnahme der nat\u00fcrlichen Linse (Clear Lens Extraction CLE) genannt, korregiert die Fehlsichtigkeit indem die eingesetzte k\u00fcnstliche Linse die Kraft des Augenfokuses mit der intraocularen Linse (IOL) ver\u00e4ndert. Bei der LASIK wird die Fehlsichtigkeit durch die Ver\u00e4nderung der Oberfl\u00e4che der Hornhaut korregiert.<\/p><p>Mit der RLE wird Ihre eigene nat\u00fcrliche Linse durch die f\u00fcr Sie geeignete IOL Linse ersetzt damit Ihre Fern- und Nahsicht korregiert werden kann. Die Linsenimplantation (RLE) ist gut geeignet f\u00fcr Patienten \u00fcber dem vierzigsten Lebensjahr. Ab 40 verliert die nat\u00fcrliche Linse allm\u00e4hlich ihre Flexibilit\u00e4t dadurch nimmt die Kapazit\u00e4t der Augen Nah zu fokusieren langsam ab. Die Gleitsichtbrille kommt langsam aber sicher zum Einsatz.<\/p><p>Mit Hilfe des ZEISS IOLMASTER Ger\u00e4tes werden die Dioptrinwerte der intraocularen Linse welches eingesetzt werden soll errechnet. Mit dem Pentacam wird die Hornhautdicke und Struktur gemessen damit eventuelle Hornhautverkr\u00fcmmung mit einer torischen Linse mitkorregiert werden kann.<\/p><p>Durch die Anwendung der neuesten Technik des Femtosekunden Lasers k\u00f6nnen viele Schritte computergesteuert vorgenommen werden, sodass die Operation noch sicherer und pr\u00e4ziser gestaltet werden kann.<\/p><p>Vor dem Eingriff werden Augentropfen zur Erweiterung der Pupillen verabreicht. Die Augen werden w\u00e4hrend der Operation mit An\u00e4stesietropfen bet\u00e4ubt. Sie ben\u00f6tigen keine \u2018An\u00e4stesiespritze\u2019 ins Auge. Zur Ihrer Beruhig\u0131ng werden die Linsenimplantationen mit einer Sedierung durchgef\u00fchrt, sodass Sie von der Operation nichts mitbekommen.<\/p><p>Wir verwenden Laser und Schallwellen Energie um die Linse durch minimale Einstichstellen\u00a0 entfernen zu k\u00f6nnen. Es m\u00fcssen keine \u2018SCHNITTE\u2019 gesetzt werden und nicht \u2018gen\u00e4ht\u2019 werden. Die Operation dauert im Durchschnitt weniger als 10 Minuten. Ein Krankenhausaufenthalt ist nicht notwendig. Wir verwenden Linsen von der Firma ALCON, ZEISS und SAV(Swiss Advanced Vision) dies sind derzeit die besten Linsen auf dem Markt zur optimalsten Korrektur der Fern- und Nahsicht.<\/p><p>Wenn Sie wissen m\u00f6chten ob Sie ein Kanditat f\u00fcr eine Linsenimplantation sind oder ein Beratungsgespr\u00e4ch w\u00fcnschen kontaktieren Sie bitte Serap Duyal via Telefon oder Whatsapp 0090 534 634 9031. Wir freuen uns von Ihnen zu h\u00f6ren.<\/p><p>serapmo@hotmail.com<\/p>\t\t\t\t\t\t\t\t<\/div>\n\t\t\t\t<\/div>\n\t\t\t\t\t<\/div>\n\t\t<\/div>\n\t\t\t\t<div class=\"elementor-column elementor-col-50 elementor-inner-column elementor-element elementor-element-6b152f99\" data-id=\"6b152f99\" data-element_type=\"column\" data-e-type=\"column\">\n\t\t\t<div class=\"elementor-widget-wrap elementor-element-populated\">\n\t\t\t\t\t\t<div class=\"elementor-element elementor-element-29711361 elementor-widget elementor-widget-image\" data-id=\"29711361\" data-element_type=\"widget\" data-e-type=\"widget\" data-widget_type=\"image.default\">\n\t\t\t\t<div class=\"elementor-widget-container\">\n\t\t\t\t\t\t\t\t\t\t\t\t\t\t\t<img fetchpriority=\"high\" decoding=\"async\" width=\"550\" height=\"385\" src=\"https:\/\/www.kaskaloglu.com\/wp-content\/uploads\/2019\/07\/refractive_lens_exchange.jpg\" class=\"attachment-large size-large wp-image-2676\" alt=\"refractive_lens_exchange\" srcset=\"https:\/\/www.kaskaloglu.com\/wp-content\/uploads\/2019\/07\/refractive_lens_exchange.jpg 550w, https:\/\/www.kaskaloglu.com\/wp-content\/uploads\/2019\/07\/refractive_lens_exchange-300x210.jpg 300w\" sizes=\"(max-width: 550px) 100vw, 550px\" \/>\t\t\t\t\t\t\t\t\t\t\t\t\t\t\t<\/div>\n\t\t\t\t<\/div>\n\t\t\t\t\t<\/div>\n\t\t<\/div>\n\t\t\t\t\t<\/div>\n\t\t<\/section>\n\t\t\t\t\t<\/div>\n\t\t<\/div>\n\t\t\t\t\t<\/div>\n\t\t<\/section>\n\t\t\t\t<section class=\"elementor-section elementor-top-section elementor-element elementor-element-b32c457 elementor-section-boxed elementor-section-height-default elementor-section-height-default wpr-particle-no wpr-jarallax-no wpr-parallax-no wpr-sticky-section-no wpr-equal-height-no\" data-id=\"b32c457\" data-element_type=\"section\" data-e-type=\"section\">\n\t\t\t\t\t\t<div class=\"elementor-container elementor-column-gap-default\">\n\t\t\t\t\t<div class=\"elementor-column elementor-col-100 elementor-top-column elementor-element elementor-element-bbec182\" data-id=\"bbec182\" data-element_type=\"column\" data-e-type=\"column\">\n\t\t\t<div class=\"elementor-widget-wrap elementor-element-populated\">\n\t\t\t\t\t\t<div class=\"elementor-element elementor-element-b263696 elementor-widget elementor-widget-text-editor\" data-id=\"b263696\" data-element_type=\"widget\" data-e-type=\"widget\" data-widget_type=\"text-editor.default\">\n\t\t\t\t<div class=\"elementor-widget-container\">\n\t\t\t\t\t\t\t\t\t<ul><li><strong>Welche Methode wird bei der Linsenimplantation angewandt ?<\/strong>Die OP erfolgt mit dem Fakoemulzifikationsverfahren (im Volksmund auch Laser genannt). Die OP erfolgt ohne Injektion und ohne Naht ( die Bet\u00e4ubung erfolgt durch Tropfen ). Hierbei wird in das Auge eine Linse eingesetzt. Die OP Dauer richtet sich je nach Art und Intensit\u00e4t des Linsenimplatation (RLE)s und ist damit von unterschiedlicher Dauer. Im Durchschnitt betr\u00e4gt die Dauer der OP weniger als 10 Minuten. Gerechnet mit den Operationsvorbereitungen und der Erholungszeit nach der OP muss mit einem 3-5 st\u00fcndigen Aufenthalt in der Klinik gerechnet werden. Dies zu wissen ist insbesondere f\u00fcr die Begleitperson sehr wichtig, damit sie sich hierauf einstellen kann.<\/li><li><strong>Muss ich w\u00e4hrend oder nach der OP mit irgendwelchen Schmerzen rechnen ?<\/strong>Die Mehrzahl unserer Patienten hat sich dahingehend ge\u00e4ussert, w\u00e4hrend der OP keinerlei Beschwerden oder Schmerzen zu haben.<br \/>Muss nach der OP mit einem Aufenhalt in der Klinik gerechnet werden ? Nach der OP ist es nicht notwendig, die Nacht in der Klinik zu verbringen. Sie m\u00fcssen jedoch am n\u00e4chsten Morgen zur Untersuchung erscheinen.<\/li><li><strong>Werde ich nach der OP in die N\u00e4he oder Ferne klarer sehen k\u00f6nnen, wann wird eine klarere Sicht eintreten, muss ich hierbei eine Brille tragen ?<\/strong>Da vor der OP auf h\u00f6chst pr\u00e4zise Weise die Linsennummer festgelegt wird, ben\u00f6tigt die Vielzahl unserer Patienten keine Brille.<\/li><li><strong>Muss das Auge nach der OP verdeckt bleiben ?<\/strong>Eine Verdeckung des Auges ist nicht notwendig. Jedem unserer Patienten wird nach der OP eine Schonbrille \u00fcbergeben.<\/li><li><strong>Wer f\u00fchrt nach der OP die Nachkontrollen durch und wie lange dauern diese?<\/strong>Die Nachkontrollen erfolgen durch Ihren Arzt und erfolgen am ersten und am f\u00fcnften Tag nach der OP..<\/li><li><strong>Woher erhaelt man die Medikamente?<\/strong>Die Medikamente erhalten Sie in jeder Apotheke. Falls Sie im Besitz eines Krankenscheines sein sollten, so k\u00f6nnen Sie sich die Medikamente auch verschreiben lassen.<\/li><li><strong>Wann kann nach der OP geduscht werden?<\/strong>Sie k\u00f6nnen 3 Tage nach der OP duschen. Sie sollten jedoch darauf achten, dass Sie sich nicht an dem operierten Auge reiben..<\/li><li><strong>Nach welcher Zeit darf ich wieder Auto fahren ?<\/strong>Sobald Sie sich hierf\u00fcr bereit f\u00fchlen, k\u00f6nnen Sie das Autofahren wieder aufnehmen. Im Regelfall nach 1-2 Tagen.<\/li><li><strong>Wann kann ich nach der OP wieder Zeitung lesen, Fernsehen oder Handarbeiten verrichten?<\/strong>Wir schlagen Ihnen vor, sich am Tag der Operation auszuruhen. Am n\u00e4chsten Tag k\u00f6nnen Sie jedoch getrost wieder Zeitung lesen, Fernsehen oder Handarbeiten verrichten.<\/li><li><strong>Wann kann ich nach der OP wieder Alkohol zu mir nehmen bzw. rauchen?<\/strong>Sie k\u00f6nnen diesbez\u00fcglich am ersten Tag nach der Operation problemlos Ihren gewohnten Alltag aufnehmen.<\/li><li><strong>Muss nach der OP eine bestimmte Di\u00e4t eingehalten werden?\u00a0<\/strong>Es muss keinerlei Di\u00e4t eingehalten werden. Sie k\u00f6nnen 1 \u2013 2 Stunden nach der OP wieder Nahrung zu sich nehmen.<\/li><li><strong>Gibt es noch andere Dinge, auf die ich nach der OP achten sollte?<\/strong>Tragen Sie nichts Schweres, halten Sie sich von staubigen Gegenden fern, sch\u00fctzen Sie Ihr Auge vor Verletzungen, achten Sie auf Hygiene. Vor jeder Anwendung der Tropfen sollten Sie sich unbedingt die H\u00e4nde waschen. Weiterhin ist zu beachten, dass die Tropfen keinen Kontakt mit Ihren Wimpern oder Augenlidern haben sollten.<\/li><\/ul><p>\u00a0<\/p>\t\t\t\t\t\t\t\t<\/div>\n\t\t\t\t<\/div>\n\t\t\t\t\t<\/div>\n\t\t<\/div>\n\t\t\t\t\t<\/div>\n\t\t<\/section>\n\t\t\t\t<\/div>\n\t\t<p class=\"last-updated\">Son G\u00fcncelleme 11 Januar 2023 Saat 09:52 a.m.<\/p>","protected":false},"excerpt":{"rendered":"<p>\u0130zmir Ka\u015fkalo\u011flu Augenklinik Linsenaustausch \/ Linsenimplantation &#8211; Refraktiver Linsenaustausch (RLE) Wenn Ihnen Ihre Brille oder Kontaktlinsen l\u00e4stig sind aber Ihr Arzt Ihnen mitteilt, dass Sie f\u00fcr eine LASIK OP nicht in Frage kommen, gibt es andere Optionen f\u00fcr Sie Ihre Fehlsichtigkeit und auch Ihre Altersweitsichtigkeit zu korregieren. Der refraktive Linsenaustausch (RLE) auch Entnahme der nat\u00fcrlichen Linse (Clear Lens Extraction CLE) genannt, korregiert die Fehlsichtigkeit indem die eingesetzte k\u00fcnstliche Linse die Kraft des Augenfokuses mit der intraocularen Linse (IOL) ver\u00e4ndert. Bei der LASIK wird die Fehlsichtigkeit durch die Ver\u00e4nderung der Oberfl\u00e4che der Hornhaut korregiert. Mit der RLE wird Ihre eigene nat\u00fcrliche Linse durch die f\u00fcr Sie geeignete IOL Linse ersetzt damit Ihre Fern- und Nahsicht korregiert werden kann. Die Linsenimplantation (RLE) ist gut geeignet f\u00fcr Patienten \u00fcber dem vierzigsten Lebensjahr. Ab 40 verliert die nat\u00fcrliche Linse allm\u00e4hlich ihre Flexibilit\u00e4t dadurch nimmt die Kapazit\u00e4t der Augen Nah zu fokusieren langsam ab. Die Gleitsichtbrille kommt langsam aber sicher zum Einsatz. Mit Hilfe des ZEISS IOLMASTER Ger\u00e4tes werden die Dioptrinwerte der intraocularen Linse welches eingesetzt werden soll errechnet. Mit dem Pentacam wird die Hornhautdicke und Struktur gemessen damit eventuelle Hornhautverkr\u00fcmmung mit einer torischen Linse mitkorregiert werden kann. Durch die Anwendung der neuesten Technik des Femtosekunden Lasers k\u00f6nnen viele Schritte computergesteuert vorgenommen werden, sodass die Operation noch sicherer und pr\u00e4ziser gestaltet werden kann. Vor dem Eingriff werden Augentropfen zur Erweiterung der Pupillen verabreicht. Die Augen werden w\u00e4hrend der Operation mit An\u00e4stesietropfen bet\u00e4ubt. Sie ben\u00f6tigen keine \u2018An\u00e4stesiespritze\u2019 ins Auge. Zur Ihrer Beruhig\u0131ng werden die Linsenimplantationen mit einer Sedierung durchgef\u00fchrt, sodass Sie von der Operation nichts mitbekommen. Wir verwenden Laser und Schallwellen Energie um die Linse durch minimale Einstichstellen\u00a0 entfernen zu k\u00f6nnen. Es m\u00fcssen keine \u2018SCHNITTE\u2019 gesetzt werden und nicht \u2018gen\u00e4ht\u2019 werden. Die Operation dauert im Durchschnitt weniger als 10 Minuten. Ein Krankenhausaufenthalt ist nicht notwendig. Wir verwenden Linsen von der Firma ALCON, ZEISS und SAV(Swiss Advanced Vision) dies sind derzeit die besten Linsen auf dem Markt zur optimalsten Korrektur der Fern- und Nahsicht. Wenn Sie wissen m\u00f6chten ob Sie ein Kanditat f\u00fcr eine Linsenimplantation sind oder ein Beratungsgespr\u00e4ch w\u00fcnschen kontaktieren Sie bitte Serap Duyal via Telefon oder Whatsapp 0090 534 634 9031. Wir freuen uns von Ihnen zu h\u00f6ren. serapmo@hotmail.com Welche Methode wird bei der Linsenimplantation angewandt ?Die OP erfolgt mit dem Fakoemulzifikationsverfahren (im Volksmund auch Laser genannt). Die OP erfolgt ohne Injektion und ohne Naht ( die Bet\u00e4ubung erfolgt durch Tropfen ). Hierbei wird in das Auge eine Linse eingesetzt. Die OP Dauer richtet sich je nach Art und Intensit\u00e4t des Linsenimplatation (RLE)s und ist damit von unterschiedlicher Dauer. Im Durchschnitt betr\u00e4gt die Dauer der OP weniger als 10 Minuten. Gerechnet mit den Operationsvorbereitungen und der Erholungszeit nach der OP muss mit einem 3-5 st\u00fcndigen Aufenthalt in der Klinik gerechnet werden. Dies zu wissen ist insbesondere f\u00fcr die Begleitperson sehr wichtig, damit sie sich hierauf einstellen kann. Muss ich w\u00e4hrend oder nach der OP mit irgendwelchen Schmerzen rechnen ?Die Mehrzahl unserer Patienten hat sich dahingehend ge\u00e4ussert, w\u00e4hrend der OP keinerlei Beschwerden oder Schmerzen zu haben.Muss nach der OP mit einem Aufenhalt in der Klinik gerechnet werden ? Nach der OP ist es nicht notwendig, die Nacht in der Klinik zu verbringen. Sie m\u00fcssen jedoch am n\u00e4chsten Morgen zur Untersuchung erscheinen. Werde ich nach der OP in die N\u00e4he oder Ferne klarer sehen k\u00f6nnen, wann wird eine klarere Sicht eintreten, muss ich hierbei eine Brille tragen ?Da vor der OP auf h\u00f6chst pr\u00e4zise Weise die Linsennummer festgelegt wird, ben\u00f6tigt die Vielzahl unserer Patienten keine Brille. Muss das Auge nach der OP verdeckt bleiben ?Eine Verdeckung des Auges ist nicht notwendig. Jedem unserer Patienten wird nach der OP eine Schonbrille \u00fcbergeben. Wer f\u00fchrt nach der OP die Nachkontrollen durch und wie lange dauern diese?Die Nachkontrollen erfolgen durch Ihren Arzt und erfolgen am ersten und am f\u00fcnften Tag nach der OP.. Woher erhaelt man die Medikamente?Die Medikamente erhalten Sie in jeder Apotheke. Falls Sie im Besitz eines Krankenscheines sein sollten, so k\u00f6nnen Sie sich die Medikamente auch verschreiben lassen. Wann kann nach der OP geduscht werden?Sie k\u00f6nnen 3 Tage nach der OP duschen. Sie sollten jedoch darauf achten, dass Sie sich nicht an dem operierten Auge reiben.. Nach welcher Zeit darf ich wieder Auto fahren ?Sobald Sie sich hierf\u00fcr bereit f\u00fchlen, k\u00f6nnen Sie das Autofahren wieder aufnehmen. Im Regelfall nach 1-2 Tagen. Wann kann ich nach der OP wieder Zeitung lesen, Fernsehen oder Handarbeiten verrichten?Wir schlagen Ihnen vor, sich am Tag der Operation auszuruhen. Am n\u00e4chsten Tag k\u00f6nnen Sie jedoch getrost wieder Zeitung lesen, Fernsehen oder Handarbeiten verrichten. Wann kann ich nach der OP wieder Alkohol zu mir nehmen bzw. rauchen?Sie k\u00f6nnen diesbez\u00fcglich am ersten Tag nach der Operation problemlos Ihren gewohnten Alltag aufnehmen. Muss nach der OP eine bestimmte Di\u00e4t eingehalten werden?\u00a0Es muss keinerlei Di\u00e4t eingehalten werden. Sie k\u00f6nnen 1 \u2013 2 Stunden nach der OP wieder Nahrung zu sich nehmen. Gibt es noch andere Dinge, auf die ich nach der OP achten sollte?Tragen Sie nichts Schweres, halten Sie sich von staubigen Gegenden fern, sch\u00fctzen Sie Ihr Auge vor Verletzungen, achten Sie auf Hygiene. Vor jeder Anwendung der Tropfen sollten Sie sich unbedingt die H\u00e4nde waschen. Weiterhin ist zu beachten, dass die Tropfen keinen Kontakt mit Ihren Wimpern oder Augenlidern haben sollten. \u00a0 Son G\u00fcncelleme 11 Januar 2023 Saat 09:52 a.m.<\/p>\n","protected":false},"author":1,"featured_media":0,"parent":0,"menu_order":0,"comment_status":"closed","ping_status":"closed","template":"","meta":{"footnotes":""},"class_list":["post-5053","page","type-page","status-publish","hentry"],"_links":{"self":[{"href":"https:\/\/www.kaskaloglu.com\/de\/wp-json\/wp\/v2\/pages\/5053","targetHints":{"allow":["GET"]}}],"collection":[{"href":"https:\/\/www.kaskaloglu.com\/de\/wp-json\/wp\/v2\/pages"}],"about":[{"href":"https:\/\/www.kaskaloglu.com\/de\/wp-json\/wp\/v2\/types\/page"}],"author":[{"embeddable":true,"href":"https:\/\/www.kaskaloglu.com\/de\/wp-json\/wp\/v2\/users\/1"}],"replies":[{"embeddable":true,"href":"https:\/\/www.kaskaloglu.com\/de\/wp-json\/wp\/v2\/comments?post=5053"}],"version-history":[{"count":9,"href":"https:\/\/www.kaskaloglu.com\/de\/wp-json\/wp\/v2\/pages\/5053\/revisions"}],"predecessor-version":[{"id":14261,"href":"https:\/\/www.kaskaloglu.com\/de\/wp-json\/wp\/v2\/pages\/5053\/revisions\/14261"}],"wp:attachment":[{"href":"https:\/\/www.kaskaloglu.com\/de\/wp-json\/wp\/v2\/media?parent=5053"}],"curies":[{"name":"wp","href":"https:\/\/api.w.org\/{rel}","templated":true}]}}