{"id":5048,"date":"2020-02-05T14:40:55","date_gmt":"2020-02-05T14:40:55","guid":{"rendered":"https:\/\/www.kaskaloglu.com\/icl-phakic-implant\/"},"modified":"2022-06-08T10:28:00","modified_gmt":"2022-06-08T07:28:00","slug":"icl-implantierbare-kontaklinse","status":"publish","type":"page","link":"https:\/\/www.kaskaloglu.com\/de\/icl-implantierbare-kontaklinse\/","title":{"rendered":"ICL (Implantierbare Kontaklinse)"},"content":{"rendered":"\t\t<div data-elementor-type=\"wp-page\" data-elementor-id=\"5048\" class=\"elementor elementor-5048 elementor-4287\" data-elementor-post-type=\"page\">\n\t\t\t\t\t\t<section class=\"elementor-section elementor-top-section elementor-element elementor-element-4669911 mainhead elementor-section-boxed elementor-section-height-default elementor-section-height-default wpr-particle-no wpr-jarallax-no wpr-parallax-no wpr-sticky-section-no\" data-id=\"4669911\" data-element_type=\"section\" data-e-type=\"section\" data-settings=\"{&quot;background_background&quot;:&quot;classic&quot;}\">\n\t\t\t\t\t\t\t<div class=\"elementor-background-overlay\"><\/div>\n\t\t\t\t\t\t\t<div class=\"elementor-container elementor-column-gap-default\">\n\t\t\t\t\t<div class=\"elementor-column elementor-col-100 elementor-top-column elementor-element elementor-element-bc0d1ad\" data-id=\"bc0d1ad\" data-element_type=\"column\" data-e-type=\"column\">\n\t\t\t<div class=\"elementor-widget-wrap elementor-element-populated\">\n\t\t\t\t\t\t<div class=\"elementor-element elementor-element-b9d58e8 elementor-widget elementor-widget-heading\" data-id=\"b9d58e8\" data-element_type=\"widget\" data-e-type=\"widget\" data-widget_type=\"heading.default\">\n\t\t\t\t<div class=\"elementor-widget-container\">\n\t\t\t\t\t<h1 class=\"elementor-heading-title elementor-size-default\">ICL (Implantierbare Kontaklinse)<\/h1>\t\t\t\t<\/div>\n\t\t\t\t<\/div>\n\t\t\t\t<div class=\"elementor-element elementor-element-5cce84b elementor-widget elementor-widget-heading\" data-id=\"5cce84b\" data-element_type=\"widget\" data-e-type=\"widget\" data-widget_type=\"heading.default\">\n\t\t\t\t<div class=\"elementor-widget-container\">\n\t\t\t\t\t<h1 class=\"elementor-heading-title elementor-size-default\">\u0130zmir Ka\u015fkalo\u011flu Augenklinik<\/h1>\t\t\t\t<\/div>\n\t\t\t\t<\/div>\n\t\t\t\t<div class=\"elementor-element elementor-element-3f8de9b elementor-widget-divider--view-line elementor-widget elementor-widget-divider\" data-id=\"3f8de9b\" data-element_type=\"widget\" data-e-type=\"widget\" data-widget_type=\"divider.default\">\n\t\t\t\t<div class=\"elementor-widget-container\">\n\t\t\t\t\t\t\t<div class=\"elementor-divider\">\n\t\t\t<span class=\"elementor-divider-separator\">\n\t\t\t\t\t\t<\/span>\n\t\t<\/div>\n\t\t\t\t\t\t<\/div>\n\t\t\t\t<\/div>\n\t\t\t\t\t<\/div>\n\t\t<\/div>\n\t\t\t\t\t<\/div>\n\t\t<\/section>\n\t\t\t\t<section class=\"elementor-section elementor-top-section elementor-element elementor-element-e2791f8 elementor-section-boxed elementor-section-height-default elementor-section-height-default wpr-particle-no wpr-jarallax-no wpr-parallax-no wpr-sticky-section-no\" data-id=\"e2791f8\" data-element_type=\"section\" data-e-type=\"section\">\n\t\t\t\t\t\t<div class=\"elementor-container elementor-column-gap-no\">\n\t\t\t\t\t<div class=\"elementor-column elementor-col-100 elementor-top-column elementor-element elementor-element-61401f3\" data-id=\"61401f3\" data-element_type=\"column\" data-e-type=\"column\">\n\t\t\t<div class=\"elementor-widget-wrap elementor-element-populated\">\n\t\t\t\t\t\t<section class=\"elementor-section elementor-inner-section elementor-element elementor-element-e1d5d4c elementor-reverse-mobile elementor-section-boxed elementor-section-height-default elementor-section-height-default wpr-particle-no wpr-jarallax-no wpr-parallax-no wpr-sticky-section-no\" data-id=\"e1d5d4c\" data-element_type=\"section\" data-e-type=\"section\">\n\t\t\t\t\t\t<div class=\"elementor-container elementor-column-gap-default\">\n\t\t\t\t\t<div class=\"elementor-column elementor-col-50 elementor-inner-column elementor-element elementor-element-76e971e\" data-id=\"76e971e\" data-element_type=\"column\" data-e-type=\"column\">\n\t\t\t<div class=\"elementor-widget-wrap elementor-element-populated\">\n\t\t\t\t\t\t<div class=\"elementor-element elementor-element-4a1a85b elementor-widget elementor-widget-heading\" data-id=\"4a1a85b\" data-element_type=\"widget\" data-e-type=\"widget\" data-widget_type=\"heading.default\">\n\t\t\t\t<div class=\"elementor-widget-container\">\n\t\t\t\t\t<h3 class=\"elementor-heading-title elementor-size-default\">ICL<\/h3>\t\t\t\t<\/div>\n\t\t\t\t<\/div>\n\t\t\t\t<div class=\"elementor-element elementor-element-7c4be48 elementor-widget elementor-widget-text-editor\" data-id=\"7c4be48\" data-element_type=\"widget\" data-e-type=\"widget\" data-widget_type=\"text-editor.default\">\n\t\t\t\t<div class=\"elementor-widget-container\">\n\t\t\t\t\t\t\t\t\t<p>ICL \u2013 Implantierbare Kontaktlinsen<\/p><p>Bei hohen Dioptrinwerten, die mit einer Lasik Operation nicht korregiert werden k\u00f6nnen oder bei zu d\u00fcnner Hornhaut welches f\u00fcr die Lasik nicht geeignet ist gibt es eine alternativ Behandlung \u2013 ICL (implantierbare Kontaktlinsen)<\/p><p>Die ICL ist eine Art Kontaktlinse, die ins Auge eingesetzt wird. Diese gilt als sichere und schonende Alternative zur Augenlaserkorrektur.<\/p><p>Mit Hilfe unserer modernen Linsenverfahren k\u00f6nnen Kurz- oder Weitsichtigkeit und Hornhautverkr\u00fcmmung komplett behoben werden. Mit diesem modernem Verfahren erm\u00f6glichen wir nahezu jedem Patienten ein Leben ohne Brille oder Kontaktlinsen!<\/p><p>Bei Linsenoperationen setzen wir auf moderne und vertr\u00e4gliche k\u00fcnstliche Linsen, die mit einem minimal-invasiven Eingriff zus\u00e4tzlich zur k\u00f6rpereigenen nat\u00fcrlichen Linse implantiert werden. Sie besitzen hervorragende optische Eigenschaften und bestehen aus <strong>h\u00f6chst biovertr\u00e4glichem Material<\/strong>.<\/p><p>Die ICL Linsenimplantation bietet sich sehr gut f\u00fcr junge Patienten an, bei denen die eigene Linse noch die Naheinstellungsf\u00e4higkeit voll besitzt und damit noch keine Lesebrille erforderlich ist.<\/p><p>Die Operation dauert nur wenige Minuten und erfolgt ambulant unter \u00f6rtlicher Bet\u00e4ubung. Bereits am Folgetag sehen Sie den Erfolg wobei die Endsehst\u00e4rke in zwei bis drei Monaten erreicht ist.<\/p><h3>F\u00fcr ein Beratungsgespr\u00e4ch oder weitere Fragen kontaktieren Sie bitte Serap Duyal via Whatsapp oder Telefon 0090 534 634 9031. Gerne k\u00f6nnen Sie auch eine E-Mail schreiben <a href=\"mailto:lasikizmir@gmail.com\">lasikizmir@gmail.com<\/a><\/h3><h3>Wir freuen uns auf Sie!<\/h3><p>\u00a0<\/p><p>\u00a0<\/p><p>\u00a0<\/p><p>\u00a0<\/p><p>\u00a0<\/p>\t\t\t\t\t\t\t\t<\/div>\n\t\t\t\t<\/div>\n\t\t\t\t\t<\/div>\n\t\t<\/div>\n\t\t\t\t<div class=\"elementor-column elementor-col-50 elementor-inner-column elementor-element elementor-element-3c62a01\" data-id=\"3c62a01\" data-element_type=\"column\" data-e-type=\"column\">\n\t\t\t<div class=\"elementor-widget-wrap elementor-element-populated\">\n\t\t\t\t\t\t<div class=\"elementor-element elementor-element-83b8478 elementor-widget elementor-widget-image\" data-id=\"83b8478\" data-element_type=\"widget\" data-e-type=\"widget\" data-widget_type=\"image.default\">\n\t\t\t\t<div class=\"elementor-widget-container\">\n\t\t\t\t\t\t\t\t\t\t\t\t\t\t\t<img fetchpriority=\"high\" decoding=\"async\" width=\"550\" height=\"385\" src=\"https:\/\/www.kaskaloglu.com\/wp-content\/uploads\/2019\/07\/staar_eye_icl.jpg\" class=\"attachment-large size-large wp-image-2678\" alt=\"lasik ve lasek\" srcset=\"https:\/\/www.kaskaloglu.com\/wp-content\/uploads\/2019\/07\/staar_eye_icl.jpg 550w, https:\/\/www.kaskaloglu.com\/wp-content\/uploads\/2019\/07\/staar_eye_icl-300x210.jpg 300w\" sizes=\"(max-width: 550px) 100vw, 550px\" \/>\t\t\t\t\t\t\t\t\t\t\t\t\t\t\t<\/div>\n\t\t\t\t<\/div>\n\t\t\t\t\t<\/div>\n\t\t<\/div>\n\t\t\t\t\t<\/div>\n\t\t<\/section>\n\t\t\t\t<section class=\"elementor-section elementor-inner-section elementor-element elementor-element-328a545 elementor-reverse-mobile elementor-section-boxed elementor-section-height-default elementor-section-height-default wpr-particle-no wpr-jarallax-no wpr-parallax-no wpr-sticky-section-no\" data-id=\"328a545\" data-element_type=\"section\" data-e-type=\"section\">\n\t\t\t\t\t\t<div class=\"elementor-container elementor-column-gap-default\">\n\t\t\t\t\t<div class=\"elementor-column elementor-col-100 elementor-inner-column elementor-element elementor-element-3a94e60\" data-id=\"3a94e60\" data-element_type=\"column\" data-e-type=\"column\">\n\t\t\t<div class=\"elementor-widget-wrap\">\n\t\t\t\t\t\t\t<\/div>\n\t\t<\/div>\n\t\t\t\t\t<\/div>\n\t\t<\/section>\n\t\t\t\t\t<\/div>\n\t\t<\/div>\n\t\t\t\t\t<\/div>\n\t\t<\/section>\n\t\t\t\t<\/div>\n\t\t<p class=\"last-updated\">Son G\u00fcncelleme 8 Juni 2022 Saat 10:28 a.m.<\/p>","protected":false},"excerpt":{"rendered":"<p>\u0130zmir Ka\u015fkalo\u011flu Augenklinik ICL ICL \u2013 Implantierbare Kontaktlinsen Bei hohen Dioptrinwerten, die mit einer Lasik Operation nicht korregiert werden k\u00f6nnen oder bei zu d\u00fcnner Hornhaut welches f\u00fcr die Lasik nicht geeignet ist gibt es eine alternativ Behandlung \u2013 ICL (implantierbare Kontaktlinsen) Die ICL ist eine Art Kontaktlinse, die ins Auge eingesetzt wird. Diese gilt als sichere und schonende Alternative zur Augenlaserkorrektur. Mit Hilfe unserer modernen Linsenverfahren k\u00f6nnen Kurz- oder Weitsichtigkeit und Hornhautverkr\u00fcmmung komplett behoben werden. Mit diesem modernem Verfahren erm\u00f6glichen wir nahezu jedem Patienten ein Leben ohne Brille oder Kontaktlinsen! Bei Linsenoperationen setzen wir auf moderne und vertr\u00e4gliche k\u00fcnstliche Linsen, die mit einem minimal-invasiven Eingriff zus\u00e4tzlich zur k\u00f6rpereigenen nat\u00fcrlichen Linse implantiert werden. Sie besitzen hervorragende optische Eigenschaften und bestehen aus h\u00f6chst biovertr\u00e4glichem Material. Die ICL Linsenimplantation bietet sich sehr gut f\u00fcr junge Patienten an, bei denen die eigene Linse noch die Naheinstellungsf\u00e4higkeit voll besitzt und damit noch keine Lesebrille erforderlich ist. Die Operation dauert nur wenige Minuten und erfolgt ambulant unter \u00f6rtlicher Bet\u00e4ubung. Bereits am Folgetag sehen Sie den Erfolg wobei die Endsehst\u00e4rke in zwei bis drei Monaten erreicht ist. F\u00fcr ein Beratungsgespr\u00e4ch oder weitere Fragen kontaktieren Sie bitte Serap Duyal via Whatsapp oder Telefon 0090 534 634 9031. Gerne k\u00f6nnen Sie auch eine E-Mail schreiben lasikizmir@gmail.com Wir freuen uns auf Sie! \u00a0 \u00a0 \u00a0 \u00a0 \u00a0 Son G\u00fcncelleme 8 Juni 2022 Saat 10:28 a.m.<\/p>\n","protected":false},"author":1,"featured_media":0,"parent":0,"menu_order":0,"comment_status":"closed","ping_status":"closed","template":"","meta":{"footnotes":""},"class_list":["post-5048","page","type-page","status-publish","hentry"],"_links":{"self":[{"href":"https:\/\/www.kaskaloglu.com\/de\/wp-json\/wp\/v2\/pages\/5048","targetHints":{"allow":["GET"]}}],"collection":[{"href":"https:\/\/www.kaskaloglu.com\/de\/wp-json\/wp\/v2\/pages"}],"about":[{"href":"https:\/\/www.kaskaloglu.com\/de\/wp-json\/wp\/v2\/types\/page"}],"author":[{"embeddable":true,"href":"https:\/\/www.kaskaloglu.com\/de\/wp-json\/wp\/v2\/users\/1"}],"replies":[{"embeddable":true,"href":"https:\/\/www.kaskaloglu.com\/de\/wp-json\/wp\/v2\/comments?post=5048"}],"version-history":[{"count":0,"href":"https:\/\/www.kaskaloglu.com\/de\/wp-json\/wp\/v2\/pages\/5048\/revisions"}],"wp:attachment":[{"href":"https:\/\/www.kaskaloglu.com\/de\/wp-json\/wp\/v2\/media?parent=5048"}],"curies":[{"name":"wp","href":"https:\/\/api.w.org\/{rel}","templated":true}]}}