{"id":21884,"date":"2023-08-11T17:36:33","date_gmt":"2023-08-11T14:36:33","guid":{"rendered":"https:\/\/www.kaskaloglu.com\/koruyucu-saglik-ve-sagligin-gelistirilmesine-yonelik-etkinlikler\/"},"modified":"2023-08-11T17:36:33","modified_gmt":"2023-08-11T14:36:33","slug":"koruyucu-saglik-ve-sagligin-gelistirilmesine-yonelik-etkinlikler","status":"publish","type":"page","link":"https:\/\/www.kaskaloglu.com\/de\/koruyucu-saglik-ve-sagligin-gelistirilmesine-yonelik-etkinlikler\/","title":{"rendered":"Koruyucu Sa\u011fl\u0131k ve Sa\u011fl\u0131\u011f\u0131n Geli\u015ftirilmesine Y\u00f6nelik Etkinlikler"},"content":{"rendered":"\t\t<div data-elementor-type=\"wp-page\" data-elementor-id=\"21884\" class=\"elementor elementor-21884 elementor-16636\" data-elementor-post-type=\"page\">\n\t\t\t\t\t\t<section class=\"elementor-section elementor-top-section elementor-element elementor-element-174b72e mainhead elementor-section-boxed elementor-section-height-default elementor-section-height-default wpr-particle-no wpr-jarallax-no wpr-parallax-no wpr-sticky-section-no wpr-equal-height-no\" data-id=\"174b72e\" data-element_type=\"section\" data-e-type=\"section\" data-settings=\"{&quot;background_background&quot;:&quot;classic&quot;}\">\n\t\t\t\t\t\t\t<div class=\"elementor-background-overlay\"><\/div>\n\t\t\t\t\t\t\t<div class=\"elementor-container elementor-column-gap-default\">\n\t\t\t\t\t<div class=\"elementor-column elementor-col-100 elementor-top-column elementor-element elementor-element-9343bc0\" data-id=\"9343bc0\" data-element_type=\"column\" data-e-type=\"column\">\n\t\t\t<div class=\"elementor-widget-wrap elementor-element-populated\">\n\t\t\t\t\t\t<div class=\"elementor-element elementor-element-3ae51b7 elementor-widget elementor-widget-heading\" data-id=\"3ae51b7\" data-element_type=\"widget\" data-e-type=\"widget\" data-widget_type=\"heading.default\">\n\t\t\t\t<div class=\"elementor-widget-container\">\n\t\t\t\t\t<h1 class=\"elementor-heading-title elementor-size-default\">Koruyucu Sa\u011fl\u0131k ve Sa\u011fl\u0131\u011f\u0131n Geli\u015ftirilmesine Y\u00f6nelik Etkinlikler<\/h1>\t\t\t\t<\/div>\n\t\t\t\t<\/div>\n\t\t\t\t<div class=\"elementor-element elementor-element-506fb5f elementor-widget elementor-widget-heading\" data-id=\"506fb5f\" data-element_type=\"widget\" data-e-type=\"widget\" data-widget_type=\"heading.default\">\n\t\t\t\t<div class=\"elementor-widget-container\">\n\t\t\t\t\t<h1 class=\"elementor-heading-title elementor-size-default\">\u0130zmir Ka\u015fkalo\u011flu G\u00f6z Hastanesi<\/h1>\t\t\t\t<\/div>\n\t\t\t\t<\/div>\n\t\t\t\t<div class=\"elementor-element elementor-element-cba78b4 elementor-widget-divider--view-line elementor-widget elementor-widget-divider\" data-id=\"cba78b4\" data-element_type=\"widget\" data-e-type=\"widget\" data-widget_type=\"divider.default\">\n\t\t\t\t<div class=\"elementor-widget-container\">\n\t\t\t\t\t\t\t<div class=\"elementor-divider\">\n\t\t\t<span class=\"elementor-divider-separator\">\n\t\t\t\t\t\t<\/span>\n\t\t<\/div>\n\t\t\t\t\t\t<\/div>\n\t\t\t\t<\/div>\n\t\t\t\t\t<\/div>\n\t\t<\/div>\n\t\t\t\t\t<\/div>\n\t\t<\/section>\n\t\t\t\t<section class=\"elementor-section elementor-top-section elementor-element elementor-element-6fcdff7 elementor-section-boxed elementor-section-height-default elementor-section-height-default wpr-particle-no wpr-jarallax-no wpr-parallax-no wpr-sticky-section-no wpr-equal-height-no\" data-id=\"6fcdff7\" data-element_type=\"section\" data-e-type=\"section\" data-settings=\"{&quot;background_background&quot;:&quot;classic&quot;}\">\n\t\t\t\t\t\t<div class=\"elementor-container elementor-column-gap-no\">\n\t\t\t\t\t<div class=\"elementor-column elementor-col-100 elementor-top-column elementor-element elementor-element-bb198b9\" data-id=\"bb198b9\" data-element_type=\"column\" data-e-type=\"column\">\n\t\t\t<div class=\"elementor-widget-wrap elementor-element-populated\">\n\t\t\t\t\t\t<div class=\"elementor-element elementor-element-c28e632 elementor-widget elementor-widget-text-editor\" data-id=\"c28e632\" data-element_type=\"widget\" data-e-type=\"widget\" data-widget_type=\"text-editor.default\">\n\t\t\t\t<div class=\"elementor-widget-container\">\n\t\t\t\t\t\t\t\t\t<p>Ka\u015fkalo\u011flu G\u00f6z Hastanesi, hizmet verdi\u011fi b\u00f6lgenin ve pop\u00fclasyonun sa\u011fl\u0131k yap\u0131s\u0131, ulusal ve k\u00fcresel sa\u011fl\u0131k sorunlar\u0131 kapsam\u0131nda hizmet kapasitesini de dikkate alarak sa\u011fl\u0131\u011f\u0131 geli\u015ftirici ve te\u015fvik edici programlar d\u00fczenlemektedir.<u><\/u><u><\/u><\/p><p>Sa\u011fl\u0131\u011f\u0131 Geli\u015ftirici ve Te\u015fvik Edici Programlar<u><\/u><u><\/u><\/p><p>\u2022 Sigara ile m\u00fccadele<u><\/u><u><\/u><\/p><p>\u2022 Organ ba\u011f\u0131\u015f\u0131n\u0131n te\u015fviki<u><\/u><u><\/u><\/p><p>\u2022 Anne s\u00fct\u00fc ile beslenmenin te\u015fviki<u><\/u><u><\/u><\/p><p>\u2022 El Hijyeni te\u015fviki<u><\/u><u><\/u><\/p>\t\t\t\t\t\t\t\t<\/div>\n\t\t\t\t<\/div>\n\t\t\t\t\t<\/div>\n\t\t<\/div>\n\t\t\t\t\t<\/div>\n\t\t<\/section>\n\t\t\t\t<\/div>\n\t\t","protected":false},"excerpt":{"rendered":"<p>\u0130zmir Ka\u015fkalo\u011flu G\u00f6z Hastanesi Ka\u015fkalo\u011flu G\u00f6z Hastanesi, hizmet verdi\u011fi b\u00f6lgenin ve pop\u00fclasyonun sa\u011fl\u0131k yap\u0131s\u0131, ulusal ve k\u00fcresel sa\u011fl\u0131k sorunlar\u0131 kapsam\u0131nda hizmet kapasitesini de dikkate alarak sa\u011fl\u0131\u011f\u0131 geli\u015ftirici ve te\u015fvik edici programlar d\u00fczenlemektedir. Sa\u011fl\u0131\u011f\u0131 Geli\u015ftirici ve Te\u015fvik Edici Programlar \u2022 Sigara ile m\u00fccadele \u2022 Organ ba\u011f\u0131\u015f\u0131n\u0131n te\u015fviki \u2022 Anne s\u00fct\u00fc ile beslenmenin te\u015fviki \u2022 El Hijyeni te\u015fviki<\/p>\n","protected":false},"author":1,"featured_media":0,"parent":0,"menu_order":0,"comment_status":"closed","ping_status":"closed","template":"","meta":{"footnotes":""},"class_list":["post-21884","page","type-page","status-publish","hentry"],"_links":{"self":[{"href":"https:\/\/www.kaskaloglu.com\/de\/wp-json\/wp\/v2\/pages\/21884","targetHints":{"allow":["GET"]}}],"collection":[{"href":"https:\/\/www.kaskaloglu.com\/de\/wp-json\/wp\/v2\/pages"}],"about":[{"href":"https:\/\/www.kaskaloglu.com\/de\/wp-json\/wp\/v2\/types\/page"}],"author":[{"embeddable":true,"href":"https:\/\/www.kaskaloglu.com\/de\/wp-json\/wp\/v2\/users\/1"}],"replies":[{"embeddable":true,"href":"https:\/\/www.kaskaloglu.com\/de\/wp-json\/wp\/v2\/comments?post=21884"}],"version-history":[{"count":0,"href":"https:\/\/www.kaskaloglu.com\/de\/wp-json\/wp\/v2\/pages\/21884\/revisions"}],"wp:attachment":[{"href":"https:\/\/www.kaskaloglu.com\/de\/wp-json\/wp\/v2\/media?parent=21884"}],"curies":[{"name":"wp","href":"https:\/\/api.w.org\/{rel}","templated":true}]}}