{"id":6990,"date":"2019-06-26T05:56:55","date_gmt":"2019-06-26T05:56:55","guid":{"rendered":"https:\/\/www.kaskaloglu.com\/cataract\/"},"modified":"2020-08-11T18:58:51","modified_gmt":"2020-08-11T15:58:51","slug":"katarakt","status":"publish","type":"page","link":"https:\/\/www.kaskaloglu.com\/da\/katarakt\/","title":{"rendered":"Katarakt"},"content":{"rendered":"\t\t<div data-elementor-type=\"wp-post\" data-elementor-id=\"6990\" class=\"elementor elementor-6990 elementor-138\" data-elementor-post-type=\"page\">\n\t\t\t\t\t\t<section class=\"elementor-section elementor-top-section elementor-element elementor-element-774d7330 mainhead elementor-section-boxed elementor-section-height-default elementor-section-height-default wpr-particle-no wpr-jarallax-no wpr-parallax-no wpr-sticky-section-no wpr-equal-height-no\" data-id=\"774d7330\" data-element_type=\"section\" data-e-type=\"section\" data-settings=\"{&quot;background_background&quot;:&quot;classic&quot;}\">\n\t\t\t\t\t\t\t<div class=\"elementor-background-overlay\"><\/div>\n\t\t\t\t\t\t\t<div class=\"elementor-container elementor-column-gap-default\">\n\t\t\t\t\t<div class=\"elementor-column elementor-col-100 elementor-top-column elementor-element elementor-element-2973c88d\" data-id=\"2973c88d\" data-element_type=\"column\" data-e-type=\"column\">\n\t\t\t<div class=\"elementor-widget-wrap elementor-element-populated\">\n\t\t\t\t\t\t<div class=\"elementor-element elementor-element-aad163a elementor-widget elementor-widget-heading\" data-id=\"aad163a\" data-element_type=\"widget\" data-e-type=\"widget\" data-widget_type=\"heading.default\">\n\t\t\t\t<div class=\"elementor-widget-container\">\n\t\t\t\t\t<h1 class=\"elementor-heading-title elementor-size-default\">Katarakt<\/h1>\t\t\t\t<\/div>\n\t\t\t\t<\/div>\n\t\t\t\t<div class=\"elementor-element elementor-element-1e0aeee1 elementor-widget elementor-widget-heading\" data-id=\"1e0aeee1\" data-element_type=\"widget\" data-e-type=\"widget\" data-widget_type=\"heading.default\">\n\t\t\t\t<div class=\"elementor-widget-container\">\n\t\t\t\t\t<h1 class=\"elementor-heading-title elementor-size-default\">Femtosecond Laserassisteret Gr\u00e5-St\u00e6rkirurgi<\/h1>\t\t\t\t<\/div>\n\t\t\t\t<\/div>\n\t\t\t\t<div class=\"elementor-element elementor-element-5b0b1531 elementor-widget-divider--view-line elementor-widget elementor-widget-divider\" data-id=\"5b0b1531\" data-element_type=\"widget\" data-e-type=\"widget\" data-widget_type=\"divider.default\">\n\t\t\t\t<div class=\"elementor-widget-container\">\n\t\t\t\t\t\t\t<div class=\"elementor-divider\">\n\t\t\t<span class=\"elementor-divider-separator\">\n\t\t\t\t\t\t<\/span>\n\t\t<\/div>\n\t\t\t\t\t\t<\/div>\n\t\t\t\t<\/div>\n\t\t\t\t\t<\/div>\n\t\t<\/div>\n\t\t\t\t\t<\/div>\n\t\t<\/section>\n\t\t\t\t<section class=\"elementor-section elementor-top-section elementor-element elementor-element-7c363257 elementor-section-boxed elementor-section-height-default elementor-section-height-default wpr-particle-no wpr-jarallax-no wpr-parallax-no wpr-sticky-section-no wpr-equal-height-no\" data-id=\"7c363257\" data-element_type=\"section\" data-e-type=\"section\">\n\t\t\t\t\t\t<div class=\"elementor-container elementor-column-gap-no\">\n\t\t\t\t\t<div class=\"elementor-column elementor-col-100 elementor-top-column elementor-element elementor-element-2588882e\" data-id=\"2588882e\" data-element_type=\"column\" data-e-type=\"column\">\n\t\t\t<div class=\"elementor-widget-wrap elementor-element-populated\">\n\t\t\t\t\t\t<section class=\"elementor-section elementor-inner-section elementor-element elementor-element-41ad2d1 elementor-reverse-mobile elementor-section-boxed elementor-section-height-default elementor-section-height-default wpr-particle-no wpr-jarallax-no wpr-parallax-no wpr-sticky-section-no wpr-equal-height-no\" data-id=\"41ad2d1\" data-element_type=\"section\" data-e-type=\"section\">\n\t\t\t\t\t\t<div class=\"elementor-container elementor-column-gap-default\">\n\t\t\t\t\t<div class=\"elementor-column elementor-col-50 elementor-inner-column elementor-element elementor-element-2c7c7d7a\" data-id=\"2c7c7d7a\" data-element_type=\"column\" data-e-type=\"column\">\n\t\t\t<div class=\"elementor-widget-wrap elementor-element-populated\">\n\t\t\t\t\t\t<div class=\"elementor-element elementor-element-7dc83508 elementor-widget elementor-widget-heading\" data-id=\"7dc83508\" data-element_type=\"widget\" data-e-type=\"widget\" data-widget_type=\"heading.default\">\n\t\t\t\t<div class=\"elementor-widget-container\">\n\t\t\t\t\t<h3 class=\"elementor-heading-title elementor-size-default\">Katarakt<\/h3>\t\t\t\t<\/div>\n\t\t\t\t<\/div>\n\t\t\t\t<div class=\"elementor-element elementor-element-4612c93f elementor-widget elementor-widget-text-editor\" data-id=\"4612c93f\" data-element_type=\"widget\" data-e-type=\"widget\" data-widget_type=\"text-editor.default\">\n\t\t\t\t<div class=\"elementor-widget-container\">\n\t\t\t\t\t\t\t\t\t<p>Femtosecond Laserassisteret Gr\u00e5-St\u00e6rkirurgi &#8211; Den nyeste teknologi indenfor gr\u00e5 st\u00e6r er tilg\u00e6ngelig p\u00e5 Ka\u015fkalo\u011flu \u00d8jenklinik.<\/p><p>Katarakt-kirurgi er den mest udf\u00f8rte operation p\u00e5 Kaskaloglu \u00d8jenklinik, og som s\u00e5dan har vores team af kirurger alle de mest moderne v\u00e6rkt\u00f8jer til r\u00e5dighed, til diagnose og behandling af netop denne lidelse.<\/p>\t\t\t\t\t\t\t\t<\/div>\n\t\t\t\t<\/div>\n\t\t\t\t<div class=\"elementor-element elementor-element-1075121 elementor-widget elementor-widget-heading\" data-id=\"1075121\" data-element_type=\"widget\" data-e-type=\"widget\" data-widget_type=\"heading.default\">\n\t\t\t\t<div class=\"elementor-widget-container\">\n\t\t\t\t\t<h4 class=\"elementor-heading-title elementor-size-default\">Laserassisteret Gr\u00e5-St\u00e6rkirurgi<\/h4>\t\t\t\t<\/div>\n\t\t\t\t<\/div>\n\t\t\t\t<div class=\"elementor-element elementor-element-3bc1cc2 elementor-widget elementor-widget-text-editor\" data-id=\"3bc1cc2\" data-element_type=\"widget\" data-e-type=\"widget\" data-widget_type=\"text-editor.default\">\n\t\t\t\t<div class=\"elementor-widget-container\">\n\t\t\t\t\t\t\t\t\t<p>Vi er stolte over at kunne annoncere installationen af \u200b\u200bdet nyeste Alcon LenSx femtosekunders lasersystem. LenSx vil blive brugt til RLE- og gr\u00e5 st\u00e6rroperationer. P\u00e5 grund af computerstyringen vil operationen v\u00e6re sikrere og mere pr\u00e6cis ved at minimere den menneskelige faktor. Hvis du v\u00e6lger Kaskaloglu \u00d8jenklinik, s\u00e5 garanterer vi, at du modtager den mest avancerede behandling, af en absolut erfaren l\u00e6ge. Hvis du er interesseret i at vide mere om dine muligheder, s\u00e5 er du velkommen til at\u00a0 bestille en aftale nu med en af \u200b\u200bvores l\u00e6ger ved at ringe eller sms&#8217;e (WhatsApp) +90 532 596 16 01 for at kontakte en assistent p\u00e5 engelsk. Eller du kan e-maile os p\u00e5 info@kaskaloglu.com eller ved at udfylde kontaktformularen p\u00e5 Kontakt Os-siden.<\/p>\t\t\t\t\t\t\t\t<\/div>\n\t\t\t\t<\/div>\n\t\t\t\t\t<\/div>\n\t\t<\/div>\n\t\t\t\t<div class=\"elementor-column elementor-col-50 elementor-inner-column elementor-element elementor-element-31ce9995\" data-id=\"31ce9995\" data-element_type=\"column\" data-e-type=\"column\">\n\t\t\t<div class=\"elementor-widget-wrap elementor-element-populated\">\n\t\t\t\t\t\t<div class=\"elementor-element elementor-element-4418eb84 elementor-widget elementor-widget-image\" data-id=\"4418eb84\" data-element_type=\"widget\" data-e-type=\"widget\" data-widget_type=\"image.default\">\n\t\t\t\t<div class=\"elementor-widget-container\">\n\t\t\t\t\t\t\t\t\t\t\t\t\t\t\t<img fetchpriority=\"high\" decoding=\"async\" width=\"680\" height=\"680\" src=\"https:\/\/www.kaskaloglu.com\/wp-content\/uploads\/2020\/08\/Kaskaloglu_Katarakt-1.jpg\" class=\"attachment-full size-full wp-image-6859\" alt=\"ka\u015fkalo\u011flu g\u00f6z hastanesi\" srcset=\"https:\/\/www.kaskaloglu.com\/wp-content\/uploads\/2020\/08\/Kaskaloglu_Katarakt-1.jpg 680w, https:\/\/www.kaskaloglu.com\/wp-content\/uploads\/2020\/08\/Kaskaloglu_Katarakt-1-300x300.jpg 300w, https:\/\/www.kaskaloglu.com\/wp-content\/uploads\/2020\/08\/Kaskaloglu_Katarakt-1-150x150.jpg 150w\" sizes=\"(max-width: 680px) 100vw, 680px\" \/>\t\t\t\t\t\t\t\t\t\t\t\t\t\t\t<\/div>\n\t\t\t\t<\/div>\n\t\t\t\t\t<\/div>\n\t\t<\/div>\n\t\t\t\t\t<\/div>\n\t\t<\/section>\n\t\t\t\t<section class=\"elementor-section elementor-inner-section elementor-element elementor-element-847646c elementor-section-boxed elementor-section-height-default elementor-section-height-default wpr-particle-no wpr-jarallax-no wpr-parallax-no wpr-sticky-section-no wpr-equal-height-no\" data-id=\"847646c\" data-element_type=\"section\" data-e-type=\"section\">\n\t\t\t\t\t\t<div class=\"elementor-container elementor-column-gap-default\">\n\t\t\t\t\t<div class=\"elementor-column elementor-col-100 elementor-inner-column elementor-element elementor-element-3797231e\" data-id=\"3797231e\" data-element_type=\"column\" data-e-type=\"column\">\n\t\t\t<div class=\"elementor-widget-wrap elementor-element-populated\">\n\t\t\t\t\t\t<div class=\"elementor-element elementor-element-ac40eda elementor-widget elementor-widget-heading\" data-id=\"ac40eda\" data-element_type=\"widget\" data-e-type=\"widget\" data-widget_type=\"heading.default\">\n\t\t\t\t<div class=\"elementor-widget-container\">\n\t\t\t\t\t<h4 class=\"elementor-heading-title elementor-size-default\">OFTE STILLEDE SP\u00d8RGSM\u00c5L SP\u00d8RGSM\u00c5L OM KATARAK \u00d8JENKIRURGERI<\/h4>\t\t\t\t<\/div>\n\t\t\t\t<\/div>\n\t\t\t\t<div class=\"elementor-element elementor-element-58cc463a elementor-widget elementor-widget-accordion\" data-id=\"58cc463a\" data-element_type=\"widget\" data-e-type=\"widget\" data-widget_type=\"accordion.default\">\n\t\t\t\t<div class=\"elementor-widget-container\">\n\t\t\t\t\t\t\t<div class=\"elementor-accordion\">\n\t\t\t\t\t\t\t<div class=\"elementor-accordion-item\">\n\t\t\t\t\t<div id=\"elementor-tab-title-1481\" class=\"elementor-tab-title\" data-tab=\"1\" role=\"button\" aria-controls=\"elementor-tab-content-1481\" aria-expanded=\"false\">\n\t\t\t\t\t\t\t\t\t\t\t\t\t<span class=\"elementor-accordion-icon elementor-accordion-icon-left\" aria-hidden=\"true\">\n\t\t\t\t\t\t\t\t\t\t\t\t\t\t\t<span class=\"elementor-accordion-icon-closed\"><i class=\"fas fa-angle-right\"><\/i><\/span>\n\t\t\t\t\t\t\t\t<span class=\"elementor-accordion-icon-opened\"><i class=\"fas fa-angle-down\"><\/i><\/span>\n\t\t\t\t\t\t\t\t\t\t\t\t\t\t<\/span>\n\t\t\t\t\t\t\t\t\t\t\t\t<a class=\"elementor-accordion-title\" tabindex=\"0\"> Hvad er en gr\u00e5 st\u00e6r?<\/a>\n\t\t\t\t\t<\/div>\n\t\t\t\t\t<div id=\"elementor-tab-content-1481\" class=\"elementor-tab-content elementor-clearfix\" data-tab=\"1\" role=\"region\" aria-labelledby=\"elementor-tab-title-1481\"><p>En gr\u00e5 st\u00e6r er en uklarhed, der findes i det krystallinske linse i \u00f8jet eller i dets kuvert. Virkningerne af gr\u00e5 st\u00e6r kan variere i grad og kan hindre lysets passage, for\u00e5rsage n\u00e6rsynethed og \u00e6ndre din opfattelse af farver.<\/p><\/div>\n\t\t\t\t<\/div>\n\t\t\t\t\t\t\t<div class=\"elementor-accordion-item\">\n\t\t\t\t\t<div id=\"elementor-tab-title-1482\" class=\"elementor-tab-title\" data-tab=\"2\" role=\"button\" aria-controls=\"elementor-tab-content-1482\" aria-expanded=\"false\">\n\t\t\t\t\t\t\t\t\t\t\t\t\t<span class=\"elementor-accordion-icon elementor-accordion-icon-left\" aria-hidden=\"true\">\n\t\t\t\t\t\t\t\t\t\t\t\t\t\t\t<span class=\"elementor-accordion-icon-closed\"><i class=\"fas fa-angle-right\"><\/i><\/span>\n\t\t\t\t\t\t\t\t<span class=\"elementor-accordion-icon-opened\"><i class=\"fas fa-angle-down\"><\/i><\/span>\n\t\t\t\t\t\t\t\t\t\t\t\t\t\t<\/span>\n\t\t\t\t\t\t\t\t\t\t\t\t<a class=\"elementor-accordion-title\" tabindex=\"0\">Hvordan behandles gr\u00e5 st\u00e6r?<\/a>\n\t\t\t\t\t<\/div>\n\t\t\t\t\t<div id=\"elementor-tab-content-1482\" class=\"elementor-tab-content elementor-clearfix\" data-tab=\"2\" role=\"region\" aria-labelledby=\"elementor-tab-title-1482\">Kataraktkirurgi er en relativt simpel procedure, hvor en kirurg fjerner dit \u00f8jes naturlige skyede linse og erstatter den med en kunstig intraokul\u00e6r linse. Hele proceduren udf\u00f8res uden for patienten og tager mindre end 15 minutter. Du kan g\u00e5 hjem samme dag og genoptage dine normale aktiviteter.<\/div>\n\t\t\t\t<\/div>\n\t\t\t\t\t\t\t<div class=\"elementor-accordion-item\">\n\t\t\t\t\t<div id=\"elementor-tab-title-1483\" class=\"elementor-tab-title\" data-tab=\"3\" role=\"button\" aria-controls=\"elementor-tab-content-1483\" aria-expanded=\"false\">\n\t\t\t\t\t\t\t\t\t\t\t\t\t<span class=\"elementor-accordion-icon elementor-accordion-icon-left\" aria-hidden=\"true\">\n\t\t\t\t\t\t\t\t\t\t\t\t\t\t\t<span class=\"elementor-accordion-icon-closed\"><i class=\"fas fa-angle-right\"><\/i><\/span>\n\t\t\t\t\t\t\t\t<span class=\"elementor-accordion-icon-opened\"><i class=\"fas fa-angle-down\"><\/i><\/span>\n\t\t\t\t\t\t\t\t\t\t\t\t\t\t<\/span>\n\t\t\t\t\t\t\t\t\t\t\t\t<a class=\"elementor-accordion-title\" tabindex=\"0\">Hvordan foreg\u00e5r proceduren?<\/a>\n\t\t\t\t\t<\/div>\n\t\t\t\t\t<div id=\"elementor-tab-content-1483\" class=\"elementor-tab-content elementor-clearfix\" data-tab=\"3\" role=\"region\" aria-labelledby=\"elementor-tab-title-1483\"><p>Dr. Mahmut Kaskaloglu, som er en af \u200b\u200bde mest respekterede \u00f8jenkirurger i Tyrkiet, foretager et lille snit ved eller i n\u00e6rheden af \u200b\u200bdin hornhinde og inds\u00e6tter et instrument p\u00e5 st\u00f8rrelse med et pennespids for at bryde op og fjerne den uklare linse. N\u00e5r den naturlige linse er fjernet, inds\u00e6ttes den intraokul\u00e6re linse gennem det samme snit og s\u00e6ttes i sin permanente position.<\/p><p><strong>Dr. Kaskaloglu bruger den mest avancerede metode til behandlingen af gr\u00e5 st\u00e6r.<\/strong><\/p><p>Facoemulsificeringsteknikken er den mest almindelige og mindst invasive og kr\u00e6ver et lille snit p\u00e5 siden af \u200b\u200bhornhinden. Efter foretagelse af indsnittet vil Dr. Kaskaloglu inds\u00e6tte en sonde i dit \u00f8je for at nedbryde den naturlige linse. De sm\u00e5 stykker suges derefter ud gennem sonden. Membranen, der omgiver linsen, forlades intakt for at yde st\u00f8tte til den nye, kunstige linse. Den intraokul\u00e6re linse foldes for at passe gennem snittet. N\u00e5r den er p\u00e5 plads, udfoldes den og s\u00e6ttes p\u00e5 plads.<\/p><p>Af de millioner af patienter, der hvert \u00e5r gennemg\u00e5r phacoemulsification, oplever mere end 97% ingen komplikationer.<\/p><p>Er du interesseret i gr\u00e5 st\u00e6r operation? Kontakt os i dag for at aftale en aftale.<\/p><\/div>\n\t\t\t\t<\/div>\n\t\t\t\t\t\t\t\t<\/div>\n\t\t\t\t\t\t<\/div>\n\t\t\t\t<\/div>\n\t\t\t\t\t<\/div>\n\t\t<\/div>\n\t\t\t\t\t<\/div>\n\t\t<\/section>\n\t\t\t\t\t<\/div>\n\t\t<\/div>\n\t\t\t\t\t<\/div>\n\t\t<\/section>\n\t\t\t\t<\/div>\n\t\t<p class=\"last-updated\">Son G\u00fcncelleme 11 august 2020 Saat 18:58 pm<\/p>","protected":false},"excerpt":{"rendered":"<p>Femtosecond Laserassisteret Gr\u00e5-St\u00e6rkirurgi Katarakt Femtosecond Laserassisteret Gr\u00e5-St\u00e6rkirurgi &#8211; Den nyeste teknologi indenfor gr\u00e5 st\u00e6r er tilg\u00e6ngelig p\u00e5 Ka\u015fkalo\u011flu \u00d8jenklinik. Katarakt-kirurgi er den mest udf\u00f8rte operation p\u00e5 Kaskaloglu \u00d8jenklinik, og som s\u00e5dan har vores team af kirurger alle de mest moderne v\u00e6rkt\u00f8jer til r\u00e5dighed, til diagnose og behandling af netop denne lidelse. Laserassisteret Gr\u00e5-St\u00e6rkirurgi Vi er stolte over at kunne annoncere installationen af \u200b\u200bdet nyeste Alcon LenSx femtosekunders lasersystem. LenSx vil blive brugt til RLE- og gr\u00e5 st\u00e6rroperationer. P\u00e5 grund af computerstyringen vil operationen v\u00e6re sikrere og mere pr\u00e6cis ved at minimere den menneskelige faktor. Hvis du v\u00e6lger Kaskaloglu \u00d8jenklinik, s\u00e5 garanterer vi, at du modtager den mest avancerede behandling, af en absolut erfaren l\u00e6ge. Hvis du er interesseret i at vide mere om dine muligheder, s\u00e5 er du velkommen til at\u00a0 bestille en aftale nu med en af \u200b\u200bvores l\u00e6ger ved at ringe eller sms&#8217;e (WhatsApp) +90 532 596 16 01 for at kontakte en assistent p\u00e5 engelsk. Eller du kan e-maile os p\u00e5 info@kaskaloglu.com eller ved at udfylde kontaktformularen p\u00e5 Kontakt Os-siden. OFTE STILLEDE SP\u00d8RGSM\u00c5L SP\u00d8RGSM\u00c5L OM KATARAK \u00d8JENKIRURGERI Hvad er en gr\u00e5 st\u00e6r? En gr\u00e5 st\u00e6r er en uklarhed, der findes i det krystallinske linse i \u00f8jet eller i dets kuvert. Virkningerne af gr\u00e5 st\u00e6r kan variere i grad og kan hindre lysets passage, for\u00e5rsage n\u00e6rsynethed og \u00e6ndre din opfattelse af farver. Hvordan behandles gr\u00e5 st\u00e6r? Kataraktkirurgi er en relativt simpel procedure, hvor en kirurg fjerner dit \u00f8jes naturlige skyede linse og erstatter den med en kunstig intraokul\u00e6r linse. Hele proceduren udf\u00f8res uden for patienten og tager mindre end 15 minutter. Du kan g\u00e5 hjem samme dag og genoptage dine normale aktiviteter. Hvordan foreg\u00e5r proceduren? Dr. Mahmut Kaskaloglu, som er en af \u200b\u200bde mest respekterede \u00f8jenkirurger i Tyrkiet, foretager et lille snit ved eller i n\u00e6rheden af \u200b\u200bdin hornhinde og inds\u00e6tter et instrument p\u00e5 st\u00f8rrelse med et pennespids for at bryde op og fjerne den uklare linse. N\u00e5r den naturlige linse er fjernet, inds\u00e6ttes den intraokul\u00e6re linse gennem det samme snit og s\u00e6ttes i sin permanente position. Dr. Kaskaloglu bruger den mest avancerede metode til behandlingen af gr\u00e5 st\u00e6r. Facoemulsificeringsteknikken er den mest almindelige og mindst invasive og kr\u00e6ver et lille snit p\u00e5 siden af \u200b\u200bhornhinden. Efter foretagelse af indsnittet vil Dr. Kaskaloglu inds\u00e6tte en sonde i dit \u00f8je for at nedbryde den naturlige linse. De sm\u00e5 stykker suges derefter ud gennem sonden. Membranen, der omgiver linsen, forlades intakt for at yde st\u00f8tte til den nye, kunstige linse. Den intraokul\u00e6re linse foldes for at passe gennem snittet. N\u00e5r den er p\u00e5 plads, udfoldes den og s\u00e6ttes p\u00e5 plads. Af de millioner af patienter, der hvert \u00e5r gennemg\u00e5r phacoemulsification, oplever mere end 97% ingen komplikationer. Er du interesseret i gr\u00e5 st\u00e6r operation? Kontakt os i dag for at aftale en aftale. Son G\u00fcncelleme 11 august 2020 Saat 18:58 pm<\/p>\n","protected":false},"author":1,"featured_media":0,"parent":0,"menu_order":0,"comment_status":"closed","ping_status":"closed","template":"","meta":{"footnotes":""},"class_list":["post-6990","page","type-page","status-publish","hentry"],"_links":{"self":[{"href":"https:\/\/www.kaskaloglu.com\/da\/wp-json\/wp\/v2\/pages\/6990","targetHints":{"allow":["GET"]}}],"collection":[{"href":"https:\/\/www.kaskaloglu.com\/da\/wp-json\/wp\/v2\/pages"}],"about":[{"href":"https:\/\/www.kaskaloglu.com\/da\/wp-json\/wp\/v2\/types\/page"}],"author":[{"embeddable":true,"href":"https:\/\/www.kaskaloglu.com\/da\/wp-json\/wp\/v2\/users\/1"}],"replies":[{"embeddable":true,"href":"https:\/\/www.kaskaloglu.com\/da\/wp-json\/wp\/v2\/comments?post=6990"}],"version-history":[{"count":0,"href":"https:\/\/www.kaskaloglu.com\/da\/wp-json\/wp\/v2\/pages\/6990\/revisions"}],"wp:attachment":[{"href":"https:\/\/www.kaskaloglu.com\/da\/wp-json\/wp\/v2\/media?parent=6990"}],"curies":[{"name":"wp","href":"https:\/\/api.w.org\/{rel}","templated":true}]}}