{"id":6986,"date":"2019-06-26T14:10:01","date_gmt":"2019-06-26T14:10:01","guid":{"rendered":"https:\/\/www.kaskaloglu.com\/f-a-q\/"},"modified":"2020-10-21T10:28:26","modified_gmt":"2020-10-21T07:28:26","slug":"o-s-s","status":"publish","type":"page","link":"https:\/\/www.kaskaloglu.com\/da\/o-s-s\/","title":{"rendered":"O.S.S"},"content":{"rendered":"\t\t<div data-elementor-type=\"wp-post\" data-elementor-id=\"6986\" class=\"elementor elementor-6986 elementor-241\" data-elementor-post-type=\"page\">\n\t\t\t\t\t\t<section class=\"elementor-section elementor-top-section elementor-element elementor-element-1579e3f mainhead elementor-section-boxed elementor-section-height-default elementor-section-height-default wpr-particle-no wpr-jarallax-no wpr-parallax-no wpr-sticky-section-no wpr-equal-height-no\" data-id=\"1579e3f\" data-element_type=\"section\" data-e-type=\"section\" data-settings=\"{&quot;background_background&quot;:&quot;classic&quot;}\">\n\t\t\t\t\t\t\t<div class=\"elementor-background-overlay\"><\/div>\n\t\t\t\t\t\t\t<div class=\"elementor-container elementor-column-gap-default\">\n\t\t\t\t\t<div class=\"elementor-column elementor-col-100 elementor-top-column elementor-element elementor-element-6b68112\" data-id=\"6b68112\" data-element_type=\"column\" data-e-type=\"column\">\n\t\t\t<div class=\"elementor-widget-wrap elementor-element-populated\">\n\t\t\t\t\t\t<div class=\"elementor-element elementor-element-d1922f5 elementor-widget elementor-widget-heading\" data-id=\"d1922f5\" data-element_type=\"widget\" data-e-type=\"widget\" data-widget_type=\"heading.default\">\n\t\t\t\t<div class=\"elementor-widget-container\">\n\t\t\t\t\t<h1 class=\"elementor-heading-title elementor-size-default\">O.S.S<\/h1>\t\t\t\t<\/div>\n\t\t\t\t<\/div>\n\t\t\t\t<div class=\"elementor-element elementor-element-e31afeb elementor-widget elementor-widget-heading\" data-id=\"e31afeb\" data-element_type=\"widget\" data-e-type=\"widget\" data-widget_type=\"heading.default\">\n\t\t\t\t<div class=\"elementor-widget-container\">\n\t\t\t\t\t<h1 class=\"elementor-heading-title elementor-size-default\">Herunder finder du de hyppigst stillede sp\u00f8rgsm\u00e5l, som vores kunder sp\u00f8rger os om.<\/h1>\t\t\t\t<\/div>\n\t\t\t\t<\/div>\n\t\t\t\t<div class=\"elementor-element elementor-element-12944c4 elementor-widget-divider--view-line elementor-widget elementor-widget-divider\" data-id=\"12944c4\" data-element_type=\"widget\" data-e-type=\"widget\" data-widget_type=\"divider.default\">\n\t\t\t\t<div class=\"elementor-widget-container\">\n\t\t\t\t\t\t\t<div class=\"elementor-divider\">\n\t\t\t<span class=\"elementor-divider-separator\">\n\t\t\t\t\t\t<\/span>\n\t\t<\/div>\n\t\t\t\t\t\t<\/div>\n\t\t\t\t<\/div>\n\t\t\t\t\t<\/div>\n\t\t<\/div>\n\t\t\t\t\t<\/div>\n\t\t<\/section>\n\t\t\t\t<section class=\"elementor-section elementor-top-section elementor-element elementor-element-57c96a43 elementor-section-boxed elementor-section-height-default elementor-section-height-default wpr-particle-no wpr-jarallax-no wpr-parallax-no wpr-sticky-section-no wpr-equal-height-no\" data-id=\"57c96a43\" data-element_type=\"section\" data-e-type=\"section\">\n\t\t\t\t\t\t<div class=\"elementor-container elementor-column-gap-no\">\n\t\t\t\t\t<div class=\"elementor-column elementor-col-100 elementor-top-column elementor-element elementor-element-5b349f8b\" data-id=\"5b349f8b\" data-element_type=\"column\" data-e-type=\"column\">\n\t\t\t<div class=\"elementor-widget-wrap elementor-element-populated\">\n\t\t\t\t\t\t<section class=\"elementor-section elementor-inner-section elementor-element elementor-element-148e8717 elementor-section-boxed elementor-section-height-default elementor-section-height-default wpr-particle-no wpr-jarallax-no wpr-parallax-no wpr-sticky-section-no wpr-equal-height-no\" data-id=\"148e8717\" data-element_type=\"section\" data-e-type=\"section\">\n\t\t\t\t\t\t<div class=\"elementor-container elementor-column-gap-default\">\n\t\t\t\t\t<div class=\"elementor-column elementor-col-100 elementor-inner-column elementor-element elementor-element-2c6be9cb\" data-id=\"2c6be9cb\" data-element_type=\"column\" data-e-type=\"column\">\n\t\t\t<div class=\"elementor-widget-wrap elementor-element-populated\">\n\t\t\t\t\t\t<div class=\"elementor-element elementor-element-2c2d15a6 elementor-widget elementor-widget-accordion\" data-id=\"2c2d15a6\" data-element_type=\"widget\" data-e-type=\"widget\" data-widget_type=\"accordion.default\">\n\t\t\t\t<div class=\"elementor-widget-container\">\n\t\t\t\t\t\t\t<div class=\"elementor-accordion\">\n\t\t\t\t\t\t\t<div class=\"elementor-accordion-item\">\n\t\t\t\t\t<div id=\"elementor-tab-title-7411\" class=\"elementor-tab-title\" data-tab=\"1\" role=\"button\" aria-controls=\"elementor-tab-content-7411\" aria-expanded=\"false\">\n\t\t\t\t\t\t\t\t\t\t\t\t\t<span class=\"elementor-accordion-icon elementor-accordion-icon-left\" aria-hidden=\"true\">\n\t\t\t\t\t\t\t\t\t\t\t\t\t\t\t<span class=\"elementor-accordion-icon-closed\"><i class=\"fas fa-angle-right\"><\/i><\/span>\n\t\t\t\t\t\t\t\t<span class=\"elementor-accordion-icon-opened\"><i class=\"fas fa-angle-down\"><\/i><\/span>\n\t\t\t\t\t\t\t\t\t\t\t\t\t\t<\/span>\n\t\t\t\t\t\t\t\t\t\t\t\t<a class=\"elementor-accordion-title\" tabindex=\"0\">Hvorfor skal jeg rejse til udlandet for at f\u00e5 sundhedsydelser?<\/a>\n\t\t\t\t\t<\/div>\n\t\t\t\t\t<div id=\"elementor-tab-content-7411\" class=\"elementor-tab-content elementor-clearfix\" data-tab=\"1\" role=\"region\" aria-labelledby=\"elementor-tab-title-7411\"><p>Ingen vil v\u00e6re i tvivl om, at Europa kan prale af nogle af de bedste l\u00e6ger og medicinske faciliteter i verden. Men faktum er, at ikke alle har r\u00e5d til de h\u00f8je omkostninger, der ofte er forbundet med det europ\u00e6iske sundhedsv\u00e6sen. Tyrkiet tilbyder overkommelig sundhedspleje til overkommelige priser, der er tilg\u00e6ngelig for alle.<\/p><p>I nogle europ\u00e6iske lande er sundhedsv\u00e6senet kendetegnet ved lange ventetider og lange papirer, ofte til relativt mindre procedurer. V\u00e6kst i medicinsk rejse er et svar p\u00e5 disse forhold, en afs\u00e6tningsmulighed, hvis du vil. V\u00e6ksten i lavprisselskaber, den \u00f8gede brug af f\u00f8rsteklasses teknologi og udstyr over hele verden og hurtige medicinske fremskridt, der reducerer restitutionstiden, har alle bidraget til det stigende antal mennesker, der forlader deres hjemlande til medicinsk behandling.<\/p><\/div>\n\t\t\t\t<\/div>\n\t\t\t\t\t\t\t<div class=\"elementor-accordion-item\">\n\t\t\t\t\t<div id=\"elementor-tab-title-7412\" class=\"elementor-tab-title\" data-tab=\"2\" role=\"button\" aria-controls=\"elementor-tab-content-7412\" aria-expanded=\"false\">\n\t\t\t\t\t\t\t\t\t\t\t\t\t<span class=\"elementor-accordion-icon elementor-accordion-icon-left\" aria-hidden=\"true\">\n\t\t\t\t\t\t\t\t\t\t\t\t\t\t\t<span class=\"elementor-accordion-icon-closed\"><i class=\"fas fa-angle-right\"><\/i><\/span>\n\t\t\t\t\t\t\t\t<span class=\"elementor-accordion-icon-opened\"><i class=\"fas fa-angle-down\"><\/i><\/span>\n\t\t\t\t\t\t\t\t\t\t\t\t\t\t<\/span>\n\t\t\t\t\t\t\t\t\t\t\t\t<a class=\"elementor-accordion-title\" tabindex=\"0\">Hvorfor skal jeg rejse til udlandet for at f\u00e5 sundhedsydelser?<\/a>\n\t\t\t\t\t<\/div>\n\t\t\t\t\t<div id=\"elementor-tab-content-7412\" class=\"elementor-tab-content elementor-clearfix\" data-tab=\"2\" role=\"region\" aria-labelledby=\"elementor-tab-title-7412\"><p>Ingen vil v\u00e6re i tvivl om, at Europa kan prale af nogle af de bedste l\u00e6ger og medicinske faciliteter i verden. Men faktum er, at ikke alle har r\u00e5d til de h\u00f8je omkostninger, der ofte er forbundet med det europ\u00e6iske sundhedsv\u00e6sen. Tyrkiet tilbyder overkommelig sundhedspleje til overkommelige priser, der er tilg\u00e6ngelig for alle.<\/p><p>I nogle europ\u00e6iske lande er sundhedsv\u00e6senet kendetegnet ved lange ventetider og lange papirer, ofte til relativt mindre procedurer. V\u00e6kst i medicinsk rejse er et svar p\u00e5 disse forhold, en afs\u00e6tningsmulighed, hvis du vil. V\u00e6ksten i lavprisselskaber, den \u00f8gede brug af f\u00f8rsteklasses teknologi og udstyr over hele verden og hurtige medicinske fremskridt, der reducerer restitutionstiden, har alle bidraget til det stigende antal mennesker, der forlader deres hjemlande til medicinsk behandling.<\/p><\/div>\n\t\t\t\t<\/div>\n\t\t\t\t\t\t\t<div class=\"elementor-accordion-item\">\n\t\t\t\t\t<div id=\"elementor-tab-title-7413\" class=\"elementor-tab-title\" data-tab=\"3\" role=\"button\" aria-controls=\"elementor-tab-content-7413\" aria-expanded=\"false\">\n\t\t\t\t\t\t\t\t\t\t\t\t\t<span class=\"elementor-accordion-icon elementor-accordion-icon-left\" aria-hidden=\"true\">\n\t\t\t\t\t\t\t\t\t\t\t\t\t\t\t<span class=\"elementor-accordion-icon-closed\"><i class=\"fas fa-angle-right\"><\/i><\/span>\n\t\t\t\t\t\t\t\t<span class=\"elementor-accordion-icon-opened\"><i class=\"fas fa-angle-down\"><\/i><\/span>\n\t\t\t\t\t\t\t\t\t\t\t\t\t\t<\/span>\n\t\t\t\t\t\t\t\t\t\t\t\t<a class=\"elementor-accordion-title\" tabindex=\"0\">Hvorfor skal jeg v\u00e6lge Kaskaloglu \u00d8jenklinik?<\/a>\n\t\t\t\t\t<\/div>\n\t\t\t\t\t<div id=\"elementor-tab-content-7413\" class=\"elementor-tab-content elementor-clearfix\" data-tab=\"3\" role=\"region\" aria-labelledby=\"elementor-tab-title-7413\">Kaskaloglu \u00d8jenklinik tager sig af alt fra at booke dit hotelv\u00e6relse til at bringe dig til klinikken til dine aftaler til selve operationen. Vi samarbejder kun med de mest erfarne l\u00e6ger og kirurger for at give dig den bedste \u00f8jenpleje.<\/div>\n\t\t\t\t<\/div>\n\t\t\t\t\t\t\t<div class=\"elementor-accordion-item\">\n\t\t\t\t\t<div id=\"elementor-tab-title-7414\" class=\"elementor-tab-title\" data-tab=\"4\" role=\"button\" aria-controls=\"elementor-tab-content-7414\" aria-expanded=\"false\">\n\t\t\t\t\t\t\t\t\t\t\t\t\t<span class=\"elementor-accordion-icon elementor-accordion-icon-left\" aria-hidden=\"true\">\n\t\t\t\t\t\t\t\t\t\t\t\t\t\t\t<span class=\"elementor-accordion-icon-closed\"><i class=\"fas fa-angle-right\"><\/i><\/span>\n\t\t\t\t\t\t\t\t<span class=\"elementor-accordion-icon-opened\"><i class=\"fas fa-angle-down\"><\/i><\/span>\n\t\t\t\t\t\t\t\t\t\t\t\t\t\t<\/span>\n\t\t\t\t\t\t\t\t\t\t\t\t<a class=\"elementor-accordion-title\" tabindex=\"0\">Hvor meget koster jeres ydelser?<\/a>\n\t\t\t\t\t<\/div>\n\t\t\t\t\t<div id=\"elementor-tab-content-7414\" class=\"elementor-tab-content elementor-clearfix\" data-tab=\"4\" role=\"region\" aria-labelledby=\"elementor-tab-title-7414\"><p>Prisen for vores tjenester er inkluderet i den pris du betaler hospitalet. Denne inkluderer; dine unders\u00f8gelser, aftaler, kirurgi og 10-\u00e5rs garanti (med tilh\u00f8rende check-ups indenfor garantiens varighed).<\/p><\/div>\n\t\t\t\t<\/div>\n\t\t\t\t\t\t\t<div class=\"elementor-accordion-item\">\n\t\t\t\t\t<div id=\"elementor-tab-title-7415\" class=\"elementor-tab-title\" data-tab=\"5\" role=\"button\" aria-controls=\"elementor-tab-content-7415\" aria-expanded=\"false\">\n\t\t\t\t\t\t\t\t\t\t\t\t\t<span class=\"elementor-accordion-icon elementor-accordion-icon-left\" aria-hidden=\"true\">\n\t\t\t\t\t\t\t\t\t\t\t\t\t\t\t<span class=\"elementor-accordion-icon-closed\"><i class=\"fas fa-angle-right\"><\/i><\/span>\n\t\t\t\t\t\t\t\t<span class=\"elementor-accordion-icon-opened\"><i class=\"fas fa-angle-down\"><\/i><\/span>\n\t\t\t\t\t\t\t\t\t\t\t\t\t\t<\/span>\n\t\t\t\t\t\t\t\t\t\t\t\t<a class=\"elementor-accordion-title\" tabindex=\"0\">Er det sikkert?<\/a>\n\t\t\t\t\t<\/div>\n\t\t\t\t\t<div id=\"elementor-tab-content-7415\" class=\"elementor-tab-content elementor-clearfix\" data-tab=\"5\" role=\"region\" aria-labelledby=\"elementor-tab-title-7415\">Absolut. Ud over at have nogle af de fineste medicinske faciliteter i verden, er Tyrkiet et moderne, udviklet land og tilbyder en meget sikrere, mere komfortabel mulighed end nogle af mindre udviklede medicinske rejsedestinationer.<\/div>\n\t\t\t\t<\/div>\n\t\t\t\t\t\t\t\t<\/div>\n\t\t\t\t\t\t<\/div>\n\t\t\t\t<\/div>\n\t\t\t\t\t<\/div>\n\t\t<\/div>\n\t\t\t\t\t<\/div>\n\t\t<\/section>\n\t\t\t\t\t<\/div>\n\t\t<\/div>\n\t\t\t\t\t<\/div>\n\t\t<\/section>\n\t\t\t\t<\/div>\n\t\t<p class=\"last-updated\">Son G\u00fcncelleme 21 oktober 2020 Saat 10:28 am<\/p>","protected":false},"excerpt":{"rendered":"<p>Herunder finder du de hyppigst stillede sp\u00f8rgsm\u00e5l, som vores kunder sp\u00f8rger os om. Hvorfor skal jeg rejse til udlandet for at f\u00e5 sundhedsydelser? Ingen vil v\u00e6re i tvivl om, at Europa kan prale af nogle af de bedste l\u00e6ger og medicinske faciliteter i verden. Men faktum er, at ikke alle har r\u00e5d til de h\u00f8je omkostninger, der ofte er forbundet med det europ\u00e6iske sundhedsv\u00e6sen. Tyrkiet tilbyder overkommelig sundhedspleje til overkommelige priser, der er tilg\u00e6ngelig for alle. I nogle europ\u00e6iske lande er sundhedsv\u00e6senet kendetegnet ved lange ventetider og lange papirer, ofte til relativt mindre procedurer. V\u00e6kst i medicinsk rejse er et svar p\u00e5 disse forhold, en afs\u00e6tningsmulighed, hvis du vil. V\u00e6ksten i lavprisselskaber, den \u00f8gede brug af f\u00f8rsteklasses teknologi og udstyr over hele verden og hurtige medicinske fremskridt, der reducerer restitutionstiden, har alle bidraget til det stigende antal mennesker, der forlader deres hjemlande til medicinsk behandling. Hvorfor skal jeg rejse til udlandet for at f\u00e5 sundhedsydelser? Ingen vil v\u00e6re i tvivl om, at Europa kan prale af nogle af de bedste l\u00e6ger og medicinske faciliteter i verden. Men faktum er, at ikke alle har r\u00e5d til de h\u00f8je omkostninger, der ofte er forbundet med det europ\u00e6iske sundhedsv\u00e6sen. Tyrkiet tilbyder overkommelig sundhedspleje til overkommelige priser, der er tilg\u00e6ngelig for alle. I nogle europ\u00e6iske lande er sundhedsv\u00e6senet kendetegnet ved lange ventetider og lange papirer, ofte til relativt mindre procedurer. V\u00e6kst i medicinsk rejse er et svar p\u00e5 disse forhold, en afs\u00e6tningsmulighed, hvis du vil. V\u00e6ksten i lavprisselskaber, den \u00f8gede brug af f\u00f8rsteklasses teknologi og udstyr over hele verden og hurtige medicinske fremskridt, der reducerer restitutionstiden, har alle bidraget til det stigende antal mennesker, der forlader deres hjemlande til medicinsk behandling. Hvorfor skal jeg v\u00e6lge Kaskaloglu \u00d8jenklinik? Kaskaloglu \u00d8jenklinik tager sig af alt fra at booke dit hotelv\u00e6relse til at bringe dig til klinikken til dine aftaler til selve operationen. Vi samarbejder kun med de mest erfarne l\u00e6ger og kirurger for at give dig den bedste \u00f8jenpleje. Hvor meget koster jeres ydelser? Prisen for vores tjenester er inkluderet i den pris du betaler hospitalet. Denne inkluderer; dine unders\u00f8gelser, aftaler, kirurgi og 10-\u00e5rs garanti (med tilh\u00f8rende check-ups indenfor garantiens varighed). Er det sikkert? Absolut. Ud over at have nogle af de fineste medicinske faciliteter i verden, er Tyrkiet et moderne, udviklet land og tilbyder en meget sikrere, mere komfortabel mulighed end nogle af mindre udviklede medicinske rejsedestinationer. Son G\u00fcncelleme 21 oktober 2020 Saat 10:28 am<\/p>\n","protected":false},"author":1,"featured_media":0,"parent":0,"menu_order":0,"comment_status":"closed","ping_status":"closed","template":"","meta":{"footnotes":""},"class_list":["post-6986","page","type-page","status-publish","hentry"],"_links":{"self":[{"href":"https:\/\/www.kaskaloglu.com\/da\/wp-json\/wp\/v2\/pages\/6986","targetHints":{"allow":["GET"]}}],"collection":[{"href":"https:\/\/www.kaskaloglu.com\/da\/wp-json\/wp\/v2\/pages"}],"about":[{"href":"https:\/\/www.kaskaloglu.com\/da\/wp-json\/wp\/v2\/types\/page"}],"author":[{"embeddable":true,"href":"https:\/\/www.kaskaloglu.com\/da\/wp-json\/wp\/v2\/users\/1"}],"replies":[{"embeddable":true,"href":"https:\/\/www.kaskaloglu.com\/da\/wp-json\/wp\/v2\/comments?post=6986"}],"version-history":[{"count":0,"href":"https:\/\/www.kaskaloglu.com\/da\/wp-json\/wp\/v2\/pages\/6986\/revisions"}],"wp:attachment":[{"href":"https:\/\/www.kaskaloglu.com\/da\/wp-json\/wp\/v2\/media?parent=6986"}],"curies":[{"name":"wp","href":"https:\/\/api.w.org\/{rel}","templated":true}]}}