{"id":6984,"date":"2019-07-04T07:13:03","date_gmt":"2019-07-04T07:13:03","guid":{"rendered":"https:\/\/www.kaskaloglu.com\/lens-replacement\/"},"modified":"2022-02-14T17:43:27","modified_gmt":"2022-02-14T14:43:27","slug":"linseudskiftning","status":"publish","type":"page","link":"https:\/\/www.kaskaloglu.com\/da\/linseudskiftning\/","title":{"rendered":"Linseudskiftning"},"content":{"rendered":"\t\t<div data-elementor-type=\"wp-post\" data-elementor-id=\"6984\" class=\"elementor elementor-6984 elementor-368\" data-elementor-post-type=\"page\">\n\t\t\t\t\t\t<section class=\"elementor-section elementor-top-section elementor-element elementor-element-cd0a884 mainhead elementor-section-boxed elementor-section-height-default elementor-section-height-default wpr-particle-no wpr-jarallax-no wpr-parallax-no wpr-sticky-section-no wpr-equal-height-no\" data-id=\"cd0a884\" data-element_type=\"section\" data-e-type=\"section\" data-settings=\"{&quot;background_background&quot;:&quot;classic&quot;}\">\n\t\t\t\t\t\t\t<div class=\"elementor-background-overlay\"><\/div>\n\t\t\t\t\t\t\t<div class=\"elementor-container elementor-column-gap-default\">\n\t\t\t\t\t<div class=\"elementor-column elementor-col-100 elementor-top-column elementor-element elementor-element-9a83e87\" data-id=\"9a83e87\" data-element_type=\"column\" data-e-type=\"column\">\n\t\t\t<div class=\"elementor-widget-wrap elementor-element-populated\">\n\t\t\t\t\t\t<div class=\"elementor-element elementor-element-3510b2c elementor-widget elementor-widget-heading\" data-id=\"3510b2c\" data-element_type=\"widget\" data-e-type=\"widget\" data-widget_type=\"heading.default\">\n\t\t\t\t<div class=\"elementor-widget-container\">\n\t\t\t\t\t<h1 class=\"elementor-heading-title elementor-size-default\">Linseudskiftning<\/h1>\t\t\t\t<\/div>\n\t\t\t\t<\/div>\n\t\t\t\t<div class=\"elementor-element elementor-element-7c74d9a elementor-widget elementor-widget-heading\" data-id=\"7c74d9a\" data-element_type=\"widget\" data-e-type=\"widget\" data-widget_type=\"heading.default\">\n\t\t\t\t<div class=\"elementor-widget-container\">\n\t\t\t\t\t<h1 class=\"elementor-heading-title elementor-size-default\">Refractive Linse-Udskiftning i Izmir, Tyrkiet<\/h1>\t\t\t\t<\/div>\n\t\t\t\t<\/div>\n\t\t\t\t<div class=\"elementor-element elementor-element-2cfa4ac elementor-widget-divider--view-line elementor-widget elementor-widget-divider\" data-id=\"2cfa4ac\" data-element_type=\"widget\" data-e-type=\"widget\" data-widget_type=\"divider.default\">\n\t\t\t\t<div class=\"elementor-widget-container\">\n\t\t\t\t\t\t\t<div class=\"elementor-divider\">\n\t\t\t<span class=\"elementor-divider-separator\">\n\t\t\t\t\t\t<\/span>\n\t\t<\/div>\n\t\t\t\t\t\t<\/div>\n\t\t\t\t<\/div>\n\t\t\t\t\t<\/div>\n\t\t<\/div>\n\t\t\t\t\t<\/div>\n\t\t<\/section>\n\t\t\t\t<section class=\"elementor-section elementor-top-section elementor-element elementor-element-39bfaf93 elementor-section-boxed elementor-section-height-default elementor-section-height-default wpr-particle-no wpr-jarallax-no wpr-parallax-no wpr-sticky-section-no wpr-equal-height-no\" data-id=\"39bfaf93\" data-element_type=\"section\" data-e-type=\"section\">\n\t\t\t\t\t\t<div class=\"elementor-container elementor-column-gap-no\">\n\t\t\t\t\t<div class=\"elementor-column elementor-col-100 elementor-top-column elementor-element elementor-element-30cc0c21\" data-id=\"30cc0c21\" data-element_type=\"column\" data-e-type=\"column\">\n\t\t\t<div class=\"elementor-widget-wrap elementor-element-populated\">\n\t\t\t\t\t\t<section class=\"elementor-section elementor-inner-section elementor-element elementor-element-13b04a57 elementor-reverse-mobile elementor-section-boxed elementor-section-height-default elementor-section-height-default wpr-particle-no wpr-jarallax-no wpr-parallax-no wpr-sticky-section-no wpr-equal-height-no\" data-id=\"13b04a57\" data-element_type=\"section\" data-e-type=\"section\">\n\t\t\t\t\t\t<div class=\"elementor-container elementor-column-gap-default\">\n\t\t\t\t\t<div class=\"elementor-column elementor-col-50 elementor-inner-column elementor-element elementor-element-51ac7406\" data-id=\"51ac7406\" data-element_type=\"column\" data-e-type=\"column\">\n\t\t\t<div class=\"elementor-widget-wrap elementor-element-populated\">\n\t\t\t\t\t\t<div class=\"elementor-element elementor-element-67136b1d elementor-widget elementor-widget-heading\" data-id=\"67136b1d\" data-element_type=\"widget\" data-e-type=\"widget\" data-widget_type=\"heading.default\">\n\t\t\t\t<div class=\"elementor-widget-container\">\n\t\t\t\t\t<h4 class=\"elementor-heading-title elementor-size-default\">Linseudskiftning<\/h4>\t\t\t\t<\/div>\n\t\t\t\t<\/div>\n\t\t\t\t<div class=\"elementor-element elementor-element-429521b5 elementor-widget elementor-widget-text-editor\" data-id=\"429521b5\" data-element_type=\"widget\" data-e-type=\"widget\" data-widget_type=\"text-editor.default\">\n\t\t\t\t<div class=\"elementor-widget-container\">\n\t\t\t\t\t\t\t\t\t<p>Hvis du er tr\u00e6t af at b\u00e6re briller, men har f\u00e5et at vide, at du ikke er en kandidat til LASIK, er der en anden mulighed for synskorrektion, der kan v\u00e6re den rigtige for dig. Det kaldes Refractive Lens Exchange (RLE). Det kan ogs\u00e5 kaldes Clear Lens Extraction (CLE). I mods\u00e6tning til LASIK og andre refraktive kirurgiske teknikker, der korrigerer synet ved at \u00e6ndre formen p\u00e5 hornhinden, korrigerer RLE din vision ved at \u00e6ndre fokuserings kraften i \u00f8jet. For at g\u00f8re dette erstatter vi din naturlige linse med en ny intraokul\u00e6r linse (IOL).<\/p><p>Med RLE erstattes din naturlige linse med en IOL s\u00e6rligt udvalgt for at give dig den bedste vision til dine behov. RLE er velegnet til mennesker over 40 \u00e5r, fordi det er den alder, de fleste af os begynder at miste evnen til at fokusere t\u00e6t p\u00e5. Dette sker, n\u00e5r den naturlige linse bliver mindre fleksibel og ikke l\u00e6ngere passer til at \u00e6ndre fokus fra fjernt til t\u00e6t syn.<\/p><p>ZEISS IOL-MASTER beregner kraften i den intraokul\u00e6re linse, der skal implanteres, og Pentacam m\u00e5ler hornhindens overflade og tykkelse, s\u00e5 vi kan korrigere enhver forudg\u00e5ende astigmatisme. Med anvendelsen af \u200b\u200bden nyeste teknologi Femtosecond laser udf\u00f8res mange trin i operationen af \u200b\u200bcomputerstyrede instrumenter, der g\u00f8r operationen mere pr\u00e6cis og sikrere.<\/p><p>P\u00e5 operationsdagen inddampes dr\u00e5ber for at udvide pupilen. Betjeningen udf\u00f8res under topisk an\u00e6stesi, hvilket betyder &#8220;KUN DR\u00c5BER, INGEN INJEKTION&#8221;. Vi bruger laser- og lydb\u00f8lgenergi til at fjerne den naturlige linse gennem et meget lille snit, hvilket betyder \u201cINGEN ST\u00c6NG\u201d. Den gennemsnitlige varighed af operationen er mindre end 10 minutter. Patienten kan g\u00e5 hjem efter operationen. De intraokul\u00e6re linser, vi bruger, er af de bedste virksomheder, s\u00e5 vores patienter f\u00e5r fremragende syn efter operationen.<\/p><p>Vi bruger kun de bedste intraokul\u00e6re linser fra Alcon, Zeiss eller John &amp; Johnson, som giver det optimale resultat. For at finde ud af, om du er en kandidat til RLE, eller en af \u200b\u200bde andre refraktionsprocedurer, kontakt os p\u00e5 Kaskaloglu \u00d8jenklinik.<\/p>\t\t\t\t\t\t\t\t<\/div>\n\t\t\t\t<\/div>\n\t\t\t\t\t<\/div>\n\t\t<\/div>\n\t\t\t\t<div class=\"elementor-column elementor-col-50 elementor-inner-column elementor-element elementor-element-6b152f99\" data-id=\"6b152f99\" data-element_type=\"column\" data-e-type=\"column\">\n\t\t\t<div class=\"elementor-widget-wrap elementor-element-populated\">\n\t\t\t\t\t\t<div class=\"elementor-element elementor-element-29711361 elementor-widget elementor-widget-image\" data-id=\"29711361\" data-element_type=\"widget\" data-e-type=\"widget\" data-widget_type=\"image.default\">\n\t\t\t\t<div class=\"elementor-widget-container\">\n\t\t\t\t\t\t\t\t\t\t\t\t\t\t\t<img fetchpriority=\"high\" decoding=\"async\" width=\"530\" height=\"300\" src=\"https:\/\/www.kaskaloglu.com\/wp-content\/uploads\/2020\/08\/Akilli_Lens_Illustration.jpg\" class=\"attachment-large size-large wp-image-6853\" alt=\"ka\u015fkalo\u011flu g\u00f6z hastanesi\" srcset=\"https:\/\/www.kaskaloglu.com\/wp-content\/uploads\/2020\/08\/Akilli_Lens_Illustration.jpg 530w, https:\/\/www.kaskaloglu.com\/wp-content\/uploads\/2020\/08\/Akilli_Lens_Illustration-300x170.jpg 300w\" sizes=\"(max-width: 530px) 100vw, 530px\" \/>\t\t\t\t\t\t\t\t\t\t\t\t\t\t\t<\/div>\n\t\t\t\t<\/div>\n\t\t\t\t\t<\/div>\n\t\t<\/div>\n\t\t\t\t\t<\/div>\n\t\t<\/section>\n\t\t\t\t\t<\/div>\n\t\t<\/div>\n\t\t\t\t\t<\/div>\n\t\t<\/section>\n\t\t\t\t<\/div>\n\t\t<p class=\"last-updated\">Son G\u00fcncelleme 14 februar 2022 Saat 17:43 pm<\/p>","protected":false},"excerpt":{"rendered":"<p>Refractive Linse-Udskiftning i Izmir, Tyrkiet Hvis du er tr\u00e6t af at b\u00e6re briller, men har f\u00e5et at vide, at du ikke er en kandidat til LASIK, er der en anden mulighed for synskorrektion, der kan v\u00e6re den rigtige for dig. Det kaldes Refractive Lens Exchange (RLE). Det kan ogs\u00e5 kaldes Clear Lens Extraction (CLE). I mods\u00e6tning til LASIK og andre refraktive kirurgiske teknikker, der korrigerer synet ved at \u00e6ndre formen p\u00e5 hornhinden, korrigerer RLE din vision ved at \u00e6ndre fokuserings kraften i \u00f8jet. For at g\u00f8re dette erstatter vi din naturlige linse med en ny intraokul\u00e6r linse (IOL). Med RLE erstattes din naturlige linse med en IOL s\u00e6rligt udvalgt for at give dig den bedste vision til dine behov. RLE er velegnet til mennesker over 40 \u00e5r, fordi det er den alder, de fleste af os begynder at miste evnen til at fokusere t\u00e6t p\u00e5. Dette sker, n\u00e5r den naturlige linse bliver mindre fleksibel og ikke l\u00e6ngere passer til at \u00e6ndre fokus fra fjernt til t\u00e6t syn. ZEISS IOL-MASTER beregner kraften i den intraokul\u00e6re linse, der skal implanteres, og Pentacam m\u00e5ler hornhindens overflade og tykkelse, s\u00e5 vi kan korrigere enhver forudg\u00e5ende astigmatisme. Med anvendelsen af \u200b\u200bden nyeste teknologi Femtosecond laser udf\u00f8res mange trin i operationen af \u200b\u200bcomputerstyrede instrumenter, der g\u00f8r operationen mere pr\u00e6cis og sikrere. P\u00e5 operationsdagen inddampes dr\u00e5ber for at udvide pupilen. Betjeningen udf\u00f8res under topisk an\u00e6stesi, hvilket betyder &#8220;KUN DR\u00c5BER, INGEN INJEKTION&#8221;. Vi bruger laser- og lydb\u00f8lgenergi til at fjerne den naturlige linse gennem et meget lille snit, hvilket betyder \u201cINGEN ST\u00c6NG\u201d. Den gennemsnitlige varighed af operationen er mindre end 10 minutter. Patienten kan g\u00e5 hjem efter operationen. De intraokul\u00e6re linser, vi bruger, er af de bedste virksomheder, s\u00e5 vores patienter f\u00e5r fremragende syn efter operationen. Vi bruger kun de bedste intraokul\u00e6re linser fra Alcon, Zeiss eller John &amp; Johnson, som giver det optimale resultat. For at finde ud af, om du er en kandidat til RLE, eller en af \u200b\u200bde andre refraktionsprocedurer, kontakt os p\u00e5 Kaskaloglu \u00d8jenklinik. Son G\u00fcncelleme 14 februar 2022 Saat 17:43 pm<\/p>\n","protected":false},"author":1,"featured_media":0,"parent":0,"menu_order":0,"comment_status":"closed","ping_status":"closed","template":"","meta":{"footnotes":""},"class_list":["post-6984","page","type-page","status-publish","hentry"],"_links":{"self":[{"href":"https:\/\/www.kaskaloglu.com\/da\/wp-json\/wp\/v2\/pages\/6984","targetHints":{"allow":["GET"]}}],"collection":[{"href":"https:\/\/www.kaskaloglu.com\/da\/wp-json\/wp\/v2\/pages"}],"about":[{"href":"https:\/\/www.kaskaloglu.com\/da\/wp-json\/wp\/v2\/types\/page"}],"author":[{"embeddable":true,"href":"https:\/\/www.kaskaloglu.com\/da\/wp-json\/wp\/v2\/users\/1"}],"replies":[{"embeddable":true,"href":"https:\/\/www.kaskaloglu.com\/da\/wp-json\/wp\/v2\/comments?post=6984"}],"version-history":[{"count":0,"href":"https:\/\/www.kaskaloglu.com\/da\/wp-json\/wp\/v2\/pages\/6984\/revisions"}],"wp:attachment":[{"href":"https:\/\/www.kaskaloglu.com\/da\/wp-json\/wp\/v2\/media?parent=6984"}],"curies":[{"name":"wp","href":"https:\/\/api.w.org\/{rel}","templated":true}]}}