{"id":6974,"date":"2020-02-05T14:40:55","date_gmt":"2020-02-05T14:40:55","guid":{"rendered":"https:\/\/www.kaskaloglu.com\/icl-phakic-implant\/"},"modified":"2020-08-11T19:28:03","modified_gmt":"2020-08-11T16:28:03","slug":"linseimplantat","status":"publish","type":"page","link":"https:\/\/www.kaskaloglu.com\/da\/linseimplantat\/","title":{"rendered":"Linseimplantat"},"content":{"rendered":"\t\t<div data-elementor-type=\"wp-page\" data-elementor-id=\"6974\" class=\"elementor elementor-6974 elementor-4287\" data-elementor-post-type=\"page\">\n\t\t\t\t\t\t<section class=\"elementor-section elementor-top-section elementor-element elementor-element-4669911 mainhead elementor-section-boxed elementor-section-height-default elementor-section-height-default wpr-particle-no wpr-jarallax-no wpr-parallax-no wpr-sticky-section-no wpr-equal-height-no\" data-id=\"4669911\" data-element_type=\"section\" data-e-type=\"section\" data-settings=\"{&quot;background_background&quot;:&quot;classic&quot;}\">\n\t\t\t\t\t\t\t<div class=\"elementor-background-overlay\"><\/div>\n\t\t\t\t\t\t\t<div class=\"elementor-container elementor-column-gap-default\">\n\t\t\t\t\t<div class=\"elementor-column elementor-col-100 elementor-top-column elementor-element elementor-element-bc0d1ad\" data-id=\"bc0d1ad\" data-element_type=\"column\" data-e-type=\"column\">\n\t\t\t<div class=\"elementor-widget-wrap elementor-element-populated\">\n\t\t\t\t\t\t<div class=\"elementor-element elementor-element-b9d58e8 elementor-widget elementor-widget-heading\" data-id=\"b9d58e8\" data-element_type=\"widget\" data-e-type=\"widget\" data-widget_type=\"heading.default\">\n\t\t\t\t<div class=\"elementor-widget-container\">\n\t\t\t\t\t<h1 class=\"elementor-heading-title elementor-size-default\">ICL - Phakisk Implant<\/h1>\t\t\t\t<\/div>\n\t\t\t\t<\/div>\n\t\t\t\t<div class=\"elementor-element elementor-element-5cce84b elementor-widget elementor-widget-heading\" data-id=\"5cce84b\" data-element_type=\"widget\" data-e-type=\"widget\" data-widget_type=\"heading.default\">\n\t\t\t\t<div class=\"elementor-widget-container\">\n\t\t\t\t\t<h1 class=\"elementor-heading-title elementor-size-default\">Ved h\u00f8je brydningsfejl og for \u00f8jne, der ikke er egnet til laser-\u00f8jenoperation<\/h1>\t\t\t\t<\/div>\n\t\t\t\t<\/div>\n\t\t\t\t<div class=\"elementor-element elementor-element-3f8de9b elementor-widget-divider--view-line elementor-widget elementor-widget-divider\" data-id=\"3f8de9b\" data-element_type=\"widget\" data-e-type=\"widget\" data-widget_type=\"divider.default\">\n\t\t\t\t<div class=\"elementor-widget-container\">\n\t\t\t\t\t\t\t<div class=\"elementor-divider\">\n\t\t\t<span class=\"elementor-divider-separator\">\n\t\t\t\t\t\t<\/span>\n\t\t<\/div>\n\t\t\t\t\t\t<\/div>\n\t\t\t\t<\/div>\n\t\t\t\t\t<\/div>\n\t\t<\/div>\n\t\t\t\t\t<\/div>\n\t\t<\/section>\n\t\t\t\t<section class=\"elementor-section elementor-top-section elementor-element elementor-element-e2791f8 elementor-section-boxed elementor-section-height-default elementor-section-height-default wpr-particle-no wpr-jarallax-no wpr-parallax-no wpr-sticky-section-no wpr-equal-height-no\" data-id=\"e2791f8\" data-element_type=\"section\" data-e-type=\"section\">\n\t\t\t\t\t\t<div class=\"elementor-container elementor-column-gap-no\">\n\t\t\t\t\t<div class=\"elementor-column elementor-col-100 elementor-top-column elementor-element elementor-element-61401f3\" data-id=\"61401f3\" data-element_type=\"column\" data-e-type=\"column\">\n\t\t\t<div class=\"elementor-widget-wrap elementor-element-populated\">\n\t\t\t\t\t\t<section class=\"elementor-section elementor-inner-section elementor-element elementor-element-e1d5d4c elementor-reverse-mobile elementor-section-boxed elementor-section-height-default elementor-section-height-default wpr-particle-no wpr-jarallax-no wpr-parallax-no wpr-sticky-section-no wpr-equal-height-no\" data-id=\"e1d5d4c\" data-element_type=\"section\" data-e-type=\"section\">\n\t\t\t\t\t\t<div class=\"elementor-container elementor-column-gap-default\">\n\t\t\t\t\t<div class=\"elementor-column elementor-col-50 elementor-inner-column elementor-element elementor-element-76e971e\" data-id=\"76e971e\" data-element_type=\"column\" data-e-type=\"column\">\n\t\t\t<div class=\"elementor-widget-wrap elementor-element-populated\">\n\t\t\t\t\t\t<div class=\"elementor-element elementor-element-4a1a85b elementor-widget elementor-widget-heading\" data-id=\"4a1a85b\" data-element_type=\"widget\" data-e-type=\"widget\" data-widget_type=\"heading.default\">\n\t\t\t\t<div class=\"elementor-widget-container\">\n\t\t\t\t\t<h3 class=\"elementor-heading-title elementor-size-default\">ICL<\/h3>\t\t\t\t<\/div>\n\t\t\t\t<\/div>\n\t\t\t\t<div class=\"elementor-element elementor-element-7c4be48 elementor-widget elementor-widget-text-editor\" data-id=\"7c4be48\" data-element_type=\"widget\" data-e-type=\"widget\" data-widget_type=\"text-editor.default\">\n\t\t\t\t<div class=\"elementor-widget-container\">\n\t\t\t\t\t\t\t\t\t<p>ICL-Implanterbar kontaktlinser bruges prim\u00e6rt til behandling af patienter, hvis \u00f8jne ikke er egnet til Laser \u00d8jenoperationer p\u00e5 grund af h\u00f8je brydningsfejl eller uegnede hornhinder. Professor Kaskaloglu har mere end 20 \u00e5rs, og Dr.Bilgehan Sezgin Asena har mere end 10 \u00e5rs erfaring med denne teknik. Med dem varer denne operation mindre end 5 minutter. Vi bruger udelukkende Visian ICL fra Staar-selskabet, der har haft mere end 1000000 implantater over hele verden. Du kan f\u00e5 mere information om denne teknik fra dette websted:\u00a0<a href=\"https:\/\/discovericl.com\/\" target=\"_blank\" rel=\"noopener\">Discovericl.com<\/a><\/p>\t\t\t\t\t\t\t\t<\/div>\n\t\t\t\t<\/div>\n\t\t\t\t<div class=\"elementor-element elementor-element-7c810a5 elementor-widget elementor-widget-accordion\" data-id=\"7c810a5\" data-element_type=\"widget\" data-e-type=\"widget\" data-widget_type=\"accordion.default\">\n\t\t\t\t<div class=\"elementor-widget-container\">\n\t\t\t\t\t\t\t<div class=\"elementor-accordion\">\n\t\t\t\t\t\t\t<div class=\"elementor-accordion-item\">\n\t\t\t\t\t<div id=\"elementor-tab-title-1301\" class=\"elementor-tab-title\" data-tab=\"1\" role=\"button\" aria-controls=\"elementor-tab-content-1301\" aria-expanded=\"false\">\n\t\t\t\t\t\t\t\t\t\t\t\t\t<span class=\"elementor-accordion-icon elementor-accordion-icon-left\" aria-hidden=\"true\">\n\t\t\t\t\t\t\t\t\t\t\t\t\t\t\t<span class=\"elementor-accordion-icon-closed\"><i class=\"fas fa-angle-right\"><\/i><\/span>\n\t\t\t\t\t\t\t\t<span class=\"elementor-accordion-icon-opened\"><i class=\"fas fa-angle-down\"><\/i><\/span>\n\t\t\t\t\t\t\t\t\t\t\t\t\t\t<\/span>\n\t\t\t\t\t\t\t\t\t\t\t\t<a class=\"elementor-accordion-title\" tabindex=\"0\">Er jeg en kandidat til ICL?<\/a>\n\t\t\t\t\t<\/div>\n\t\t\t\t\t<div id=\"elementor-tab-content-1301\" class=\"elementor-tab-content elementor-clearfix\" data-tab=\"1\" role=\"region\" aria-labelledby=\"elementor-tab-title-1301\"><p>De bedste kandidater til Visian ICL er i alderen 21 til 50 \u00e5r med moderat til sv\u00e6r n\u00e6rsynethed eller hyperopi med eller uden astigmatisme. Det er bedst, hvis kandidaten ikke har haft nogen tidligere oftalmisk operation og ikke har en historie med oftalmisk sygdom. s\u00e5som glaukom, iritis eller diabetisk retinopati.<\/p><\/div>\n\t\t\t\t<\/div>\n\t\t\t\t\t\t\t<div class=\"elementor-accordion-item\">\n\t\t\t\t\t<div id=\"elementor-tab-title-1302\" class=\"elementor-tab-title\" data-tab=\"2\" role=\"button\" aria-controls=\"elementor-tab-content-1302\" aria-expanded=\"false\">\n\t\t\t\t\t\t\t\t\t\t\t\t\t<span class=\"elementor-accordion-icon elementor-accordion-icon-left\" aria-hidden=\"true\">\n\t\t\t\t\t\t\t\t\t\t\t\t\t\t\t<span class=\"elementor-accordion-icon-closed\"><i class=\"fas fa-angle-right\"><\/i><\/span>\n\t\t\t\t\t\t\t\t<span class=\"elementor-accordion-icon-opened\"><i class=\"fas fa-angle-down\"><\/i><\/span>\n\t\t\t\t\t\t\t\t\t\t\t\t\t\t<\/span>\n\t\t\t\t\t\t\t\t\t\t\t\t<a class=\"elementor-accordion-title\" tabindex=\"0\">Hvad er fordelene ved ICL?<\/a>\n\t\t\t\t\t<\/div>\n\t\t\t\t\t<div id=\"elementor-tab-content-1302\" class=\"elementor-tab-content elementor-clearfix\" data-tab=\"2\" role=\"region\" aria-labelledby=\"elementor-tab-title-1302\"><p>Visian ICL og Toric ICL er i stand til at korrigere en bred vifte af n\u00e6rsynethed, hyperopi og astigmatisme uden fjernelse eller \u00f8del\u00e6ggelse af hornhindev\u00e6v. ICL er en lille, sammenfoldelig, injicerbar linse, der inds\u00e6ttes gennem et lille 3 mm snit, som ikke kr\u00e6ver suturer. ICL giver forudsigelige brydning resultater og fremragende synskvalitet p\u00e5 grund af dens placering inde i \u00f8jet samt dens optiske ydeevne. For mere info, bes\u00f8g:\u00a0<a href=\"https:\/\/discovericl.com\/\" target=\"_blank\" rel=\"noopener\">https:\/\/discovericl.com\/<\/a><\/p><\/div>\n\t\t\t\t<\/div>\n\t\t\t\t\t\t\t<div class=\"elementor-accordion-item\">\n\t\t\t\t\t<div id=\"elementor-tab-title-1303\" class=\"elementor-tab-title\" data-tab=\"3\" role=\"button\" aria-controls=\"elementor-tab-content-1303\" aria-expanded=\"false\">\n\t\t\t\t\t\t\t\t\t\t\t\t\t<span class=\"elementor-accordion-icon elementor-accordion-icon-left\" aria-hidden=\"true\">\n\t\t\t\t\t\t\t\t\t\t\t\t\t\t\t<span class=\"elementor-accordion-icon-closed\"><i class=\"fas fa-angle-right\"><\/i><\/span>\n\t\t\t\t\t\t\t\t<span class=\"elementor-accordion-icon-opened\"><i class=\"fas fa-angle-down\"><\/i><\/span>\n\t\t\t\t\t\t\t\t\t\t\t\t\t\t<\/span>\n\t\t\t\t\t\t\t\t\t\t\t\t<a class=\"elementor-accordion-title\" tabindex=\"0\">Kan de t\u00f8rre ud, blive snavsede som en kontaktlinse?<\/a>\n\t\t\t\t\t<\/div>\n\t\t\t\t\t<div id=\"elementor-tab-content-1303\" class=\"elementor-tab-content elementor-clearfix\" data-tab=\"3\" role=\"region\" aria-labelledby=\"elementor-tab-title-1303\"><p>Nej. Visian ICL er designet til at forblive p\u00e5 plads i \u00f8jet uden vedligeholdelse. En \u00e5rlig unders\u00f8gelse udf\u00f8rt af din \u00f8jenl\u00e6ge anbefales dog for at sikre dig, at alt er i orden.<\/p><\/div>\n\t\t\t\t<\/div>\n\t\t\t\t\t\t\t<div class=\"elementor-accordion-item\">\n\t\t\t\t\t<div id=\"elementor-tab-title-1304\" class=\"elementor-tab-title\" data-tab=\"4\" role=\"button\" aria-controls=\"elementor-tab-content-1304\" aria-expanded=\"false\">\n\t\t\t\t\t\t\t\t\t\t\t\t\t<span class=\"elementor-accordion-icon elementor-accordion-icon-left\" aria-hidden=\"true\">\n\t\t\t\t\t\t\t\t\t\t\t\t\t\t\t<span class=\"elementor-accordion-icon-closed\"><i class=\"fas fa-angle-right\"><\/i><\/span>\n\t\t\t\t\t\t\t\t<span class=\"elementor-accordion-icon-opened\"><i class=\"fas fa-angle-down\"><\/i><\/span>\n\t\t\t\t\t\t\t\t\t\t\t\t\t\t<\/span>\n\t\t\t\t\t\t\t\t\t\t\t\t<a class=\"elementor-accordion-title\" tabindex=\"0\">Kan ICL ses med det blotte \u00f8je?<\/a>\n\t\t\t\t\t<\/div>\n\t\t\t\t\t<div id=\"elementor-tab-content-1304\" class=\"elementor-tab-content elementor-clearfix\" data-tab=\"4\" role=\"region\" aria-labelledby=\"elementor-tab-title-1304\"><p>Nej. Fordi linsen er placeret bag iris, vil hverken du eller en observat\u00f8r v\u00e6re i stand til at identificere linsen p\u00e5 plads. Det kosmetiske udseende af Visian ICL er perfekt, og der er ingen m\u00e5de for en ikke-professionel at bem\u00e6rke, at en visuel korrektion er p\u00e5 plads.<\/p><\/div>\n\t\t\t\t<\/div>\n\t\t\t\t\t\t\t<div class=\"elementor-accordion-item\">\n\t\t\t\t\t<div id=\"elementor-tab-title-1305\" class=\"elementor-tab-title\" data-tab=\"5\" role=\"button\" aria-controls=\"elementor-tab-content-1305\" aria-expanded=\"false\">\n\t\t\t\t\t\t\t\t\t\t\t\t\t<span class=\"elementor-accordion-icon elementor-accordion-icon-left\" aria-hidden=\"true\">\n\t\t\t\t\t\t\t\t\t\t\t\t\t\t\t<span class=\"elementor-accordion-icon-closed\"><i class=\"fas fa-angle-right\"><\/i><\/span>\n\t\t\t\t\t\t\t\t<span class=\"elementor-accordion-icon-opened\"><i class=\"fas fa-angle-down\"><\/i><\/span>\n\t\t\t\t\t\t\t\t\t\t\t\t\t\t<\/span>\n\t\t\t\t\t\t\t\t\t\t\t\t<a class=\"elementor-accordion-title\" tabindex=\"0\">Hvad indeb\u00e6rer ICL-proceduren?<\/a>\n\t\t\t\t\t<\/div>\n\t\t\t\t\t<div id=\"elementor-tab-content-1305\" class=\"elementor-tab-content elementor-clearfix\" data-tab=\"5\" role=\"region\" aria-labelledby=\"elementor-tab-title-1305\"><p>ICL-operationen udf\u00f8res poliklinisk, hvilket betyder, at patienten opereres og forlader klinikken samme dag. Der administreres en let lokalbed\u00f8velse, og der er meget lidt ubehag og normalt ingen smerter forbundet med proceduren. Nogle dr\u00e5ber eller m\u00e5ske oral medicin kan ordineres.<\/p><\/div>\n\t\t\t\t<\/div>\n\t\t\t\t\t\t\t\t<\/div>\n\t\t\t\t\t\t<\/div>\n\t\t\t\t<\/div>\n\t\t\t\t\t<\/div>\n\t\t<\/div>\n\t\t\t\t<div class=\"elementor-column elementor-col-50 elementor-inner-column elementor-element elementor-element-3c62a01\" data-id=\"3c62a01\" data-element_type=\"column\" data-e-type=\"column\">\n\t\t\t<div class=\"elementor-widget-wrap elementor-element-populated\">\n\t\t\t\t\t\t<div class=\"elementor-element elementor-element-83b8478 elementor-widget elementor-widget-image\" data-id=\"83b8478\" data-element_type=\"widget\" data-e-type=\"widget\" data-widget_type=\"image.default\">\n\t\t\t\t<div class=\"elementor-widget-container\">\n\t\t\t\t\t\t\t\t\t\t\t\t\t\t\t<img fetchpriority=\"high\" decoding=\"async\" width=\"510\" height=\"650\" src=\"https:\/\/www.kaskaloglu.com\/wp-content\/uploads\/2020\/08\/Implantable-Contact-Lens_big.jpg\" class=\"attachment-large size-large wp-image-7017\" alt=\"\" srcset=\"https:\/\/www.kaskaloglu.com\/wp-content\/uploads\/2020\/08\/Implantable-Contact-Lens_big.jpg 510w, https:\/\/www.kaskaloglu.com\/wp-content\/uploads\/2020\/08\/Implantable-Contact-Lens_big-235x300.jpg 235w\" sizes=\"(max-width: 510px) 100vw, 510px\" \/>\t\t\t\t\t\t\t\t\t\t\t\t\t\t\t<\/div>\n\t\t\t\t<\/div>\n\t\t\t\t\t<\/div>\n\t\t<\/div>\n\t\t\t\t\t<\/div>\n\t\t<\/section>\n\t\t\t\t\t<\/div>\n\t\t<\/div>\n\t\t\t\t\t<\/div>\n\t\t<\/section>\n\t\t\t\t<\/div>\n\t\t<p class=\"last-updated\">Son G\u00fcncelleme 11 august 2020 Saat 19:28 pm<\/p>","protected":false},"excerpt":{"rendered":"<p>ICL &#8211; Phakisk Implant Ved h\u00f8je brydningsfejl og for \u00f8jne, der ikke er egnet til laser-\u00f8jenoperation ICL ICL-Implanterbar kontaktlinser bruges prim\u00e6rt til behandling af patienter, hvis \u00f8jne ikke er egnet til Laser \u00d8jenoperationer p\u00e5 grund af h\u00f8je brydningsfejl eller uegnede hornhinder. Professor Kaskaloglu har mere end 20 \u00e5rs, og Dr.Bilgehan Sezgin Asena har mere end 10 \u00e5rs erfaring med denne teknik. Med dem varer denne operation mindre end 5 minutter. Vi bruger udelukkende Visian ICL fra Staar-selskabet, der har haft mere end 1000000 implantater over hele verden. Du kan f\u00e5 mere information om denne teknik fra dette websted:\u00a0Discovericl.com Er jeg en kandidat til ICL? De bedste kandidater til Visian ICL er i alderen 21 til 50 \u00e5r med moderat til sv\u00e6r n\u00e6rsynethed eller hyperopi med eller uden astigmatisme. Det er bedst, hvis kandidaten ikke har haft nogen tidligere oftalmisk operation og ikke har en historie med oftalmisk sygdom. s\u00e5som glaukom, iritis eller diabetisk retinopati. Hvad er fordelene ved ICL? Visian ICL og Toric ICL er i stand til at korrigere en bred vifte af n\u00e6rsynethed, hyperopi og astigmatisme uden fjernelse eller \u00f8del\u00e6ggelse af hornhindev\u00e6v. ICL er en lille, sammenfoldelig, injicerbar linse, der inds\u00e6ttes gennem et lille 3 mm snit, som ikke kr\u00e6ver suturer. ICL giver forudsigelige brydning resultater og fremragende synskvalitet p\u00e5 grund af dens placering inde i \u00f8jet samt dens optiske ydeevne. For mere info, bes\u00f8g:\u00a0https:\/\/discovericl.com\/ Kan de t\u00f8rre ud, blive snavsede som en kontaktlinse? Nej. Visian ICL er designet til at forblive p\u00e5 plads i \u00f8jet uden vedligeholdelse. En \u00e5rlig unders\u00f8gelse udf\u00f8rt af din \u00f8jenl\u00e6ge anbefales dog for at sikre dig, at alt er i orden. Kan ICL ses med det blotte \u00f8je? Nej. Fordi linsen er placeret bag iris, vil hverken du eller en observat\u00f8r v\u00e6re i stand til at identificere linsen p\u00e5 plads. Det kosmetiske udseende af Visian ICL er perfekt, og der er ingen m\u00e5de for en ikke-professionel at bem\u00e6rke, at en visuel korrektion er p\u00e5 plads. Hvad indeb\u00e6rer ICL-proceduren? ICL-operationen udf\u00f8res poliklinisk, hvilket betyder, at patienten opereres og forlader klinikken samme dag. Der administreres en let lokalbed\u00f8velse, og der er meget lidt ubehag og normalt ingen smerter forbundet med proceduren. Nogle dr\u00e5ber eller m\u00e5ske oral medicin kan ordineres. Son G\u00fcncelleme 11 august 2020 Saat 19:28 pm<\/p>\n","protected":false},"author":1,"featured_media":0,"parent":0,"menu_order":0,"comment_status":"closed","ping_status":"closed","template":"","meta":{"footnotes":""},"class_list":["post-6974","page","type-page","status-publish","hentry"],"_links":{"self":[{"href":"https:\/\/www.kaskaloglu.com\/da\/wp-json\/wp\/v2\/pages\/6974","targetHints":{"allow":["GET"]}}],"collection":[{"href":"https:\/\/www.kaskaloglu.com\/da\/wp-json\/wp\/v2\/pages"}],"about":[{"href":"https:\/\/www.kaskaloglu.com\/da\/wp-json\/wp\/v2\/types\/page"}],"author":[{"embeddable":true,"href":"https:\/\/www.kaskaloglu.com\/da\/wp-json\/wp\/v2\/users\/1"}],"replies":[{"embeddable":true,"href":"https:\/\/www.kaskaloglu.com\/da\/wp-json\/wp\/v2\/comments?post=6974"}],"version-history":[{"count":0,"href":"https:\/\/www.kaskaloglu.com\/da\/wp-json\/wp\/v2\/pages\/6974\/revisions"}],"wp:attachment":[{"href":"https:\/\/www.kaskaloglu.com\/da\/wp-json\/wp\/v2\/media?parent=6974"}],"curies":[{"name":"wp","href":"https:\/\/api.w.org\/{rel}","templated":true}]}}