{"id":6968,"date":"2020-02-13T05:45:36","date_gmt":"2020-02-13T05:45:36","guid":{"rendered":"https:\/\/www.kaskaloglu.com\/retinal-detachment\/"},"modified":"2020-08-11T19:30:26","modified_gmt":"2020-08-11T16:30:26","slug":"nethindeloesning","status":"publish","type":"page","link":"https:\/\/www.kaskaloglu.com\/da\/nethindeloesning\/","title":{"rendered":"Nethindel\u00f8sning"},"content":{"rendered":"\t\t<div data-elementor-type=\"wp-page\" data-elementor-id=\"6968\" class=\"elementor elementor-6968 elementor-4749\" data-elementor-post-type=\"page\">\n\t\t\t\t\t\t<section class=\"elementor-section elementor-top-section elementor-element elementor-element-cb2ef82 mainhead elementor-section-boxed elementor-section-height-default elementor-section-height-default wpr-particle-no wpr-jarallax-no wpr-parallax-no wpr-sticky-section-no\" data-id=\"cb2ef82\" data-element_type=\"section\" data-e-type=\"section\" data-settings=\"{&quot;background_background&quot;:&quot;classic&quot;}\">\n\t\t\t\t\t\t\t<div class=\"elementor-background-overlay\"><\/div>\n\t\t\t\t\t\t\t<div class=\"elementor-container elementor-column-gap-default\">\n\t\t\t\t\t<div class=\"elementor-column elementor-col-100 elementor-top-column elementor-element elementor-element-9a976be\" data-id=\"9a976be\" data-element_type=\"column\" data-e-type=\"column\">\n\t\t\t<div class=\"elementor-widget-wrap elementor-element-populated\">\n\t\t\t\t\t\t<div class=\"elementor-element elementor-element-b5be6bc elementor-widget elementor-widget-heading\" data-id=\"b5be6bc\" data-element_type=\"widget\" data-e-type=\"widget\" data-widget_type=\"heading.default\">\n\t\t\t\t<div class=\"elementor-widget-container\">\n\t\t\t\t\t<h1 class=\"elementor-heading-title elementor-size-default\">Nethindel\u00f8sning<\/h1>\t\t\t\t<\/div>\n\t\t\t\t<\/div>\n\t\t\t\t<div class=\"elementor-element elementor-element-fd55ffa elementor-widget elementor-widget-heading\" data-id=\"fd55ffa\" data-element_type=\"widget\" data-e-type=\"widget\" data-widget_type=\"heading.default\">\n\t\t\t\t<div class=\"elementor-widget-container\">\n\t\t\t\t\t<h1 class=\"elementor-heading-title elementor-size-default\">Retinal detachment is an emergency situation in which the retina at the back of the eye is detached from..<\/h1>\t\t\t\t<\/div>\n\t\t\t\t<\/div>\n\t\t\t\t<div class=\"elementor-element elementor-element-0aa93e8 elementor-widget-divider--view-line elementor-widget elementor-widget-divider\" data-id=\"0aa93e8\" data-element_type=\"widget\" data-e-type=\"widget\" data-widget_type=\"divider.default\">\n\t\t\t\t<div class=\"elementor-widget-container\">\n\t\t\t\t\t\t\t<div class=\"elementor-divider\">\n\t\t\t<span class=\"elementor-divider-separator\">\n\t\t\t\t\t\t<\/span>\n\t\t<\/div>\n\t\t\t\t\t\t<\/div>\n\t\t\t\t<\/div>\n\t\t\t\t\t<\/div>\n\t\t<\/div>\n\t\t\t\t\t<\/div>\n\t\t<\/section>\n\t\t\t\t<section class=\"elementor-section elementor-top-section elementor-element elementor-element-a747840 elementor-section-boxed elementor-section-height-default elementor-section-height-default wpr-particle-no wpr-jarallax-no wpr-parallax-no wpr-sticky-section-no\" data-id=\"a747840\" data-element_type=\"section\" data-e-type=\"section\">\n\t\t\t\t\t\t<div class=\"elementor-container elementor-column-gap-no\">\n\t\t\t\t\t<div class=\"elementor-column elementor-col-100 elementor-top-column elementor-element elementor-element-003aee1\" data-id=\"003aee1\" data-element_type=\"column\" data-e-type=\"column\">\n\t\t\t<div class=\"elementor-widget-wrap elementor-element-populated\">\n\t\t\t\t\t\t<section class=\"elementor-section elementor-inner-section elementor-element elementor-element-d4f048e elementor-reverse-mobile elementor-section-boxed elementor-section-height-default elementor-section-height-default wpr-particle-no wpr-jarallax-no wpr-parallax-no wpr-sticky-section-no\" data-id=\"d4f048e\" data-element_type=\"section\" data-e-type=\"section\">\n\t\t\t\t\t\t<div class=\"elementor-container elementor-column-gap-default\">\n\t\t\t\t\t<div class=\"elementor-column elementor-col-50 elementor-inner-column elementor-element elementor-element-0f19bfb\" data-id=\"0f19bfb\" data-element_type=\"column\" data-e-type=\"column\">\n\t\t\t<div class=\"elementor-widget-wrap elementor-element-populated\">\n\t\t\t\t\t\t<div class=\"elementor-element elementor-element-aa8ec6e elementor-widget elementor-widget-text-editor\" data-id=\"aa8ec6e\" data-element_type=\"widget\" data-e-type=\"widget\" data-widget_type=\"text-editor.default\">\n\t\t\t\t<div class=\"elementor-widget-container\">\n\t\t\t\t\t\t\t\t\t<p>Nethindel\u00f8sning er en n\u00f8dsituation, hvor nethinden bag p\u00e5 \u00f8jet l\u00f8snes fra sin normale position. Da nethindel\u00f8sning ikke kan heles i sig selv, skal patienter opereres s\u00e5 hurtigt som muligt. Jo l\u00e6ngere netthindel\u00f8sningen g\u00e5r ubehandlet, jo st\u00f8rre er din risiko for permanent synstab i det ber\u00f8rte \u00f8je.<\/p><p>Nethindel\u00f8sning i sig selv er smertefrit. Men advarselsskilte vises n\u00e6sten altid, f\u00f8r de forekommer eller er fremskredne, s\u00e5som:<\/p><p>&#8211; Mange pludsers pludselige fremkomst<br \/>&#8211; Blitzlys i det ene eller begge \u00f8jne (fotopsia)<br \/>&#8211; Sl\u00f8ret syn<br \/>&#8211; Nedsat sidesyn<br \/>&#8211; M\u00f8rkt omr\u00e5de over dit synsfelt<\/p>\t\t\t\t\t\t\t\t<\/div>\n\t\t\t\t<\/div>\n\t\t\t\t\t<\/div>\n\t\t<\/div>\n\t\t\t\t<div class=\"elementor-column elementor-col-50 elementor-inner-column elementor-element elementor-element-3198f12\" data-id=\"3198f12\" data-element_type=\"column\" data-e-type=\"column\">\n\t\t\t<div class=\"elementor-widget-wrap elementor-element-populated\">\n\t\t\t\t\t\t<div class=\"elementor-element elementor-element-728c71d elementor-widget elementor-widget-image\" data-id=\"728c71d\" data-element_type=\"widget\" data-e-type=\"widget\" data-widget_type=\"image.default\">\n\t\t\t\t<div class=\"elementor-widget-container\">\n\t\t\t\t\t\t\t\t\t\t\t\t\t\t\t<img fetchpriority=\"high\" decoding=\"async\" width=\"800\" height=\"519\" src=\"https:\/\/www.kaskaloglu.com\/wp-content\/uploads\/2020\/02\/retinal-detachment_photo.jpg\" class=\"attachment-large size-large wp-image-4763\" alt=\"selma-kaskaloglu\" srcset=\"https:\/\/www.kaskaloglu.com\/wp-content\/uploads\/2020\/02\/retinal-detachment_photo.jpg 1000w, https:\/\/www.kaskaloglu.com\/wp-content\/uploads\/2020\/02\/retinal-detachment_photo-300x195.jpg 300w, https:\/\/www.kaskaloglu.com\/wp-content\/uploads\/2020\/02\/retinal-detachment_photo-768x498.jpg 768w\" sizes=\"(max-width: 800px) 100vw, 800px\" \/>\t\t\t\t\t\t\t\t\t\t\t\t\t\t\t<\/div>\n\t\t\t\t<\/div>\n\t\t\t\t\t<\/div>\n\t\t<\/div>\n\t\t\t\t\t<\/div>\n\t\t<\/section>\n\t\t\t\t<section class=\"elementor-section elementor-inner-section elementor-element elementor-element-d2b5252 elementor-section-boxed elementor-section-height-default elementor-section-height-default wpr-particle-no wpr-jarallax-no wpr-parallax-no wpr-sticky-section-no\" data-id=\"d2b5252\" data-element_type=\"section\" data-e-type=\"section\">\n\t\t\t\t\t\t<div class=\"elementor-container elementor-column-gap-default\">\n\t\t\t\t\t<div class=\"elementor-column elementor-col-50 elementor-inner-column elementor-element elementor-element-7d34d9b\" data-id=\"7d34d9b\" data-element_type=\"column\" data-e-type=\"column\">\n\t\t\t<div class=\"elementor-widget-wrap elementor-element-populated\">\n\t\t\t\t\t\t<div class=\"elementor-element elementor-element-d928b8e elementor-widget elementor-widget-text-editor\" data-id=\"d928b8e\" data-element_type=\"widget\" data-e-type=\"widget\" data-widget_type=\"text-editor.default\">\n\t\t\t\t<div class=\"elementor-widget-container\">\n\t\t\t\t\t\t\t\t\t<p><strong>Diagnose:<\/strong><\/p><p>Nethindel\u00f8sning diagnosticeres af \u00f8jenl\u00e6gen, der bruger et oftalmoskop til at kigge bagp\u00e5 \u00f8jet. En gang skjult netthindel\u00f8sning skjules af blod i vitreushulen, da ultralydunders\u00f8gelse hj\u00e6lper diagnosen.<\/p>\t\t\t\t\t\t\t\t<\/div>\n\t\t\t\t<\/div>\n\t\t\t\t\t<\/div>\n\t\t<\/div>\n\t\t\t\t<div class=\"elementor-column elementor-col-50 elementor-inner-column elementor-element elementor-element-b60a1da\" data-id=\"b60a1da\" data-element_type=\"column\" data-e-type=\"column\">\n\t\t\t<div class=\"elementor-widget-wrap elementor-element-populated\">\n\t\t\t\t\t\t<div class=\"elementor-element elementor-element-2d0dd14 elementor-widget elementor-widget-text-editor\" data-id=\"2d0dd14\" data-element_type=\"widget\" data-e-type=\"widget\" data-widget_type=\"text-editor.default\">\n\t\t\t\t<div class=\"elementor-widget-container\">\n\t\t\t\t\t\t\t\t\t<p><strong>Behandling:<\/strong><\/p><p>Nethindeavtagning starter altid med en t\u00e5re i nethinden, hvis patienten kommer til l\u00e6gen p\u00e5 dette stadium, laserfotokoagulering eller kryopexy kan forhindre yderligere adskillelse af nethinden. N\u00e5r nethinden er l\u00f8snet, er den eneste mulighed kirurgisk. Der er to muligheder: konventionel nethindel\u00f8sningskirurgi og vitrektomi. Din l\u00e6ge vil beslutte, hvilken teknik der skal bruges.<\/p><p>P\u00e5 Ka\u015fkalo\u011flu \u00d8jenklinik har vi prof. Tansu Erakg\u00fcn og prof. Erkin K\u0131r, som er specialister i denne type behandlinger.<\/p>\t\t\t\t\t\t\t\t<\/div>\n\t\t\t\t<\/div>\n\t\t\t\t\t<\/div>\n\t\t<\/div>\n\t\t\t\t\t<\/div>\n\t\t<\/section>\n\t\t\t\t\t<\/div>\n\t\t<\/div>\n\t\t\t\t\t<\/div>\n\t\t<\/section>\n\t\t\t\t<\/div>\n\t\t<p class=\"last-updated\">Son G\u00fcncelleme 11 august 2020 Saat 19:30 pm<\/p>","protected":false},"excerpt":{"rendered":"<p>Retinal detachment is an emergency situation in which the retina at the back of the eye is detached from.. Nethindel\u00f8sning er en n\u00f8dsituation, hvor nethinden bag p\u00e5 \u00f8jet l\u00f8snes fra sin normale position. Da nethindel\u00f8sning ikke kan heles i sig selv, skal patienter opereres s\u00e5 hurtigt som muligt. Jo l\u00e6ngere netthindel\u00f8sningen g\u00e5r ubehandlet, jo st\u00f8rre er din risiko for permanent synstab i det ber\u00f8rte \u00f8je. Nethindel\u00f8sning i sig selv er smertefrit. Men advarselsskilte vises n\u00e6sten altid, f\u00f8r de forekommer eller er fremskredne, s\u00e5som: &#8211; Mange pludsers pludselige fremkomst&#8211; Blitzlys i det ene eller begge \u00f8jne (fotopsia)&#8211; Sl\u00f8ret syn&#8211; Nedsat sidesyn&#8211; M\u00f8rkt omr\u00e5de over dit synsfelt Diagnose: Nethindel\u00f8sning diagnosticeres af \u00f8jenl\u00e6gen, der bruger et oftalmoskop til at kigge bagp\u00e5 \u00f8jet. En gang skjult netthindel\u00f8sning skjules af blod i vitreushulen, da ultralydunders\u00f8gelse hj\u00e6lper diagnosen. Behandling: Nethindeavtagning starter altid med en t\u00e5re i nethinden, hvis patienten kommer til l\u00e6gen p\u00e5 dette stadium, laserfotokoagulering eller kryopexy kan forhindre yderligere adskillelse af nethinden. N\u00e5r nethinden er l\u00f8snet, er den eneste mulighed kirurgisk. Der er to muligheder: konventionel nethindel\u00f8sningskirurgi og vitrektomi. Din l\u00e6ge vil beslutte, hvilken teknik der skal bruges. P\u00e5 Ka\u015fkalo\u011flu \u00d8jenklinik har vi prof. Tansu Erakg\u00fcn og prof. Erkin K\u0131r, som er specialister i denne type behandlinger. Son G\u00fcncelleme 11 august 2020 Saat 19:30 pm<\/p>\n","protected":false},"author":1,"featured_media":0,"parent":0,"menu_order":0,"comment_status":"closed","ping_status":"closed","template":"","meta":{"footnotes":""},"class_list":["post-6968","page","type-page","status-publish","hentry"],"_links":{"self":[{"href":"https:\/\/www.kaskaloglu.com\/da\/wp-json\/wp\/v2\/pages\/6968","targetHints":{"allow":["GET"]}}],"collection":[{"href":"https:\/\/www.kaskaloglu.com\/da\/wp-json\/wp\/v2\/pages"}],"about":[{"href":"https:\/\/www.kaskaloglu.com\/da\/wp-json\/wp\/v2\/types\/page"}],"author":[{"embeddable":true,"href":"https:\/\/www.kaskaloglu.com\/da\/wp-json\/wp\/v2\/users\/1"}],"replies":[{"embeddable":true,"href":"https:\/\/www.kaskaloglu.com\/da\/wp-json\/wp\/v2\/comments?post=6968"}],"version-history":[{"count":0,"href":"https:\/\/www.kaskaloglu.com\/da\/wp-json\/wp\/v2\/pages\/6968\/revisions"}],"wp:attachment":[{"href":"https:\/\/www.kaskaloglu.com\/da\/wp-json\/wp\/v2\/media?parent=6968"}],"curies":[{"name":"wp","href":"https:\/\/api.w.org\/{rel}","templated":true}]}}